{"id":253186,"date":"2022-10-21T10:28:35","date_gmt":"2022-10-21T08:28:35","guid":{"rendered":"http:\/\/dev.claret.cat\/producte\/todo-esta-bien\/"},"modified":"2023-01-28T06:08:54","modified_gmt":"2023-01-28T05:08:54","slug":"todo-esta-bien-9788490660768","status":"publish","type":"product","link":"https:\/\/www.claret.cat\/es\/libro\/todo-esta-bien-9788490660768\/","title":{"rendered":"TODO EST\u00c1 BIEN"},"content":{"rendered":"<p>Una noche de victoria electoral, un consejero de Fomento, bien situado para liderar el partido, euf\u00f3rico y con exceso de alcohol, quiere rematar la noche contratando los servicios de una prostituta. Entre las brumas de la resaca del d\u00eda siguiente, recuerda que ha perdido la cartera y el tel\u00e9fono m\u00f3vil, y que seguramente la prostituta era un travesti. Los mundos de ambos ?el del tr\u00e1fico de drogas, el proxenetismo, el de un periodista arruinado que conoce al travesti, y, por parte del pol\u00edtico, el partido, su gabinete de prensa y la familia? van a colisionar por un azar imprevisto, y sobre todo por la intervenci\u00f3n de un bloguero que quiere conseguir una noticia de impacto en las redes sociales.<\/p>\n","protected":false},"excerpt":{"rendered":"<p>RUIZ GARC\u00cdA, DANIEL<\/p>\n","protected":false},"featured_media":253187,"template":"","meta":{"_acf_changed":false,"om_disable_all_campaigns":false,"rs_blank_template":"","rs_page_bg_color":"","slide_template_v7":"","inline_featured_image":false,"_monsterinsights_skip_tracking":false,"_monsterinsights_sitenote_active":false,"_monsterinsights_sitenote_note":"","_monsterinsights_sitenote_category":0},"product_brand":[],"product_cat":[16],"product_tag":[],"class_list":{"0":"post-253186","1":"product","2":"type-product","3":"status-publish","4":"has-post-thumbnail","6":"product_cat-sense-categoria","8":"first","9":"instock","10":"taxable","11":"shipping-taxable","12":"purchasable","13":"product-type-simple"},"acf":{"autor":"RUIZ GARC\u00cdA, DANIEL","codart":"849066076","libros-coleccion":"","ediciones":"1","encuadernacion":"R\u00fastica","fecha_de_publicacion":"01\/04\/2015","novedad":"0","paginas":"224","subtitulo":"","orden":"999","portada":"0","idioma":"spa","editorial":[{"ID":8271,"post_author":"3","post_date":"2022-09-30 09:21:39","post_date_gmt":"2022-09-30 07:21:39","post_content":"","post_title":"TUSQUETS EDITORES","post_excerpt":"","post_status":"publish","comment_status":"closed","ping_status":"closed","post_password":"","post_name":"tusquets-editores","to_ping":"","pinged":"","post_modified":"2022-09-30 09:21:39","post_modified_gmt":"2022-09-30 07:21:39","post_content_filtered":"","post_parent":0,"guid":"http:\/\/dev.claret.cat\/editorial\/tusquets-editores\/","menu_order":0,"post_type":"editorial","post_mime_type":"","comment_count":"0","filter":"raw"}]},"aioseo_notices":[],"_links":{"self":[{"href":"https:\/\/www.claret.cat\/es\/wp-json\/wp\/v2\/product\/253186","targetHints":{"allow":["GET"]}}],"collection":[{"href":"https:\/\/www.claret.cat\/es\/wp-json\/wp\/v2\/product"}],"about":[{"href":"https:\/\/www.claret.cat\/es\/wp-json\/wp\/v2\/types\/product"}],"wp:featuredmedia":[{"embeddable":true,"href":"https:\/\/www.claret.cat\/es\/wp-json\/wp\/v2\/media\/253187"}],"wp:attachment":[{"href":"https:\/\/www.claret.cat\/es\/wp-json\/wp\/v2\/media?parent=253186"}],"wp:term":[{"taxonomy":"product_brand","embeddable":true,"href":"https:\/\/www.claret.cat\/es\/wp-json\/wp\/v2\/product_brand?post=253186"},{"taxonomy":"product_cat","embeddable":true,"href":"https:\/\/www.claret.cat\/es\/wp-json\/wp\/v2\/product_cat?post=253186"},{"taxonomy":"product_tag","embeddable":true,"href":"https:\/\/www.claret.cat\/es\/wp-json\/wp\/v2\/product_tag?post=253186"}],"curies":[{"name":"wp","href":"https:\/\/api.w.org\/{rel}","templated":true}]}}