{"id":253201,"date":"2022-10-21T10:28:56","date_gmt":"2022-10-21T08:28:56","guid":{"rendered":"http:\/\/dev.claret.cat\/producte\/sumision-2\/"},"modified":"2023-01-28T06:39:31","modified_gmt":"2023-01-28T05:39:31","slug":"sumision-9788433979230","status":"publish","type":"product","link":"https:\/\/www.claret.cat\/es\/libro\/sumision-9788433979230\/","title":{"rendered":"SUMISI\u00d3N"},"content":{"rendered":"<p>Francia, en un futuro pr\u00f3ximo. A las puertas de las elecciones presidenciales de 2022. Los partidos tradicionales se han hundido en las encuestas y Mohammed Ben Abbes, carism\u00e1tico l\u00edder de una nueva formaci\u00f3n islamista moderada, derrota con el apoyo de los socialistas y de la derecha a la candidata del Frente Nacional en la segunda vuelta. Fran\u00e7ois, un profesor universitario hastiado de la docencia y de su vida sexual, que a sus cuarenta a\u00f1os se hab\u00eda resignado a una vida aburrida pero sosegada, ve c\u00f3mo la r\u00e1pida transformaci\u00f3n que sucede a la llegada del nuevo presidente al El\u00edseo altera la vida cotidiana de los franceses y le depara a \u00e9l un inesperado futuro. Los jud\u00edos han emigrado a Israel, en las calles las mujeres han cambiado las faldas por conjuntos de blusas largas y pantalones, y algunos comercios han cerrado sus puertas o reorientado el negocio. Y la Sorbona es ahora una universidad isl\u00e1mica en la que los profesores conversos gozan de excelentes salarios y tienen derecho a la poligamia. Al igual que Huysmans, el escritor del siglo XIX convertido al catolicismo al que consagr\u00f3 su tesis, Fran\u00e7ois sopesar\u00e1 pronunciar las palabras que le abrir\u00e1n las puertas de la religi\u00f3n isl\u00e1mica y de una nueva vida: \u00abNo hay m\u00e1s dios que Al\u00e1 y Mahoma es su profeta.\u00bb<br \/> Sumisi\u00f3n lleg\u00f3 a las librer\u00edas francesas el mismo d\u00eda del tr\u00e1gico atentado contra Charlie Hebdo y Houellebecq, acusado de islamofobia o de dar alas a la extrema derecha, afirm\u00f3: \u00abNo tomo partido, no defiendo ning\u00fan r\u00e9gimen. Deniego toda responsabilidad. He acelerado la historia, pero no puedo decir que sea una provocaci\u00f3n, porque no digo cosas que considere falsas s\u00f3lo para poner nerviosos a los dem\u00e1s.\u00bb M\u00e1s all\u00e1 de la pol\u00e9mica, Sumisi\u00f3n es una novela de \u00abpol\u00edtica ficci\u00f3n\u00bb -como 1984 y Un mundo feliz-, una turbadora f\u00e1bula pol\u00edtica y moral, en la que coexisten intuiciones po\u00e9ticas, efectos c\u00f3micos y una melancol\u00eda fatalista.<br \/> \u00abSi hay alguien hoy, en la literatura mundial, que reflexiona sobre la enorme mutaci\u00f3n que todos sentimos que se halla en curso sin que tengamos los medios para analizarla, es Houellebecq\u00bb (Emmanuel Carr\u00e8re).<br \/> \u00abLa novela m\u00e1s densa e inquietante de Michel Houellebecq. Una meditaci\u00f3n sobre el declive de nuestra sociedad y el deseo de sumisi\u00f3n\u00bb (Guy Duplat).<br \/> \u00abDivertida, impertinente y desesperada, Sumisi\u00f3n esconde una inaudita lecci\u00f3n. Menos escandalosa de lo que se ha dicho y m\u00e1s sutil de lo que parece\u00bb (S\u00e9bastien Lapaque, Le Figaro).<br \/> \u00abMichel Houellebecq describe el malestar desde el interior, como un m\u00e9dico, m\u00e1s interesado en sanar que en denunciar\u00bb (Pascal Bruckner).<br \/> \u00abSumisi\u00f3n marca uno de esos hitos excepcionales en los que la pol\u00edtica y el arte coinciden. El m\u00e1s destacado mis\u00e1ntropo literario europeo ofrece una visi\u00f3n fascinante y asombrosamente pesimista de la naturaleza humana\u00bb (Christopher de Bellaigue, The Guardian).<br \/> \u00abNo es s\u00f3lo un escritor de s\u00e1tiras sino que es un &#8216;sincero&#8217; escritor de s\u00e1tiras, francamente entristecido ante los disparates de la historia y la locura humana, y eso es m\u00e1s inusual\u00bb (Adam Gopnik, The New Yorker).<br \/> \u00abHouellebecq es uno de los observadores m\u00e1s talentosos de las mentiras y contradicciones de nuestras existencias\u00bb (Iris Radisch, Die Zeit).<\/p>\n","protected":false},"excerpt":{"rendered":"<p>HOUELLEBECQ, MICHEL<\/p>\n","protected":false},"featured_media":253202,"template":"","meta":{"_acf_changed":false,"om_disable_all_campaigns":false,"rs_blank_template":"","rs_page_bg_color":"","slide_template_v7":"","inline_featured_image":false,"_monsterinsights_skip_tracking":false,"_monsterinsights_sitenote_active":false,"_monsterinsights_sitenote_note":"","_monsterinsights_sitenote_category":0},"product_brand":[],"product_cat":[16],"product_tag":[],"class_list":{"0":"post-253201","1":"product","2":"type-product","3":"status-publish","4":"has-post-thumbnail","6":"product_cat-sense-categoria","8":"first","9":"instock","10":"taxable","11":"shipping-taxable","12":"purchasable","13":"product-type-simple"},"acf":{"autor":"HOUELLEBECQ, MICHEL","codart":"843397923","libros-coleccion":"","ediciones":"1","encuadernacion":"R\u00fastica","fecha_de_publicacion":"01\/04\/2015","novedad":"0","paginas":"280","subtitulo":"","orden":"999","portada":"0","idioma":"spa","editorial":[{"ID":147428,"post_author":"3","post_date":"2022-10-14 11:50:30","post_date_gmt":"2022-10-14 09:50:30","post_content":"","post_title":"ANAGRAMA","post_excerpt":"","post_status":"publish","comment_status":"closed","ping_status":"closed","post_password":"","post_name":"anagrama","to_ping":"","pinged":"","post_modified":"2022-10-14 11:50:30","post_modified_gmt":"2022-10-14 09:50:30","post_content_filtered":"","post_parent":0,"guid":"http:\/\/dev.claret.cat\/editorial\/anagrama\/","menu_order":0,"post_type":"editorial","post_mime_type":"","comment_count":"0","filter":"raw"}],"autores-libros":[{"ID":5845,"post_author":"3","post_date":"2022-07-28 17:32:43","post_date_gmt":"2022-07-28 15:32:43","post_content":"","post_title":"MICHEL HOUELLEBECQ","post_excerpt":"","post_status":"publish","comment_status":"closed","ping_status":"closed","post_password":"","post_name":"michel-houellebecq","to_ping":"","pinged":"","post_modified":"2022-07-28 17:32:43","post_modified_gmt":"2022-07-28 15:32:43","post_content_filtered":"","post_parent":0,"guid":"http:\/\/dev.claret.cat\/autor\/michel-houellebecq\/","menu_order":0,"post_type":"autor","post_mime_type":"","comment_count":"0","filter":"raw"}]},"aioseo_notices":[],"_links":{"self":[{"href":"https:\/\/www.claret.cat\/es\/wp-json\/wp\/v2\/product\/253201","targetHints":{"allow":["GET"]}}],"collection":[{"href":"https:\/\/www.claret.cat\/es\/wp-json\/wp\/v2\/product"}],"about":[{"href":"https:\/\/www.claret.cat\/es\/wp-json\/wp\/v2\/types\/product"}],"wp:featuredmedia":[{"embeddable":true,"href":"https:\/\/www.claret.cat\/es\/wp-json\/wp\/v2\/media\/253202"}],"wp:attachment":[{"href":"https:\/\/www.claret.cat\/es\/wp-json\/wp\/v2\/media?parent=253201"}],"wp:term":[{"taxonomy":"product_brand","embeddable":true,"href":"https:\/\/www.claret.cat\/es\/wp-json\/wp\/v2\/product_brand?post=253201"},{"taxonomy":"product_cat","embeddable":true,"href":"https:\/\/www.claret.cat\/es\/wp-json\/wp\/v2\/product_cat?post=253201"},{"taxonomy":"product_tag","embeddable":true,"href":"https:\/\/www.claret.cat\/es\/wp-json\/wp\/v2\/product_tag?post=253201"}],"curies":[{"name":"wp","href":"https:\/\/api.w.org\/{rel}","templated":true}]}}