{"id":253244,"date":"2022-10-21T10:29:51","date_gmt":"2022-10-21T08:29:51","guid":{"rendered":"http:\/\/dev.claret.cat\/producte\/apostoles-libro-para-colorear\/"},"modified":"2023-01-28T21:00:48","modified_gmt":"2023-01-28T20:00:48","slug":"apostoles-libro-para-colorear-9788494336034","status":"publish","type":"product","link":"https:\/\/www.claret.cat\/es\/libro\/apostoles-libro-para-colorear-9788494336034\/","title":{"rendered":"AP\u00d3STOLES. LIBRO PARA COLOREAR"},"content":{"rendered":"<p>Los ap\u00f3stoles fueron los amigos m\u00e1s cercanos que tuvo Jes\u00fas. Fueron 12 y le acompa\u00f1aron durante su vida y despu\u00e9s de su muerte dieron testimonio de lo que hab\u00edan vivido junto al hijo de Dios. Fueron los embajadores de Jes\u00fas. Eran hombres normales, pescadores, recaudadores de impuestos\u2026 y recibieron el magn\u00edfico encargo de llevar el evangelio del Se\u00f1or a todas las naciones y gracias a ellos, que contaron y escribieron lo que vieron y vivieron, nosotros hoy conocemos muchas cosas de la vida de Jes\u00fas. Cualquiera de nosotros puede identificarse con Juan, con Pedro, con Andr\u00e9s. Trabajaban, ten\u00edan familia, preocupaciones como todos, pero un d\u00eda les sucedi\u00f3 algo que les cambi\u00f3 la vida: \u00a1Se encontraron con Jes\u00fas! Y desde entonces nada volvi\u00f3 a ser igual para ellos hasta el punto de que todos menos uno dieron la vida por anunciar que hab\u00edan encontrado al Mes\u00edas. Seg\u00fan hemos sabido de generaci\u00f3n en generaci\u00f3n y gracias a las escrituras, Felipe ten\u00eda la virtud de la paciencia, Tom\u00e1s era bondadoso, Pablo era un hombre con un conocimiento elevado y cada uno de ellos ten\u00eda, como los hombres de hoy, virtudes y defectos. Pedro neg\u00f3 al se\u00f1or, Judas le traicion\u00f3 por 30 monedas de plata pero Jes\u00fas nunca dej\u00f3 de quererles, como un padre quiere a sus hijos, estableciendo as\u00ed el principio de la amistad y la fraternidad entre los hombres. Aprende y colorea con los ap\u00f3stoles.<\/p>\n","protected":false},"excerpt":{"rendered":"<p>CREO<\/p>\n","protected":false},"featured_media":253245,"template":"","meta":{"_acf_changed":false,"om_disable_all_campaigns":false,"rs_blank_template":"","rs_page_bg_color":"","slide_template_v7":"","inline_featured_image":false,"_monsterinsights_skip_tracking":false,"_monsterinsights_sitenote_active":false,"_monsterinsights_sitenote_note":"","_monsterinsights_sitenote_category":0},"product_brand":[],"product_cat":[16],"product_tag":[],"class_list":{"0":"post-253244","1":"product","2":"type-product","3":"status-publish","4":"has-post-thumbnail","6":"product_cat-sense-categoria","8":"first","9":"instock","10":"taxable","11":"shipping-taxable","12":"purchasable","13":"product-type-simple"},"acf":{"autor":"CREO","codart":"849433603","libros-coleccion":"","ediciones":"1","encuadernacion":"Grapado","fecha_de_publicacion":"01\/04\/2015","novedad":"0","paginas":"24","subtitulo":"","orden":"999","portada":"0","idioma":"spa","editorial":[{"ID":147673,"post_author":"3","post_date":"2022-10-14 11:52:22","post_date_gmt":"2022-10-14 09:52:22","post_content":"","post_title":"CREO","post_excerpt":"","post_status":"publish","comment_status":"closed","ping_status":"closed","post_password":"","post_name":"creo","to_ping":"","pinged":"","post_modified":"2022-10-14 11:52:22","post_modified_gmt":"2022-10-14 09:52:22","post_content_filtered":"","post_parent":0,"guid":"http:\/\/dev.claret.cat\/editorial\/creo\/","menu_order":0,"post_type":"editorial","post_mime_type":"","comment_count":"0","filter":"raw"}],"autores-libros":[{"ID":153281,"post_author":"3","post_date":"2022-10-14 14:55:31","post_date_gmt":"2022-10-14 12:55:31","post_content":"","post_title":"CREO","post_excerpt":"","post_status":"publish","comment_status":"closed","ping_status":"closed","post_password":"","post_name":"creo","to_ping":"","pinged":"","post_modified":"2022-10-14 14:55:31","post_modified_gmt":"2022-10-14 12:55:31","post_content_filtered":"","post_parent":0,"guid":"http:\/\/dev.claret.cat\/autor\/creo\/","menu_order":0,"post_type":"autor","post_mime_type":"","comment_count":"0","filter":"raw"}]},"aioseo_notices":[],"_links":{"self":[{"href":"https:\/\/www.claret.cat\/es\/wp-json\/wp\/v2\/product\/253244","targetHints":{"allow":["GET"]}}],"collection":[{"href":"https:\/\/www.claret.cat\/es\/wp-json\/wp\/v2\/product"}],"about":[{"href":"https:\/\/www.claret.cat\/es\/wp-json\/wp\/v2\/types\/product"}],"wp:featuredmedia":[{"embeddable":true,"href":"https:\/\/www.claret.cat\/es\/wp-json\/wp\/v2\/media\/253245"}],"wp:attachment":[{"href":"https:\/\/www.claret.cat\/es\/wp-json\/wp\/v2\/media?parent=253244"}],"wp:term":[{"taxonomy":"product_brand","embeddable":true,"href":"https:\/\/www.claret.cat\/es\/wp-json\/wp\/v2\/product_brand?post=253244"},{"taxonomy":"product_cat","embeddable":true,"href":"https:\/\/www.claret.cat\/es\/wp-json\/wp\/v2\/product_cat?post=253244"},{"taxonomy":"product_tag","embeddable":true,"href":"https:\/\/www.claret.cat\/es\/wp-json\/wp\/v2\/product_tag?post=253244"}],"curies":[{"name":"wp","href":"https:\/\/api.w.org\/{rel}","templated":true}]}}