{"id":253287,"date":"2022-10-21T10:30:52","date_gmt":"2022-10-21T08:30:52","guid":{"rendered":"http:\/\/dev.claret.cat\/producte\/refresca-amb-la-tina-superbruixa-1r-primaria\/"},"modified":"2023-01-28T20:52:47","modified_gmt":"2023-01-28T19:52:47","slug":"refresca-amb-la-tina-superbruixa-1r-primaria-9788499061894","status":"publish","type":"product","link":"https:\/\/www.claret.cat\/es\/libro\/refresca-amb-la-tina-superbruixa-1r-primaria-9788499061894\/","title":{"rendered":"REFRESCA AMB LA TINA SUPERBRUIXA 1R PRIM\u00c0RIA"},"content":{"rendered":"<p>Els quaderns En vacances refresca amb Tina serveixen perqu\u00e8 els alumnes:<br \/> &#8211; Repassin els continguts escolars adquirits durant el curs.<br \/> &#8211; Aprenguin a organitzar-se el temps.<\/p>\n<p> Son molt f\u00e0cils d&#8221;utilitzar, perqu\u00e8 estan organitzats en vuit setmanes i en cada etapa hi ha activitats de Llengua catalana, Matem\u00e0tiques, Naturals, Socials i Angl\u00e8s.<\/p>\n<p> Per als professors o als padres, hi hem incl\u00f2s un solucionari separable i suggeriments de lectures.<\/p>\n","protected":false},"excerpt":{"rendered":"<p>AAVV<\/p>\n","protected":false},"featured_media":253288,"template":"","meta":{"_acf_changed":false,"om_disable_all_campaigns":false,"rs_blank_template":"","rs_page_bg_color":"","slide_template_v7":"","inline_featured_image":false,"_monsterinsights_skip_tracking":false,"_monsterinsights_sitenote_active":false,"_monsterinsights_sitenote_note":"","_monsterinsights_sitenote_category":0},"product_brand":[],"product_cat":[16],"product_tag":[],"class_list":{"0":"post-253287","1":"product","2":"type-product","3":"status-publish","4":"has-post-thumbnail","6":"product_cat-sense-categoria","8":"first","9":"instock","10":"taxable","11":"shipping-taxable","12":"purchasable","13":"product-type-simple"},"acf":{"autor":"AAVV","codart":"849906189","libros-coleccion":"","ediciones":"1","encuadernacion":"R\u00fastica","fecha_de_publicacion":"01\/04\/2015","novedad":"0","paginas":"79","subtitulo":"","orden":"999","portada":"0","idioma":"cat","autores-libros":[{"ID":8279,"post_author":"3","post_date":"2022-09-30 09:47:23","post_date_gmt":"2022-09-30 07:47:23","post_content":"","post_title":"AAVV","post_excerpt":"","post_status":"publish","comment_status":"closed","ping_status":"closed","post_password":"","post_name":"aavv","to_ping":"","pinged":"","post_modified":"2022-09-30 09:47:23","post_modified_gmt":"2022-09-30 07:47:23","post_content_filtered":"","post_parent":0,"guid":"http:\/\/dev.claret.cat\/autor\/aavv\/","menu_order":0,"post_type":"autor","post_mime_type":"","comment_count":"0","filter":"raw"}]},"aioseo_notices":[],"_links":{"self":[{"href":"https:\/\/www.claret.cat\/es\/wp-json\/wp\/v2\/product\/253287","targetHints":{"allow":["GET"]}}],"collection":[{"href":"https:\/\/www.claret.cat\/es\/wp-json\/wp\/v2\/product"}],"about":[{"href":"https:\/\/www.claret.cat\/es\/wp-json\/wp\/v2\/types\/product"}],"wp:featuredmedia":[{"embeddable":true,"href":"https:\/\/www.claret.cat\/es\/wp-json\/wp\/v2\/media\/253288"}],"wp:attachment":[{"href":"https:\/\/www.claret.cat\/es\/wp-json\/wp\/v2\/media?parent=253287"}],"wp:term":[{"taxonomy":"product_brand","embeddable":true,"href":"https:\/\/www.claret.cat\/es\/wp-json\/wp\/v2\/product_brand?post=253287"},{"taxonomy":"product_cat","embeddable":true,"href":"https:\/\/www.claret.cat\/es\/wp-json\/wp\/v2\/product_cat?post=253287"},{"taxonomy":"product_tag","embeddable":true,"href":"https:\/\/www.claret.cat\/es\/wp-json\/wp\/v2\/product_tag?post=253287"}],"curies":[{"name":"wp","href":"https:\/\/api.w.org\/{rel}","templated":true}]}}