{"id":253314,"date":"2022-10-21T10:31:31","date_gmt":"2022-10-21T08:31:31","guid":{"rendered":"http:\/\/dev.claret.cat\/producte\/un-corazon-atribulado\/"},"modified":"2025-05-09T10:50:18","modified_gmt":"2025-05-09T08:50:18","slug":"un-corazon-atribulado-9788416035069","status":"publish","type":"product","link":"https:\/\/www.claret.cat\/es\/libro\/un-corazon-atribulado-9788416035069\/","title":{"rendered":"UN CORAZ\u00d3N ATRIBULADO"},"content":{"rendered":"<p>La madurez art\u00edstica de una carrera<br \/> fraguada en el coraz\u00f3n de un ni\u00f1o peque\u00f1o<\/p>\n<p> Con la experiencia adquirida en Hollywood como guionista, la narrativa de George R.&#8201;R.&#8198;Martin gan\u00f3 en audiencia y complejidad al tiempo que transgred\u00eda las fronteras del fant\u00e1stico y daba vida a personajes que han arraigado con fuerza en el imaginario del siglo xxi. Pero siempre con una constante: son personajes vinculados a escenarios muy espec\u00edficos y, ya sean futuristas, fant\u00e1sticos o terror\u00edficos, codifican en s\u00ed mismos sus conflictos internos al tiempo que permean cada aspecto de su car\u00e1cter.<br \/> El colof\u00f3n de esta complet\u00edsima recopilaci\u00f3n recoge, para disfrute de lectores antiguos y nuevos, una muestra del trabajo de Martin en la serie Wild Cards, su personal\u00edsima reelaboraci\u00f3n del mito de la licantrop\u00eda en &#8216;Tr\u00e1fico de piel&#8217;, un juego diab\u00f3lico en &#8216;La flor de cristal&#8217;, y la novela corta &#8216;El caballero errante&#8217;, con las primeras andanzas de Dunk y Egg en los Siete Reinos, a\u00f1os antes del inicio de Juego de tronos.<\/p>\n<p> \u00abUn derviche literario cautivador.\u00bb <br \/> The New York Times<\/p>\n","protected":false},"excerpt":{"rendered":"<p>MARTIN, GEORGE R.R.<\/p>\n","protected":false},"featured_media":1020638,"template":"","meta":{"_acf_changed":false,"om_disable_all_campaigns":false,"rs_blank_template":"","rs_page_bg_color":"","slide_template_v7":"","inline_featured_image":false,"_monsterinsights_skip_tracking":false,"_monsterinsights_sitenote_active":false,"_monsterinsights_sitenote_note":"","_monsterinsights_sitenote_category":0},"product_brand":[],"product_cat":[87,353],"product_tag":[],"class_list":{"0":"post-253314","1":"product","2":"type-product","3":"status-publish","4":"has-post-thumbnail","6":"product_cat-literatura","7":"product_cat-literatura-2_humanidades","9":"first","10":"outofstock","11":"taxable","12":"shipping-taxable","13":"purchasable","14":"product-type-simple"},"acf":{"autor":"MARTIN, GEORGE R.R.","codart":"841603506","libros-coleccion":"Gigamesh Ficci\u00f3n","ediciones":"1","encuadernacion":"R\u00fastica","fecha_de_publicacion":"01\/04\/2015","novedad":"1","paginas":"476","subtitulo":"AUTOBIOGRAF\u00cdA LITERARIA \/ 3","orden":"0","portada":"0","idioma":"spa","editorial":[{"ID":148210,"post_author":"3","post_date":"2022-10-14 11:56:29","post_date_gmt":"2022-10-14 09:56:29","post_content":"","post_title":"Gigamesh","post_excerpt":"","post_status":"publish","comment_status":"closed","ping_status":"closed","post_password":"","post_name":"gigamesh","to_ping":"","pinged":"","post_modified":"2022-10-14 11:56:29","post_modified_gmt":"2022-10-14 09:56:29","post_content_filtered":"","post_parent":0,"guid":"http:\/\/dev.claret.cat\/editorial\/gigamesh\/","menu_order":0,"post_type":"editorial","post_mime_type":"","comment_count":"0","filter":"raw"}],"autores-libros":[{"ID":156742,"post_author":"3","post_date":"2022-10-14 15:23:15","post_date_gmt":"2022-10-14 13:23:15","post_content":"","post_title":"GEORGE R.R. MARTIN","post_excerpt":"","post_status":"publish","comment_status":"closed","ping_status":"closed","post_password":"","post_name":"george-r-r-martin-4","to_ping":"","pinged":"","post_modified":"2022-10-14 15:23:15","post_modified_gmt":"2022-10-14 13:23:15","post_content_filtered":"","post_parent":0,"guid":"http:\/\/dev.claret.cat\/autor\/george-r-r-martin-4\/","menu_order":0,"post_type":"autor","post_mime_type":"","comment_count":"0","filter":"raw"}],"booktrailer":"","resenas":""},"aioseo_notices":[],"_links":{"self":[{"href":"https:\/\/www.claret.cat\/es\/wp-json\/wp\/v2\/product\/253314","targetHints":{"allow":["GET"]}}],"collection":[{"href":"https:\/\/www.claret.cat\/es\/wp-json\/wp\/v2\/product"}],"about":[{"href":"https:\/\/www.claret.cat\/es\/wp-json\/wp\/v2\/types\/product"}],"wp:featuredmedia":[{"embeddable":true,"href":"https:\/\/www.claret.cat\/es\/wp-json\/wp\/v2\/media\/1020638"}],"wp:attachment":[{"href":"https:\/\/www.claret.cat\/es\/wp-json\/wp\/v2\/media?parent=253314"}],"wp:term":[{"taxonomy":"product_brand","embeddable":true,"href":"https:\/\/www.claret.cat\/es\/wp-json\/wp\/v2\/product_brand?post=253314"},{"taxonomy":"product_cat","embeddable":true,"href":"https:\/\/www.claret.cat\/es\/wp-json\/wp\/v2\/product_cat?post=253314"},{"taxonomy":"product_tag","embeddable":true,"href":"https:\/\/www.claret.cat\/es\/wp-json\/wp\/v2\/product_tag?post=253314"}],"curies":[{"name":"wp","href":"https:\/\/api.w.org\/{rel}","templated":true}]}}