{"id":253365,"date":"2022-10-21T10:32:49","date_gmt":"2022-10-21T08:32:49","guid":{"rendered":"http:\/\/dev.claret.cat\/producte\/el-sac-dels-records\/"},"modified":"2023-01-28T22:20:22","modified_gmt":"2023-01-28T21:20:22","slug":"el-sac-dels-records-9788415232995","status":"publish","type":"product","link":"https:\/\/www.claret.cat\/es\/libro\/el-sac-dels-records-9788415232995\/","title":{"rendered":"EL SAC DELS RECORDS"},"content":{"rendered":"<p>He acabat de remenar el sac dels records amb el bon humor d\u2019un vell que no s\u2019hi veu, que no pot escriure, per\u00f2 que encara t\u00e9 prou taruta per no enrabiar-se amb ning\u00fa i anar a la seva. De vell puc dir que tornes a tenir la mirada d\u2019un carallot que comen\u00e7ava a jugar a futbol. N\u2019he ballades de totes, bones i males; a la vida m\u2019han burxat, per\u00f2 no puc dir que m\u2019hi hagi avorrit. S\u00f3c capell\u00e0, he tingut la sort de no estar ficat en el m\u00f3n clerical, de manera que mai no he fet la punyeta al bisbe i m\u2019he pogut donar a la gent. Ara, aix\u00ed de gran, tot all\u00f2 que m\u2019ha passat \u00e9s vist des d\u2019un somriure gaireb\u00e9 divertit. Acubillat pel rector que em va inspirar moss\u00e8n Tronxo, el poble de G\u00f3sol m\u2019ha fet seu i em reca no ser prou llest per jugar-hi a la botifarra. D\u00e9u m\u2019ha protegit i sa Mare se m\u2019ha fet bressol.<\/p>\n","protected":false},"excerpt":{"rendered":"<p>BALLARIN, JOSEP M.<\/p>\n","protected":false},"featured_media":276571,"template":"","meta":{"_acf_changed":false,"om_disable_all_campaigns":false,"rs_blank_template":"","rs_page_bg_color":"","slide_template_v7":"","inline_featured_image":false,"_monsterinsights_skip_tracking":false,"_monsterinsights_sitenote_active":false,"_monsterinsights_sitenote_note":"","_monsterinsights_sitenote_category":0},"product_brand":[],"product_cat":[90,540],"product_tag":[],"class_list":{"0":"post-253365","1":"product","2":"type-product","3":"status-publish","4":"has-post-thumbnail","6":"product_cat-altres","7":"product_cat-otros","9":"first","10":"instock","11":"taxable","12":"shipping-taxable","13":"purchasable","14":"product-type-simple"},"acf":{"autor":"BALLARIN, JOSEP M.","codart":"841523299","libros-coleccion":"","ediciones":"1","encuadernacion":"R\u00fastica","fecha_de_publicacion":"01\/04\/2015","novedad":"0","paginas":"365","subtitulo":"","orden":"999","portada":"0","idioma":"cat","editorial":[{"ID":147966,"post_author":"3","post_date":"2022-10-14 11:54:36","post_date_gmt":"2022-10-14 09:54:36","post_content":"","post_title":"EDITORIAL EFADOS","post_excerpt":"","post_status":"publish","comment_status":"closed","ping_status":"closed","post_password":"","post_name":"editorial-efados","to_ping":"","pinged":"","post_modified":"2022-10-14 11:54:36","post_modified_gmt":"2022-10-14 09:54:36","post_content_filtered":"","post_parent":0,"guid":"http:\/\/dev.claret.cat\/editorial\/editorial-efados\/","menu_order":0,"post_type":"editorial","post_mime_type":"","comment_count":"0","filter":"raw"}],"autores-libros":[{"ID":269998,"post_author":"3","post_date":"2022-12-05 10:52:24","post_date_gmt":"2022-12-05 09:52:24","post_content":"","post_title":"JOSEP M. BALLARIN","post_excerpt":"","post_status":"publish","comment_status":"closed","ping_status":"closed","post_password":"","post_name":"josep-m-ballarin","to_ping":"","pinged":"","post_modified":"2022-12-05 10:52:24","post_modified_gmt":"2022-12-05 09:52:24","post_content_filtered":"","post_parent":0,"guid":"http:\/\/dev.claret.cat\/autor\/josep-m-ballarin\/","menu_order":0,"post_type":"autor","post_mime_type":"","comment_count":"0","filter":"raw"}]},"aioseo_notices":[],"_links":{"self":[{"href":"https:\/\/www.claret.cat\/es\/wp-json\/wp\/v2\/product\/253365","targetHints":{"allow":["GET"]}}],"collection":[{"href":"https:\/\/www.claret.cat\/es\/wp-json\/wp\/v2\/product"}],"about":[{"href":"https:\/\/www.claret.cat\/es\/wp-json\/wp\/v2\/types\/product"}],"wp:featuredmedia":[{"embeddable":true,"href":"https:\/\/www.claret.cat\/es\/wp-json\/wp\/v2\/media\/276571"}],"wp:attachment":[{"href":"https:\/\/www.claret.cat\/es\/wp-json\/wp\/v2\/media?parent=253365"}],"wp:term":[{"taxonomy":"product_brand","embeddable":true,"href":"https:\/\/www.claret.cat\/es\/wp-json\/wp\/v2\/product_brand?post=253365"},{"taxonomy":"product_cat","embeddable":true,"href":"https:\/\/www.claret.cat\/es\/wp-json\/wp\/v2\/product_cat?post=253365"},{"taxonomy":"product_tag","embeddable":true,"href":"https:\/\/www.claret.cat\/es\/wp-json\/wp\/v2\/product_tag?post=253365"}],"curies":[{"name":"wp","href":"https:\/\/api.w.org\/{rel}","templated":true}]}}