{"id":253368,"date":"2022-10-21T10:32:53","date_gmt":"2022-10-21T08:32:53","guid":{"rendered":"http:\/\/dev.claret.cat\/producte\/barcelona-desconeguda\/"},"modified":"2023-01-28T01:10:50","modified_gmt":"2023-01-28T00:10:50","slug":"barcelona-desconeguda-9788415232803","status":"publish","type":"product","link":"https:\/\/www.claret.cat\/es\/libro\/barcelona-desconeguda-9788415232803\/","title":{"rendered":"BARCELONA DESCONEGUDA"},"content":{"rendered":"<p>&#8216;Barcelona es presenta en aquest llibre mitjan\u00e7ant una selecci\u00f3 d&#8217;imatges emblem\u00e0tiques del primer segle d&#8217;hist\u00f2ria de la capital catalana capturat per la fotografia, d&#8217;en\u00e7\u00e0 del primer daguerreotip l&#8217;any 1839 &#8211;avui perdut&#8211; fins a finals de la Guerra Civil, el 1939. Per les seves p\u00e0gines desfila la Barcelona de mitjan se gle xix, les grans exposicions internacionals, la vida quotidiana del centre hist\u00f2ric i l&#8217;eclosi\u00f3 de l&#8217;Eixample monumental de la m\u00e0 dels fot\u00f2grafs m\u00e9s prestigiosos de l&#8217;\u00e8poca&#8217;<\/p>\n","protected":false},"excerpt":{"rendered":"<p>VENTEO, DANIEL<\/p>\n","protected":false},"featured_media":253369,"template":"","meta":{"_acf_changed":false,"om_disable_all_campaigns":false,"rs_blank_template":"","rs_page_bg_color":"","slide_template_v7":"","inline_featured_image":false,"_monsterinsights_skip_tracking":false,"_monsterinsights_sitenote_active":false,"_monsterinsights_sitenote_note":"","_monsterinsights_sitenote_category":0},"product_brand":[],"product_cat":[85,105],"product_tag":[],"class_list":{"0":"post-253368","1":"product","2":"type-product","3":"status-publish","4":"has-post-thumbnail","6":"product_cat-historia","7":"product_cat-regal","9":"first","10":"instock","11":"taxable","12":"shipping-taxable","13":"purchasable","14":"product-type-simple"},"acf":{"autor":"VENTEO, DANIEL","codart":"841523280","libros-coleccion":"","ediciones":"1","encuadernacion":"Carton\u00e9","fecha_de_publicacion":"01\/04\/2015","novedad":"0","paginas":"183","subtitulo":"","orden":"999","portada":"0","idioma":"cat","editorial":[{"ID":147966,"post_author":"3","post_date":"2022-10-14 11:54:36","post_date_gmt":"2022-10-14 09:54:36","post_content":"","post_title":"EDITORIAL EFADOS","post_excerpt":"","post_status":"publish","comment_status":"closed","ping_status":"closed","post_password":"","post_name":"editorial-efados","to_ping":"","pinged":"","post_modified":"2022-10-14 11:54:36","post_modified_gmt":"2022-10-14 09:54:36","post_content_filtered":"","post_parent":0,"guid":"http:\/\/dev.claret.cat\/editorial\/editorial-efados\/","menu_order":0,"post_type":"editorial","post_mime_type":"","comment_count":"0","filter":"raw"}],"autores-libros":[{"ID":153644,"post_author":"3","post_date":"2022-10-14 14:58:23","post_date_gmt":"2022-10-14 12:58:23","post_content":"","post_title":"DANIEL VENTEO","post_excerpt":"","post_status":"publish","comment_status":"closed","ping_status":"closed","post_password":"","post_name":"daniel-venteo-2","to_ping":"","pinged":"","post_modified":"2022-10-14 14:58:23","post_modified_gmt":"2022-10-14 12:58:23","post_content_filtered":"","post_parent":0,"guid":"http:\/\/dev.claret.cat\/autor\/daniel-venteo-2\/","menu_order":0,"post_type":"autor","post_mime_type":"","comment_count":"0","filter":"raw"}]},"aioseo_notices":[],"_links":{"self":[{"href":"https:\/\/www.claret.cat\/es\/wp-json\/wp\/v2\/product\/253368","targetHints":{"allow":["GET"]}}],"collection":[{"href":"https:\/\/www.claret.cat\/es\/wp-json\/wp\/v2\/product"}],"about":[{"href":"https:\/\/www.claret.cat\/es\/wp-json\/wp\/v2\/types\/product"}],"wp:featuredmedia":[{"embeddable":true,"href":"https:\/\/www.claret.cat\/es\/wp-json\/wp\/v2\/media\/253369"}],"wp:attachment":[{"href":"https:\/\/www.claret.cat\/es\/wp-json\/wp\/v2\/media?parent=253368"}],"wp:term":[{"taxonomy":"product_brand","embeddable":true,"href":"https:\/\/www.claret.cat\/es\/wp-json\/wp\/v2\/product_brand?post=253368"},{"taxonomy":"product_cat","embeddable":true,"href":"https:\/\/www.claret.cat\/es\/wp-json\/wp\/v2\/product_cat?post=253368"},{"taxonomy":"product_tag","embeddable":true,"href":"https:\/\/www.claret.cat\/es\/wp-json\/wp\/v2\/product_tag?post=253368"}],"curies":[{"name":"wp","href":"https:\/\/api.w.org\/{rel}","templated":true}]}}