{"id":253422,"date":"2022-10-21T10:34:18","date_gmt":"2022-10-21T08:34:18","guid":{"rendered":"http:\/\/dev.claret.cat\/producte\/el-ultimo-peon-trilogia-de-lewis-3\/"},"modified":"2023-01-28T04:08:31","modified_gmt":"2023-01-28T03:08:31","slug":"el-ultimo-peon-trilogia-de-lewis-3-9788425353147","status":"publish","type":"product","link":"https:\/\/www.claret.cat\/es\/libro\/el-ultimo-peon-trilogia-de-lewis-3-9788425353147\/","title":{"rendered":"EL \u00daLTIMO PE\u00d3N (TRILOG\u00cdA DE LEWIS 3)"},"content":{"rendered":"<p>El \u00faltimo pe\u00f3n cierra \u00abuna de las trilog\u00edas de novela negra mejor consideradas de los \u00faltimos a\u00f1os\u00bb (The Independent), que tan solo en el Reino Unido ha vendido m\u00e1s de 1.000.000 de ejemplares<br \/>  UN LAGO DESAPARECE<br \/> Se ha vaciado, de la noche a la ma\u00f1ana. Es un fen\u00f3meno natural que, ocasionalmente, se da en la isla de Lewis. Pero esta vez, en el fondo del lago descansan los restos de una avioneta y en su cabina, los de un cad\u00e1ver.<br \/>  UN PASADO RESURGE<br \/> Durante diecisiete a\u00f1os todos hab\u00edan cre\u00eddo que la avioneta de Roddy Mackenzie, el l\u00edder de un joven grupo de m\u00fasica local, cay\u00f3 en el oc\u00e9ano al poco de despegar. Un desgraciado accidente. Ahora Fin Macleod sabe que tiene delante la escena de un asesinato y que su viejo amigo Whistler, a su lado, calla algo.<br \/>  UN CAP\u00cdTULO SE CIERRA<br \/> Macleod, que ha vuelto a Lewis tras dejar el departamento de homicidios de Edimburgo para comenzar una nueva vida, siente que debe investigar aunque ello le obligue a bucear en su propia juventud y en la historia de esta isla. Y pronto se dar\u00e1 cuenta de que desenterrar la verdad podr\u00eda destruir el futuro.<\/p>\n<p> En El \u00faltimo pe\u00f3n, el escritor escoc\u00e9s Peter May nos trae de nuevo a su personaje m\u00e1s emblem\u00e1tico, el ex inspector Fin Macleod de La isla de los cazadores de p\u00e1jaros y El hombre sin pasado, y a la otra gran protagonista de sus espl\u00e9ndidos thrillers: esa isla al noroeste de Escocia, azotada por el viento implacable del oc\u00e9ano, donde las tradiciones pero tambi\u00e9n los secretos pasan de una generaci\u00f3n a otra.<\/p>\n<p> La cr\u00edtica ha dicho&#8230;<br \/> \u00abComo todos los grandes thrillers, su inter\u00e9s no se limita a la investigaci\u00f3n. Los buenos libros de misterio siempre ofrecen algo m\u00e1s.\u00bb<br \/> The Scotsman<\/p>\n<p> \u00abUna trama perfecta, donde brillan los personajes y las descripciones de los paisajes, maravillosamente evocadoras.\u00bb<br \/> The Guardian<\/p>\n<p> \u00abUna novela extraordinaria que supera con creces las esperanzas depositadas en ella.\u00bb<br \/> Shotsmag<\/p>\n","protected":false},"excerpt":{"rendered":"<p>MAY,PETER<\/p>\n","protected":false},"featured_media":253423,"template":"","meta":{"_acf_changed":false,"om_disable_all_campaigns":false,"rs_blank_template":"","rs_page_bg_color":"","slide_template_v7":"","inline_featured_image":false,"_monsterinsights_skip_tracking":false,"_monsterinsights_sitenote_active":false,"_monsterinsights_sitenote_note":"","_monsterinsights_sitenote_category":0},"product_brand":[],"product_cat":[16],"product_tag":[],"class_list":{"0":"post-253422","1":"product","2":"type-product","3":"status-publish","4":"has-post-thumbnail","6":"product_cat-sense-categoria","8":"first","9":"instock","10":"taxable","11":"shipping-taxable","12":"purchasable","13":"product-type-simple"},"acf":{"autor":"MAY,PETER","codart":"842535314","libros-coleccion":"","ediciones":"1","encuadernacion":"R\u00fastica","fecha_de_publicacion":"01\/04\/2015","novedad":"0","paginas":"377","subtitulo":"","orden":"999","portada":"0","idioma":"spa","editorial":[{"ID":6263,"post_author":"3","post_date":"2022-07-28 17:48:27","post_date_gmt":"2022-07-28 15:48:27","post_content":"","post_title":"GRIJALBO","post_excerpt":"","post_status":"publish","comment_status":"closed","ping_status":"closed","post_password":"","post_name":"grijalbo","to_ping":"","pinged":"","post_modified":"2022-07-28 17:48:27","post_modified_gmt":"2022-07-28 15:48:27","post_content_filtered":"","post_parent":0,"guid":"http:\/\/dev.claret.cat\/editorial\/grijalbo\/","menu_order":0,"post_type":"editorial","post_mime_type":"","comment_count":"0","filter":"raw"}],"autores-libros":[{"ID":167115,"post_author":"3","post_date":"2022-10-14 18:08:39","post_date_gmt":"2022-10-14 16:08:39","post_content":"","post_title":"PETER MAY","post_excerpt":"","post_status":"publish","comment_status":"closed","ping_status":"closed","post_password":"","post_name":"peter-may","to_ping":"","pinged":"","post_modified":"2022-10-14 18:08:39","post_modified_gmt":"2022-10-14 16:08:39","post_content_filtered":"","post_parent":0,"guid":"http:\/\/dev.claret.cat\/autor\/peter-may\/","menu_order":0,"post_type":"autor","post_mime_type":"","comment_count":"0","filter":"raw"}]},"aioseo_notices":[],"_links":{"self":[{"href":"https:\/\/www.claret.cat\/es\/wp-json\/wp\/v2\/product\/253422","targetHints":{"allow":["GET"]}}],"collection":[{"href":"https:\/\/www.claret.cat\/es\/wp-json\/wp\/v2\/product"}],"about":[{"href":"https:\/\/www.claret.cat\/es\/wp-json\/wp\/v2\/types\/product"}],"wp:featuredmedia":[{"embeddable":true,"href":"https:\/\/www.claret.cat\/es\/wp-json\/wp\/v2\/media\/253423"}],"wp:attachment":[{"href":"https:\/\/www.claret.cat\/es\/wp-json\/wp\/v2\/media?parent=253422"}],"wp:term":[{"taxonomy":"product_brand","embeddable":true,"href":"https:\/\/www.claret.cat\/es\/wp-json\/wp\/v2\/product_brand?post=253422"},{"taxonomy":"product_cat","embeddable":true,"href":"https:\/\/www.claret.cat\/es\/wp-json\/wp\/v2\/product_cat?post=253422"},{"taxonomy":"product_tag","embeddable":true,"href":"https:\/\/www.claret.cat\/es\/wp-json\/wp\/v2\/product_tag?post=253422"}],"curies":[{"name":"wp","href":"https:\/\/api.w.org\/{rel}","templated":true}]}}