{"id":253544,"date":"2022-10-21T10:37:40","date_gmt":"2022-10-21T08:37:40","guid":{"rendered":"http:\/\/dev.claret.cat\/producte\/la-meva-primera-comunio-album-record\/"},"modified":"2025-06-05T19:40:40","modified_gmt":"2025-06-05T17:40:40","slug":"la-meva-primera-comunio-album-record-9788498837438","status":"publish","type":"product","link":"https:\/\/www.claret.cat\/es\/libro\/la-meva-primera-comunio-album-record-9788498837438\/","title":{"rendered":"LA MEVA PRIMERA COMUNI\u00d3 &#8211; \u00c0LBUM RECORD"},"content":{"rendered":"<p>Un llibre especial per a un dia especial. Totes les seves p\u00e0gines estan totalment a la teva disposici\u00f3 perqu\u00e8 hi escriguis, dibuixis o enganxis el que vulguis, quan el text t\u2019ho suggereixi. Qualsevol sensaci\u00f3 o record que tinguis.<\/p>\n","protected":false},"excerpt":{"rendered":"<p>MINELLA, MARTA; TOUS, MERC\u00c8<\/p>\n","protected":false},"featured_media":384285,"template":"","meta":{"_acf_changed":false,"om_disable_all_campaigns":false,"rs_blank_template":"","rs_page_bg_color":"","slide_template_v7":"","inline_featured_image":false,"_monsterinsights_skip_tracking":false,"_monsterinsights_sitenote_active":false,"_monsterinsights_sitenote_note":"","_monsterinsights_sitenote_category":0},"product_brand":[],"product_cat":[119,216,475,568],"product_tag":[],"class_list":{"0":"post-253544","1":"product","2":"type-product","3":"status-publish","4":"has-post-thumbnail","6":"product_cat-primera-comunio","7":"product_cat-primera-comunio-catequesi-1_espiritualitat","8":"product_cat-primera-comunion","9":"product_cat-primera-comunion-1_espiritualidad-spa","11":"first","12":"instock","13":"taxable","14":"shipping-taxable","15":"purchasable","16":"product-type-simple"},"acf":{"autor":"MINELLA, MARTA; TOUS, MERC\u00c8","codart":"849883743","libros-coleccion":"","ediciones":"1","encuadernacion":"Carton\u00e9","fecha_de_publicacion":"26\/03\/2015","novedad":"0","paginas":"48","subtitulo":"TINC UN AMIC PER SEMPRE: JES\u00daS","orden":"999","portada":"0","idioma":"cat","editorial":[{"ID":8266,"post_author":"3","post_date":"2022-09-30 09:21:36","post_date_gmt":"2022-09-30 07:21:36","post_content":"","post_title":"PUBLICACIONS DE L'ABADIA DE MONTSERRAT","post_excerpt":"","post_status":"publish","comment_status":"closed","ping_status":"closed","post_password":"","post_name":"publicacions-de-labadia-de-montserrat-5","to_ping":"","pinged":"","post_modified":"2022-09-30 09:21:36","post_modified_gmt":"2022-09-30 07:21:36","post_content_filtered":"","post_parent":0,"guid":"http:\/\/dev.claret.cat\/editorial\/publicacions-de-labadia-de-montserrat-5\/","menu_order":0,"post_type":"editorial","post_mime_type":"","comment_count":"0","filter":"raw"}],"autores-libros":[{"ID":5835,"post_author":"3","post_date":"2022-07-28 17:32:30","post_date_gmt":"2022-07-28 15:32:30","post_content":"","post_title":"MERC\u00c8 TOUS","post_excerpt":"","post_status":"publish","comment_status":"closed","ping_status":"closed","post_password":"","post_name":"merce-tous","to_ping":"","pinged":"","post_modified":"2022-07-28 17:32:30","post_modified_gmt":"2022-07-28 15:32:30","post_content_filtered":"","post_parent":0,"guid":"http:\/\/dev.claret.cat\/autor\/merce-tous\/","menu_order":0,"post_type":"autor","post_mime_type":"","comment_count":"0","filter":"raw"},{"ID":164182,"post_author":"3","post_date":"2022-10-14 17:45:02","post_date_gmt":"2022-10-14 15:45:02","post_content":"","post_title":"MARTA MINELLA","post_excerpt":"","post_status":"publish","comment_status":"closed","ping_status":"closed","post_password":"","post_name":"marta-minella","to_ping":"","pinged":"","post_modified":"2022-10-14 17:45:02","post_modified_gmt":"2022-10-14 15:45:02","post_content_filtered":"","post_parent":0,"guid":"http:\/\/dev.claret.cat\/autor\/marta-minella\/","menu_order":0,"post_type":"autor","post_mime_type":"","comment_count":"0","filter":"raw"}],"booktrailer":"","resenas":""},"aioseo_notices":[],"_links":{"self":[{"href":"https:\/\/www.claret.cat\/es\/wp-json\/wp\/v2\/product\/253544","targetHints":{"allow":["GET"]}}],"collection":[{"href":"https:\/\/www.claret.cat\/es\/wp-json\/wp\/v2\/product"}],"about":[{"href":"https:\/\/www.claret.cat\/es\/wp-json\/wp\/v2\/types\/product"}],"wp:featuredmedia":[{"embeddable":true,"href":"https:\/\/www.claret.cat\/es\/wp-json\/wp\/v2\/media\/384285"}],"wp:attachment":[{"href":"https:\/\/www.claret.cat\/es\/wp-json\/wp\/v2\/media?parent=253544"}],"wp:term":[{"taxonomy":"product_brand","embeddable":true,"href":"https:\/\/www.claret.cat\/es\/wp-json\/wp\/v2\/product_brand?post=253544"},{"taxonomy":"product_cat","embeddable":true,"href":"https:\/\/www.claret.cat\/es\/wp-json\/wp\/v2\/product_cat?post=253544"},{"taxonomy":"product_tag","embeddable":true,"href":"https:\/\/www.claret.cat\/es\/wp-json\/wp\/v2\/product_tag?post=253544"}],"curies":[{"name":"wp","href":"https:\/\/api.w.org\/{rel}","templated":true}]}}