{"id":253681,"date":"2022-10-21T10:41:29","date_gmt":"2022-10-21T08:41:29","guid":{"rendered":"http:\/\/dev.claret.cat\/producte\/album-recuerdo-de-mi-primera-comunion-a-fotos\/"},"modified":"2025-02-05T11:00:51","modified_gmt":"2025-02-05T10:00:51","slug":"album-recuerdo-de-mi-primera-comunion-modelo-a-con-marco-de-fotos-9788428546423","status":"publish","type":"product","link":"https:\/\/www.claret.cat\/es\/libro\/album-recuerdo-de-mi-primera-comunion-modelo-a-con-marco-de-fotos-9788428546423\/","title":{"rendered":"\u00c1LBUM RECUERDO DE MI PRIMERA COMUNI\u00d3N. MODELO A. CON MARCO DE FOTOS"},"content":{"rendered":"<p>Un magn\u00edfico \u00e1lbum de recuerdos, presentado en estuche y con tres acabados diferentes en la portada: con marco de fotos, con incrustaciones plateadas en relieve y con ilustraci\u00f3n a color. En sus p\u00e1ginas, con amplios espacios para rellenar y para pegar fotograf\u00edas, los ni\u00f1os podr\u00e1n conservar siempre los mejores recuerdos del d\u00eda de su Primera Comuni\u00f3n. Incluye tambi\u00e9n varias p\u00e1ginas para recoger las firmas y dedicatorias de todos los que asistieron a la ceremonia: su familia, sus catequistas, su p\u00e1rroco y los sacerdotes de su Parroquia, sus compa\u00f1eros y amigos.<\/p>\n","protected":false},"excerpt":{"rendered":"<p>SAN PABLO<\/p>\n","protected":false},"featured_media":1003640,"template":"","meta":{"_acf_changed":false,"om_disable_all_campaigns":false,"rs_blank_template":"","rs_page_bg_color":"","slide_template_v7":"","inline_featured_image":false,"_monsterinsights_skip_tracking":false,"_monsterinsights_sitenote_active":false,"_monsterinsights_sitenote_note":"","_monsterinsights_sitenote_category":0},"product_brand":[],"product_cat":[119,568],"product_tag":[],"class_list":{"0":"post-253681","1":"product","2":"type-product","3":"status-publish","4":"has-post-thumbnail","6":"product_cat-primera-comunio","7":"product_cat-primera-comunion-1_espiritualidad-spa","9":"first","10":"instock","11":"taxable","12":"shipping-taxable","13":"purchasable","14":"product-type-simple"},"acf":{"autor":"SAN PABLO","codart":"842854642","libros-coleccion":"","ediciones":"1","encuadernacion":"Carton\u00e9","fecha_de_publicacion":"10\/03\/2015","novedad":"0","paginas":"30","subtitulo":"PORTADA FOTOS NI\u00d1OS.","orden":"999","portada":"0","idioma":"spa","editorial":[{"ID":6356,"post_author":"3","post_date":"2022-07-28 17:50:26","post_date_gmt":"2022-07-28 15:50:26","post_content":"","post_title":"SAN PABLO COMUNICACI\u00d3N","post_excerpt":"","post_status":"publish","comment_status":"closed","ping_status":"closed","post_password":"","post_name":"san-pablo-comunicacion","to_ping":"","pinged":"","post_modified":"2022-07-28 17:50:26","post_modified_gmt":"2022-07-28 15:50:26","post_content_filtered":"","post_parent":0,"guid":"http:\/\/dev.claret.cat\/editorial\/san-pablo-comunicacion\/","menu_order":0,"post_type":"editorial","post_mime_type":"","comment_count":"0","filter":"raw"}],"autores-libros":[{"ID":155233,"post_author":"3","post_date":"2022-10-14 15:11:12","post_date_gmt":"2022-10-14 13:11:12","post_content":"","post_title":"EQUIPO SAN PABLO","post_excerpt":"","post_status":"publish","comment_status":"closed","ping_status":"closed","post_password":"","post_name":"equipo-san-pablo","to_ping":"","pinged":"","post_modified":"2022-10-14 15:11:12","post_modified_gmt":"2022-10-14 13:11:12","post_content_filtered":"","post_parent":0,"guid":"http:\/\/dev.claret.cat\/autor\/equipo-san-pablo\/","menu_order":0,"post_type":"autor","post_mime_type":"","comment_count":"0","filter":"raw"}]},"aioseo_notices":[],"_links":{"self":[{"href":"https:\/\/www.claret.cat\/es\/wp-json\/wp\/v2\/product\/253681","targetHints":{"allow":["GET"]}}],"collection":[{"href":"https:\/\/www.claret.cat\/es\/wp-json\/wp\/v2\/product"}],"about":[{"href":"https:\/\/www.claret.cat\/es\/wp-json\/wp\/v2\/types\/product"}],"wp:featuredmedia":[{"embeddable":true,"href":"https:\/\/www.claret.cat\/es\/wp-json\/wp\/v2\/media\/1003640"}],"wp:attachment":[{"href":"https:\/\/www.claret.cat\/es\/wp-json\/wp\/v2\/media?parent=253681"}],"wp:term":[{"taxonomy":"product_brand","embeddable":true,"href":"https:\/\/www.claret.cat\/es\/wp-json\/wp\/v2\/product_brand?post=253681"},{"taxonomy":"product_cat","embeddable":true,"href":"https:\/\/www.claret.cat\/es\/wp-json\/wp\/v2\/product_cat?post=253681"},{"taxonomy":"product_tag","embeddable":true,"href":"https:\/\/www.claret.cat\/es\/wp-json\/wp\/v2\/product_tag?post=253681"}],"curies":[{"name":"wp","href":"https:\/\/api.w.org\/{rel}","templated":true}]}}