{"id":253844,"date":"2022-10-21T10:45:17","date_gmt":"2022-10-21T08:45:17","guid":{"rendered":"http:\/\/dev.claret.cat\/producte\/no-ho-expliquis-a-ningu\/"},"modified":"2023-05-15T13:27:01","modified_gmt":"2023-05-15T11:27:01","slug":"no-ho-expliquis-a-ningu-9788415975427","status":"publish","type":"product","link":"https:\/\/www.claret.cat\/es\/libro\/no-ho-expliquis-a-ningu-9788415975427\/","title":{"rendered":"NO HO EXPLIQUIS A NING\u00da"},"content":{"rendered":"<p>Uns forasters han comprat unes granges abandonades i aixequen una tanca al voltant, tot envaint part del mas d\u2019en Charly. A m\u00e9s a m\u00e9s, comencen a desapar\u00e8ixer misteriosament coses del mas. Aix\u00ed, els Tiki-Taka hauran d\u2019entrenar-se durament per guanyar la lliga intercomarcal i pujar de categoria, i alhora hauran d\u2019enfrontar-se a una trama molt perillosa.<\/p>\n","protected":false},"excerpt":{"rendered":"<p>PORTELL, JOAN \/ PORTELL, RAIMON<\/p>\n","protected":false},"featured_media":316732,"template":"","meta":{"_acf_changed":false,"om_disable_all_campaigns":false,"rs_blank_template":"","rs_page_bg_color":"","slide_template_v7":"","inline_featured_image":false,"_monsterinsights_skip_tracking":false,"_monsterinsights_sitenote_active":false,"_monsterinsights_sitenote_note":"","_monsterinsights_sitenote_category":0},"product_brand":[],"product_cat":[90,540],"product_tag":[],"class_list":{"0":"post-253844","1":"product","2":"type-product","3":"status-publish","4":"has-post-thumbnail","6":"product_cat-altres","7":"product_cat-otros","9":"first","10":"instock","11":"taxable","12":"shipping-taxable","13":"purchasable","14":"product-type-simple"},"acf":{"autor":"PORTELL, JOAN \/ PORTELL, RAIMON","codart":"841597542","libros-coleccion":"","ediciones":"1","encuadernacion":"R\u00fastica","fecha_de_publicacion":"01\/03\/2015","novedad":"0","paginas":"139","subtitulo":"","orden":"999","portada":"0","idioma":"cat","editorial":[{"ID":6123,"post_author":"3","post_date":"2022-07-28 17:45:23","post_date_gmt":"2022-07-28 15:45:23","post_content":"","post_title":"ANIMALLIBRES","post_excerpt":"","post_status":"publish","comment_status":"closed","ping_status":"closed","post_password":"","post_name":"animallibres","to_ping":"","pinged":"","post_modified":"2022-07-28 17:45:23","post_modified_gmt":"2022-07-28 15:45:23","post_content_filtered":"","post_parent":0,"guid":"http:\/\/dev.claret.cat\/editorial\/animallibres\/","menu_order":0,"post_type":"editorial","post_mime_type":"","comment_count":"0","filter":"raw"}],"autores-libros":[{"ID":159394,"post_author":"3","post_date":"2022-10-14 15:44:29","post_date_gmt":"2022-10-14 13:44:29","post_content":"","post_title":"JOAN PORTELL","post_excerpt":"","post_status":"publish","comment_status":"closed","ping_status":"closed","post_password":"","post_name":"joan-portell","to_ping":"","pinged":"","post_modified":"2022-10-14 15:44:29","post_modified_gmt":"2022-10-14 13:44:29","post_content_filtered":"","post_parent":0,"guid":"http:\/\/dev.claret.cat\/autor\/joan-portell\/","menu_order":0,"post_type":"autor","post_mime_type":"","comment_count":"0","filter":"raw"},{"ID":167647,"post_author":"3","post_date":"2022-10-14 18:12:53","post_date_gmt":"2022-10-14 16:12:53","post_content":"","post_title":"RAIMON PORTELL","post_excerpt":"","post_status":"publish","comment_status":"closed","ping_status":"closed","post_password":"","post_name":"raimon-portell","to_ping":"","pinged":"","post_modified":"2022-10-14 18:12:53","post_modified_gmt":"2022-10-14 16:12:53","post_content_filtered":"","post_parent":0,"guid":"http:\/\/dev.claret.cat\/autor\/raimon-portell\/","menu_order":0,"post_type":"autor","post_mime_type":"","comment_count":"0","filter":"raw"}]},"aioseo_notices":[],"_links":{"self":[{"href":"https:\/\/www.claret.cat\/es\/wp-json\/wp\/v2\/product\/253844","targetHints":{"allow":["GET"]}}],"collection":[{"href":"https:\/\/www.claret.cat\/es\/wp-json\/wp\/v2\/product"}],"about":[{"href":"https:\/\/www.claret.cat\/es\/wp-json\/wp\/v2\/types\/product"}],"wp:featuredmedia":[{"embeddable":true,"href":"https:\/\/www.claret.cat\/es\/wp-json\/wp\/v2\/media\/316732"}],"wp:attachment":[{"href":"https:\/\/www.claret.cat\/es\/wp-json\/wp\/v2\/media?parent=253844"}],"wp:term":[{"taxonomy":"product_brand","embeddable":true,"href":"https:\/\/www.claret.cat\/es\/wp-json\/wp\/v2\/product_brand?post=253844"},{"taxonomy":"product_cat","embeddable":true,"href":"https:\/\/www.claret.cat\/es\/wp-json\/wp\/v2\/product_cat?post=253844"},{"taxonomy":"product_tag","embeddable":true,"href":"https:\/\/www.claret.cat\/es\/wp-json\/wp\/v2\/product_tag?post=253844"}],"curies":[{"name":"wp","href":"https:\/\/api.w.org\/{rel}","templated":true}]}}