{"id":253947,"date":"2022-10-21T10:47:35","date_gmt":"2022-10-21T08:47:35","guid":{"rendered":"http:\/\/dev.claret.cat\/producte\/el-llibre-de-lastronomia\/"},"modified":"2023-01-28T11:53:35","modified_gmt":"2023-01-28T10:53:35","slug":"el-llibre-de-lastronomia-9788448934934","status":"publish","type":"product","link":"https:\/\/www.claret.cat\/es\/libro\/el-llibre-de-lastronomia-9788448934934\/","title":{"rendered":"EL LLIBRE DE L&#8217;ASTRONOMIA"},"content":{"rendered":"<p>Qui no s &apos; ha sentit atret alguna vegada pel cel i tots els secrets que cont\u00e9? Aquesta imatge desafiadora ha aconseguit excitar la imaginaci\u00f3 dels \u00e9ssers humans des del principi dels temps. Cient\u00edfics, astr\u00f2noms, f\u00edsics i matem\u00e0tics, per\u00f2 tamb\u00e9 artistes, poetes, m\u00fasics i pintors, han somiat mons i han intentat descriure una bellesa i un misteri que s\u00f3n just davant nostre. <\/p>\n<p> Aquest llibre pret\u00e9n ser una guia als indrets m\u00e9s interessants, m\u00e9s desconeguts i m\u00e9s fascinants de l &apos; univers. Juntament amb el professor Astre Celeste emprendrem un viatge que ens portar\u00e0 a visitar planetes, travessar gal\u00e0xies, contemplar estrelles i albirar, a la llunyania, p\u00falsars i qu\u00e0sars. Enfilats a la cua de cometes, batejarem noves constel\u00b7lacions i escoltarem com retruny per tot l &apos; univers l &apos; eco del Big Bang. Descobrirem tot el que la ci\u00e8ncia ha aconseguit esbrinar sobre aquest encisador univers i els molts interrogants que encara queden per resoldre.<\/p>\n","protected":false},"excerpt":{"rendered":"<p>CERD\u00c0, XIMO<\/p>\n","protected":false},"featured_media":253948,"template":"","meta":{"_acf_changed":false,"om_disable_all_campaigns":false,"rs_blank_template":"","rs_page_bg_color":"","slide_template_v7":"","inline_featured_image":false,"_monsterinsights_skip_tracking":false,"_monsterinsights_sitenote_active":false,"_monsterinsights_sitenote_note":"","_monsterinsights_sitenote_category":0},"product_brand":[],"product_cat":[86],"product_tag":[],"class_list":{"0":"post-253947","1":"product","2":"type-product","3":"status-publish","4":"has-post-thumbnail","6":"product_cat-infantil","8":"first","9":"instock","10":"taxable","11":"shipping-taxable","12":"purchasable","13":"product-type-simple"},"acf":{"autor":"CERD\u00c0, XIMO","codart":"844893493","libros-coleccion":"","ediciones":"1","encuadernacion":"R\u00fastica","fecha_de_publicacion":"01\/03\/2015","novedad":"0","paginas":"126","subtitulo":"","orden":"999","portada":"0","idioma":"spa","editorial":[{"ID":147526,"post_author":"3","post_date":"2022-10-14 11:51:15","post_date_gmt":"2022-10-14 09:51:15","post_content":"","post_title":"BARCANOVA, EDITORIAL","post_excerpt":"","post_status":"publish","comment_status":"closed","ping_status":"closed","post_password":"","post_name":"barcanova-editorial","to_ping":"","pinged":"","post_modified":"2022-10-14 11:51:15","post_modified_gmt":"2022-10-14 09:51:15","post_content_filtered":"","post_parent":0,"guid":"http:\/\/dev.claret.cat\/editorial\/barcanova-editorial\/","menu_order":0,"post_type":"editorial","post_mime_type":"","comment_count":"0","filter":"raw"}],"autores-libros":[{"ID":171519,"post_author":"3","post_date":"2022-10-14 22:44:03","post_date_gmt":"2022-10-14 20:44:03","post_content":"","post_title":"XIMO CERDA","post_excerpt":"","post_status":"publish","comment_status":"closed","ping_status":"closed","post_password":"","post_name":"ximo-cerda","to_ping":"","pinged":"","post_modified":"2022-10-14 22:44:03","post_modified_gmt":"2022-10-14 20:44:03","post_content_filtered":"","post_parent":0,"guid":"http:\/\/dev.claret.cat\/autor\/ximo-cerda\/","menu_order":0,"post_type":"autor","post_mime_type":"","comment_count":"0","filter":"raw"}]},"aioseo_notices":[],"_links":{"self":[{"href":"https:\/\/www.claret.cat\/es\/wp-json\/wp\/v2\/product\/253947","targetHints":{"allow":["GET"]}}],"collection":[{"href":"https:\/\/www.claret.cat\/es\/wp-json\/wp\/v2\/product"}],"about":[{"href":"https:\/\/www.claret.cat\/es\/wp-json\/wp\/v2\/types\/product"}],"wp:featuredmedia":[{"embeddable":true,"href":"https:\/\/www.claret.cat\/es\/wp-json\/wp\/v2\/media\/253948"}],"wp:attachment":[{"href":"https:\/\/www.claret.cat\/es\/wp-json\/wp\/v2\/media?parent=253947"}],"wp:term":[{"taxonomy":"product_brand","embeddable":true,"href":"https:\/\/www.claret.cat\/es\/wp-json\/wp\/v2\/product_brand?post=253947"},{"taxonomy":"product_cat","embeddable":true,"href":"https:\/\/www.claret.cat\/es\/wp-json\/wp\/v2\/product_cat?post=253947"},{"taxonomy":"product_tag","embeddable":true,"href":"https:\/\/www.claret.cat\/es\/wp-json\/wp\/v2\/product_tag?post=253947"}],"curies":[{"name":"wp","href":"https:\/\/api.w.org\/{rel}","templated":true}]}}