{"id":253980,"date":"2022-10-21T10:48:18","date_gmt":"2022-10-21T08:48:18","guid":{"rendered":"http:\/\/dev.claret.cat\/producte\/praga-y-la-republica-checa\/"},"modified":"2023-01-28T00:37:31","modified_gmt":"2023-01-27T23:37:31","slug":"praga-y-la-republica-checa-9788408135920","status":"publish","type":"product","link":"https:\/\/www.claret.cat\/es\/libro\/praga-y-la-republica-checa-9788408135920\/","title":{"rendered":"PRAGA Y LA REP\u00daBLICA CHECA"},"content":{"rendered":"<p>Tiene un milenio de historia y una de las mejores cervezas de Europa. Visitantes de todo el mundo acuden en tropel, pero ni las multitudes pueden deslucir el espect\u00e1culo de un puente del s. XIV, un castillo sobre un cerro y un hermoso r\u00edo.Incluye:Gu\u00eda de la cerveza checaCap\u00edtulos especiales sobre arquitectura y c\u00f3mo moverse en bicicletaInformaci\u00f3n sobre Bohemia y Moravia y completa de los barrios de Praga: Castillo de Praga y Hrad?any, Mal\u00e1 Strana, Star\u00e9 M?sto, Nov\u00e9 M?sto, Vinohrady y Vr?ovice, ?i?kov y Karl\u00edn, Hole?ovice, Bubene? y Dejvice, Sm\u00edchov y Vy?ehrad.Mapa desplegable de la ciudad<\/p>\n","protected":false},"excerpt":{"rendered":"<p>WILSON, NEIL \/ BAKER, MARK<\/p>\n","protected":false},"featured_media":253981,"template":"","meta":{"_acf_changed":false,"om_disable_all_campaigns":false,"rs_blank_template":"","rs_page_bg_color":"","slide_template_v7":"","inline_featured_image":false,"_monsterinsights_skip_tracking":false,"_monsterinsights_sitenote_active":false,"_monsterinsights_sitenote_note":"","_monsterinsights_sitenote_category":0},"product_brand":[],"product_cat":[107],"product_tag":[],"class_list":{"0":"post-253980","1":"product","2":"type-product","3":"status-publish","4":"has-post-thumbnail","6":"product_cat-guies-de-viatge","8":"first","9":"instock","10":"taxable","11":"shipping-taxable","12":"purchasable","13":"product-type-simple"},"acf":{"autor":"WILSON, NEIL \/ BAKER, MARK","codart":"840813592","libros-coleccion":"","ediciones":"1","encuadernacion":"R\u00fastica","fecha_de_publicacion":"01\/03\/2015","novedad":"0","paginas":"350","subtitulo":"","orden":"999","portada":"0","idioma":"spa","editorial":[{"ID":8244,"post_author":"3","post_date":"2022-09-30 09:21:26","post_date_gmt":"2022-09-30 07:21:26","post_content":"","post_title":"GEOPLANETA EDITORIAL","post_excerpt":"","post_status":"publish","comment_status":"closed","ping_status":"closed","post_password":"","post_name":"geoplaneta-editorial","to_ping":"","pinged":"","post_modified":"2022-09-30 09:21:26","post_modified_gmt":"2022-09-30 07:21:26","post_content_filtered":"","post_parent":0,"guid":"http:\/\/dev.claret.cat\/editorial\/geoplaneta-editorial\/","menu_order":0,"post_type":"editorial","post_mime_type":"","comment_count":"0","filter":"raw"}],"autores-libros":[{"ID":165738,"post_author":"3","post_date":"2022-10-14 17:57:33","post_date_gmt":"2022-10-14 15:57:33","post_content":"","post_title":"NEIL WILSON","post_excerpt":"","post_status":"publish","comment_status":"closed","ping_status":"closed","post_password":"","post_name":"neil-wilson","to_ping":"","pinged":"","post_modified":"2022-10-14 17:57:33","post_modified_gmt":"2022-10-14 15:57:33","post_content_filtered":"","post_parent":0,"guid":"http:\/\/dev.claret.cat\/autor\/neil-wilson\/","menu_order":0,"post_type":"autor","post_mime_type":"","comment_count":"0","filter":"raw"},{"ID":164060,"post_author":"3","post_date":"2022-10-14 17:44:02","post_date_gmt":"2022-10-14 15:44:02","post_content":"","post_title":"MARK BAKER","post_excerpt":"","post_status":"publish","comment_status":"closed","ping_status":"closed","post_password":"","post_name":"mark-baker","to_ping":"","pinged":"","post_modified":"2022-10-14 17:44:02","post_modified_gmt":"2022-10-14 15:44:02","post_content_filtered":"","post_parent":0,"guid":"http:\/\/dev.claret.cat\/autor\/mark-baker\/","menu_order":0,"post_type":"autor","post_mime_type":"","comment_count":"0","filter":"raw"}]},"aioseo_notices":[],"_links":{"self":[{"href":"https:\/\/www.claret.cat\/es\/wp-json\/wp\/v2\/product\/253980","targetHints":{"allow":["GET"]}}],"collection":[{"href":"https:\/\/www.claret.cat\/es\/wp-json\/wp\/v2\/product"}],"about":[{"href":"https:\/\/www.claret.cat\/es\/wp-json\/wp\/v2\/types\/product"}],"wp:featuredmedia":[{"embeddable":true,"href":"https:\/\/www.claret.cat\/es\/wp-json\/wp\/v2\/media\/253981"}],"wp:attachment":[{"href":"https:\/\/www.claret.cat\/es\/wp-json\/wp\/v2\/media?parent=253980"}],"wp:term":[{"taxonomy":"product_brand","embeddable":true,"href":"https:\/\/www.claret.cat\/es\/wp-json\/wp\/v2\/product_brand?post=253980"},{"taxonomy":"product_cat","embeddable":true,"href":"https:\/\/www.claret.cat\/es\/wp-json\/wp\/v2\/product_cat?post=253980"},{"taxonomy":"product_tag","embeddable":true,"href":"https:\/\/www.claret.cat\/es\/wp-json\/wp\/v2\/product_tag?post=253980"}],"curies":[{"name":"wp","href":"https:\/\/api.w.org\/{rel}","templated":true}]}}