{"id":254111,"date":"2022-10-21T10:51:10","date_gmt":"2022-10-21T08:51:10","guid":{"rendered":"http:\/\/dev.claret.cat\/producte\/misterio-del-corazon-traspasado\/"},"modified":"2025-07-14T12:21:21","modified_gmt":"2025-07-14T10:21:21","slug":"misterio-del-corazon-traspasado-9788422017882","status":"publish","type":"product","link":"https:\/\/www.claret.cat\/es\/libro\/misterio-del-corazon-traspasado-9788422017882\/","title":{"rendered":"MISTERIO DEL CORAZON TRASPASADO"},"content":{"rendered":"<p>Coraz\u00f3n es una palabra primordial en muchas culturas, tambi\u00e9n en la nuestra; es un s\u00edmbolo que habla del hombre interior y espiritual. El coraz\u00f3n alude a la profundidad de la persona, a su interioridad, a sus pensamientos y sentimientos m\u00e1s genuinos, a su calidad \u00faltima. M\u00e1s todav\u00eda, el coraz\u00f3n es el \u00e1mbito decisivo de la relaci\u00f3n con Dios<\/p>\n","protected":false},"excerpt":{"rendered":"<p>DE LA POTTERIE, IGNACE<\/p>\n","protected":false},"featured_media":1046483,"template":"","meta":{"_acf_changed":false,"om_disable_all_campaigns":false,"rs_blank_template":"","rs_page_bg_color":"","slide_template_v7":"","inline_featured_image":false,"_monsterinsights_skip_tracking":false,"_monsterinsights_sitenote_active":false,"_monsterinsights_sitenote_note":"","_monsterinsights_sitenote_category":0},"product_brand":[],"product_cat":[541,91,345,79,342,76],"product_tag":[],"class_list":{"0":"post-254111","1":"product","2":"type-product","3":"status-publish","4":"has-post-thumbnail","6":"product_cat-cristologia-1_espiritualidad-spa","7":"product_cat-cristologia","8":"product_cat-espiritualidad","9":"product_cat-espiritualitat","10":"product_cat-teologia-1_espiritualidad","11":"product_cat-teologia","13":"first","14":"outofstock","15":"taxable","16":"shipping-taxable","17":"purchasable","18":"product-type-simple"},"acf":{"autor":"DE LA POTTERIE, IGNACE","codart":"842201788","libros-coleccion":"","ediciones":"1","encuadernacion":"R\u00fastica","fecha_de_publicacion":"01\/03\/2015","novedad":"0","paginas":"192","subtitulo":"","orden":"999","portada":"0","idioma":"spa","editorial":[{"ID":6139,"post_author":"3","post_date":"2022-07-28 17:45:43","post_date_gmt":"2022-07-28 15:45:43","post_content":"","post_title":"BAC","post_excerpt":"","post_status":"publish","comment_status":"closed","ping_status":"closed","post_password":"","post_name":"bac","to_ping":"","pinged":"","post_modified":"2022-07-28 17:45:43","post_modified_gmt":"2022-07-28 15:45:43","post_content_filtered":"","post_parent":0,"guid":"http:\/\/dev.claret.cat\/editorial\/bac\/","menu_order":0,"post_type":"editorial","post_mime_type":"","comment_count":"0","filter":"raw"}],"booktrailer":"","resenas":"","autores-libros":[{"ID":404452,"post_author":"3","post_date":"2023-02-27 23:53:47","post_date_gmt":"2023-02-27 22:53:47","post_content":"","post_title":"IGNACE DE LA POTTERIE","post_excerpt":"","post_status":"publish","comment_status":"closed","ping_status":"closed","post_password":"","post_name":"ignace-de-la-potterie","to_ping":"","pinged":"","post_modified":"2023-02-27 23:53:47","post_modified_gmt":"2023-02-27 22:53:47","post_content_filtered":"","post_parent":0,"guid":"https:\/\/www.claret.cat\/autor\/ignace-de-la-potterie\/","menu_order":0,"post_type":"autor","post_mime_type":"","comment_count":"0","filter":"raw"}]},"aioseo_notices":[],"_links":{"self":[{"href":"https:\/\/www.claret.cat\/es\/wp-json\/wp\/v2\/product\/254111","targetHints":{"allow":["GET"]}}],"collection":[{"href":"https:\/\/www.claret.cat\/es\/wp-json\/wp\/v2\/product"}],"about":[{"href":"https:\/\/www.claret.cat\/es\/wp-json\/wp\/v2\/types\/product"}],"wp:featuredmedia":[{"embeddable":true,"href":"https:\/\/www.claret.cat\/es\/wp-json\/wp\/v2\/media\/1046483"}],"wp:attachment":[{"href":"https:\/\/www.claret.cat\/es\/wp-json\/wp\/v2\/media?parent=254111"}],"wp:term":[{"taxonomy":"product_brand","embeddable":true,"href":"https:\/\/www.claret.cat\/es\/wp-json\/wp\/v2\/product_brand?post=254111"},{"taxonomy":"product_cat","embeddable":true,"href":"https:\/\/www.claret.cat\/es\/wp-json\/wp\/v2\/product_cat?post=254111"},{"taxonomy":"product_tag","embeddable":true,"href":"https:\/\/www.claret.cat\/es\/wp-json\/wp\/v2\/product_tag?post=254111"}],"curies":[{"name":"wp","href":"https:\/\/api.w.org\/{rel}","templated":true}]}}