{"id":254117,"date":"2022-10-21T10:51:19","date_gmt":"2022-10-21T08:51:19","guid":{"rendered":"http:\/\/dev.claret.cat\/producte\/hechos-de-los-apostoles\/"},"modified":"2024-12-17T11:05:20","modified_gmt":"2024-12-17T10:05:20","slug":"hechos-de-los-apostoles-9788422017950","status":"publish","type":"product","link":"https:\/\/www.claret.cat\/es\/libro\/hechos-de-los-apostoles-9788422017950\/","title":{"rendered":"HECHOS DE LOS AP\u00d3STOLES"},"content":{"rendered":"<p>La serie Comprender la Palabra pretende explicar, comentar y aproximar a los fieles el texto b\u00edblico que escuchan en la liturgia y leen \u00edntimamente o en grupo. Su prop\u00f3sito es a la par profundamente pastoral y cient\u00edfico. Es decir, se trata de comentarios que parten de un riguroso estudio del texto y sus variantes, de los sentidos de las palabras, del contexto hist\u00f3rico y religioso, de las concepciones antropol\u00f3gicas y teol\u00f3gicas de fondo. A partir de ah\u00ed, cada comentario en concreto trata de ense\u00f1ar al fiel cristiano con un lenguaje f\u00e1cil el significado del texto y su permanente valor para alimentar la vida de fe.<\/p>\n","protected":false},"excerpt":{"rendered":"<p>RODR\u00cdGUEZ CARMONA, ANTONIO<\/p>\n","protected":false},"featured_media":254118,"template":"","meta":{"_acf_changed":false,"om_disable_all_campaigns":false,"rs_blank_template":"","rs_page_bg_color":"","slide_template_v7":"","inline_featured_image":false,"_monsterinsights_skip_tracking":false,"_monsterinsights_sitenote_active":false,"_monsterinsights_sitenote_note":"","_monsterinsights_sitenote_category":0},"product_brand":[],"product_cat":[341,75,93,543,345,79],"product_tag":[],"class_list":{"0":"post-254117","1":"product","2":"type-product","3":"status-publish","4":"has-post-thumbnail","6":"product_cat-biblia-es","7":"product_cat-biblia","8":"product_cat-eclesiologia","9":"product_cat-eclesiologia-es","10":"product_cat-espiritualidad","11":"product_cat-espiritualitat","13":"first","14":"instock","15":"taxable","16":"shipping-taxable","17":"purchasable","18":"product-type-simple"},"acf":{"autor":"RODR\u00cdGUEZ CARMONA, ANTONIO","codart":"842201795","libros-coleccion":"COMPRENDER LA PALABRA","ediciones":"1","encuadernacion":"R\u00fastica","fecha_de_publicacion":"01\/03\/2015","novedad":"1","paginas":"346","subtitulo":"COMPRENDER LA PALABRA.","orden":"0","portada":"0","idioma":"spa","editorial":[{"ID":6142,"post_author":"3","post_date":"2022-07-28 17:45:47","post_date_gmt":"2022-07-28 15:45:47","post_content":"","post_title":"BIBLIOTECA AUTORES CRI   B.A.C","post_excerpt":"","post_status":"publish","comment_status":"closed","ping_status":"closed","post_password":"","post_name":"biblioteca-autores-cri-b-a-c","to_ping":"","pinged":"","post_modified":"2022-07-28 17:45:47","post_modified_gmt":"2022-07-28 15:45:47","post_content_filtered":"","post_parent":0,"guid":"http:\/\/dev.claret.cat\/editorial\/biblioteca-autores-cri-b-a-c\/","menu_order":0,"post_type":"editorial","post_mime_type":"","comment_count":"0","filter":"raw"}],"autores-libros":[{"ID":5268,"post_author":"3","post_date":"2022-07-28 17:20:24","post_date_gmt":"2022-07-28 15:20:24","post_content":"","post_title":"ANTONIO RODRIGUEZ CARMONA","post_excerpt":"","post_status":"publish","comment_status":"closed","ping_status":"closed","post_password":"","post_name":"antonio-rodriguez-carmona","to_ping":"","pinged":"","post_modified":"2022-07-28 17:20:24","post_modified_gmt":"2022-07-28 15:20:24","post_content_filtered":"","post_parent":0,"guid":"http:\/\/dev.claret.cat\/autor\/antonio-rodriguez-carmona\/","menu_order":0,"post_type":"autor","post_mime_type":"","comment_count":"0","filter":"raw"}]},"aioseo_notices":[],"_links":{"self":[{"href":"https:\/\/www.claret.cat\/es\/wp-json\/wp\/v2\/product\/254117","targetHints":{"allow":["GET"]}}],"collection":[{"href":"https:\/\/www.claret.cat\/es\/wp-json\/wp\/v2\/product"}],"about":[{"href":"https:\/\/www.claret.cat\/es\/wp-json\/wp\/v2\/types\/product"}],"wp:featuredmedia":[{"embeddable":true,"href":"https:\/\/www.claret.cat\/es\/wp-json\/wp\/v2\/media\/254118"}],"wp:attachment":[{"href":"https:\/\/www.claret.cat\/es\/wp-json\/wp\/v2\/media?parent=254117"}],"wp:term":[{"taxonomy":"product_brand","embeddable":true,"href":"https:\/\/www.claret.cat\/es\/wp-json\/wp\/v2\/product_brand?post=254117"},{"taxonomy":"product_cat","embeddable":true,"href":"https:\/\/www.claret.cat\/es\/wp-json\/wp\/v2\/product_cat?post=254117"},{"taxonomy":"product_tag","embeddable":true,"href":"https:\/\/www.claret.cat\/es\/wp-json\/wp\/v2\/product_tag?post=254117"}],"curies":[{"name":"wp","href":"https:\/\/api.w.org\/{rel}","templated":true}]}}