{"id":254233,"date":"2022-10-21T10:53:52","date_gmt":"2022-10-21T08:53:52","guid":{"rendered":"http:\/\/dev.claret.cat\/producte\/vocacion\/"},"modified":"2025-04-08T12:12:26","modified_gmt":"2025-04-08T10:12:26","slug":"vocacion-9788460655008","status":"publish","type":"product","link":"https:\/\/www.claret.cat\/es\/libro\/vocacion-9788460655008\/","title":{"rendered":"VOCACI\u00d3N"},"content":{"rendered":"<p>En este a\u00f1o dedicado por el Papa Francisco a la Vida consagrada, Ediciones San Juan ha publicado un libro compuesto por seis escritos hasta ahora in\u00e9ditos en castellano del gran te\u00f3logo suizo Hans Urs von Balthasar: Vocaci\u00f3n. Origen de la Vida Consagrada.<\/p>\n<p>Vocaci\u00f3n es una palabra cristiana que remite a uno que llama, que convoca : a Cristo, la Palabra de Dios que suena en el mundo y llama [vox, vocare, vocatio]. (Vocaci\u00f3n, texto V, \u00abVocaci\u00f3n \u2013 seg\u00fan el Nuevo Testamento\u00bb)<\/p>\n<p>El volumen incluye adem\u00e1s dos reflexiones de especialistas sobre las<br \/>aportaciones del libro.<\/p>\n<p>Cada uno de estos textos constata que la vida consagrada es central para la existencia y la misi\u00f3n de la Iglesia, y en todos se reconoce el motivo de tal centralidad: el hecho de que la forma de vida de Jesucristo, en pobreza, virginidad y obediencia, da a la existencia del cristiano consagrado a Dios su configuraci\u00f3n estable como disponibilidad, obediencia y entrega al amor divino. [\u2026] Ahora bien, lo que es central en la Iglesia tiene que ver con todos los miembros de ella, no s\u00f3lo con uno de los estados de vida eclesiales. De acuerdo con esta intuici\u00f3n, nuestro libro hace evidente que la vida y la vitalidad de los consejos evang\u00e9licos nace de la vida del Se\u00f1or y de su muerte y resurrecci\u00f3n, no s\u00f3lo como forma del estado consagrado, sino tambi\u00e9n como representaci\u00f3n paradigm\u00e1tica de la forma de vida de todos los creyentes.<\/p>\n<p>Ricardo Aldana, S. de J., profesor de seminario en Granada y C\u00f3rdoba<br \/>Adrian J. Walker, editor de la revista Communio (Edici\u00f3n EE. UU.)<\/p>\n<p>En definitiva, los textos recogidos aqu\u00ed no han perdido nada de su actualidad. En ellos resuena todav\u00eda, y en todo su vigor, la voz de uno que nunca ha cesado de allanar los senderos del Se\u00f1or, como un gesto que indica al Cristo que contin\u00faa (para decirlo con Ignacio de Loyola) a llamar a &#8216;salvar las almas&#8217; junto con \u00c9l.<\/p>\n<p>Jacques Servais S.J., profesor en la Universidad Gregoriana hasta el 2013, actualmente rector de la Casa Balthasar<\/p>\n<p>El libro fue el tema de la Jornada 2015 de la Fundaci\u00f3n Maior y ha suscitado mucho aprecio<\/p>\n","protected":false},"excerpt":{"rendered":"<p>VON BALTHASAR, HANS URS<\/p>\n","protected":false},"featured_media":1017271,"template":"","meta":{"_acf_changed":false,"om_disable_all_campaigns":false,"rs_blank_template":"","rs_page_bg_color":"","slide_template_v7":"","inline_featured_image":false,"_monsterinsights_skip_tracking":false,"_monsterinsights_sitenote_active":false,"_monsterinsights_sitenote_note":"","_monsterinsights_sitenote_category":0},"product_brand":[],"product_cat":[90,540],"product_tag":[],"class_list":{"0":"post-254233","1":"product","2":"type-product","3":"status-publish","4":"has-post-thumbnail","6":"product_cat-altres","7":"product_cat-otros","9":"first","10":"outofstock","11":"taxable","12":"shipping-taxable","13":"purchasable","14":"product-type-simple"},"acf":{"autor":"VON BALTHASAR, HANS URS","codart":"846065500","libros-coleccion":"","ediciones":"1","encuadernacion":"Carton\u00e9","fecha_de_publicacion":"01\/03\/2015","novedad":"0","paginas":"152","subtitulo":"ORIGEN DE LA VIDA CONSAGRADA","orden":"999","portada":"0","idioma":"spa","editorial":[{"ID":147849,"post_author":"3","post_date":"2022-10-14 11:53:41","post_date_gmt":"2022-10-14 09:53:41","post_content":"","post_title":"EDICIONES SAN JUAN","post_excerpt":"","post_status":"publish","comment_status":"closed","ping_status":"closed","post_password":"","post_name":"ediciones-san-juan","to_ping":"","pinged":"","post_modified":"2022-10-14 11:53:41","post_modified_gmt":"2022-10-14 09:53:41","post_content_filtered":"","post_parent":0,"guid":"http:\/\/dev.claret.cat\/editorial\/ediciones-san-juan\/","menu_order":0,"post_type":"editorial","post_mime_type":"","comment_count":"0","filter":"raw"}],"autores-libros":[{"ID":281105,"post_author":"3","post_date":"2022-12-09 22:05:14","post_date_gmt":"2022-12-09 21:05:14","post_content":"","post_title":"HANS URS VON BALTHASAR","post_excerpt":"","post_status":"publish","comment_status":"closed","ping_status":"closed","post_password":"","post_name":"hans-urs-von-balthasar-3","to_ping":"","pinged":"","post_modified":"2022-12-09 22:05:14","post_modified_gmt":"2022-12-09 21:05:14","post_content_filtered":"","post_parent":0,"guid":"http:\/\/dev.claret.cat\/autor\/hans-urs-von-balthasar-3\/","menu_order":0,"post_type":"autor","post_mime_type":"","comment_count":"0","filter":"raw"}]},"aioseo_notices":[],"_links":{"self":[{"href":"https:\/\/www.claret.cat\/es\/wp-json\/wp\/v2\/product\/254233","targetHints":{"allow":["GET"]}}],"collection":[{"href":"https:\/\/www.claret.cat\/es\/wp-json\/wp\/v2\/product"}],"about":[{"href":"https:\/\/www.claret.cat\/es\/wp-json\/wp\/v2\/types\/product"}],"wp:featuredmedia":[{"embeddable":true,"href":"https:\/\/www.claret.cat\/es\/wp-json\/wp\/v2\/media\/1017271"}],"wp:attachment":[{"href":"https:\/\/www.claret.cat\/es\/wp-json\/wp\/v2\/media?parent=254233"}],"wp:term":[{"taxonomy":"product_brand","embeddable":true,"href":"https:\/\/www.claret.cat\/es\/wp-json\/wp\/v2\/product_brand?post=254233"},{"taxonomy":"product_cat","embeddable":true,"href":"https:\/\/www.claret.cat\/es\/wp-json\/wp\/v2\/product_cat?post=254233"},{"taxonomy":"product_tag","embeddable":true,"href":"https:\/\/www.claret.cat\/es\/wp-json\/wp\/v2\/product_tag?post=254233"}],"curies":[{"name":"wp","href":"https:\/\/api.w.org\/{rel}","templated":true}]}}