{"id":254294,"date":"2022-10-21T10:55:15","date_gmt":"2022-10-21T08:55:15","guid":{"rendered":"http:\/\/dev.claret.cat\/producte\/la-cinquena-onada\/"},"modified":"2025-02-04T18:37:46","modified_gmt":"2025-02-04T17:37:46","slug":"la-cinquena-onada-9788427208636","status":"publish","type":"product","link":"https:\/\/www.claret.cat\/es\/libro\/la-cinquena-onada-9788427208636\/","title":{"rendered":"LA CINQUENA ONADA"},"content":{"rendered":"<p>A l&#8221;inici de la cinquena onada, la Cassie fuig per un tram d&#8221;autovia desolat. Fuig d&#8221;ells. D&#8221;aquells \u00e9ssers<br \/> que, malgrat el seu aspecte hum\u00e0, deambulen pel camp eliminant a tothom, dispersant i a\u00efllant els escassos supervivents.<br \/>  La Cassie sap que l&#8221;\u00fanica manera que t\u00e9 de continuar viva \u00e9s seguir estant sola. Sense confiar en ning\u00fa. Fins que<br \/> troba l&#8221;Evan Walker, un jove enigm\u00e0tic que sembla capa\u00e7 d&#8221;ajudar-la a trobar el seu germ\u00e0. Ha arribat el moment de<br \/> prendre una decisi\u00f3 definitiva: confiar-hi o perdre l&#8221;esperan\u00e7a, desafiar o rendir-se&#8230;, abandonar o lluitar.<\/p>\n","protected":false},"excerpt":{"rendered":"<p>YANCEY , RICK<\/p>\n","protected":false},"featured_media":254295,"template":"","meta":{"_acf_changed":false,"om_disable_all_campaigns":false,"rs_blank_template":"","rs_page_bg_color":"","slide_template_v7":"","inline_featured_image":false,"_monsterinsights_skip_tracking":false,"_monsterinsights_sitenote_active":false,"_monsterinsights_sitenote_note":"","_monsterinsights_sitenote_category":0},"product_brand":[],"product_cat":[90,540],"product_tag":[],"class_list":{"0":"post-254294","1":"product","2":"type-product","3":"status-publish","4":"has-post-thumbnail","6":"product_cat-altres","7":"product_cat-otros","9":"first","10":"instock","11":"taxable","12":"shipping-taxable","13":"purchasable","14":"product-type-simple"},"acf":{"autor":"YANCEY , RICK","codart":"842720863","libros-coleccion":"","ediciones":"1","encuadernacion":"R\u00fastica","fecha_de_publicacion":"01\/03\/2015","novedad":"0","paginas":"474","subtitulo":"","orden":"999","portada":"0","idioma":"cat","editorial":[{"ID":8268,"post_author":"3","post_date":"2022-09-30 09:21:37","post_date_gmt":"2022-09-30 07:21:37","post_content":"","post_title":"RBA LIBROS SA.","post_excerpt":"","post_status":"publish","comment_status":"closed","ping_status":"closed","post_password":"","post_name":"rba-libros-sa","to_ping":"","pinged":"","post_modified":"2022-09-30 09:21:37","post_modified_gmt":"2022-09-30 07:21:37","post_content_filtered":"","post_parent":0,"guid":"http:\/\/dev.claret.cat\/editorial\/rba-libros-sa\/","menu_order":0,"post_type":"editorial","post_mime_type":"","comment_count":"0","filter":"raw"}],"autores-libros":[{"ID":399011,"post_author":"3","post_date":"2023-02-27 03:01:49","post_date_gmt":"2023-02-27 02:01:49","post_content":"","post_title":"RICK YANCEY","post_excerpt":"","post_status":"publish","comment_status":"closed","ping_status":"closed","post_password":"","post_name":"rick-yancey","to_ping":"","pinged":"","post_modified":"2023-02-27 03:01:49","post_modified_gmt":"2023-02-27 02:01:49","post_content_filtered":"","post_parent":0,"guid":"https:\/\/www.claret.cat\/autor\/rick-yancey\/","menu_order":0,"post_type":"autor","post_mime_type":"","comment_count":"0","filter":"raw"}]},"aioseo_notices":[],"_links":{"self":[{"href":"https:\/\/www.claret.cat\/es\/wp-json\/wp\/v2\/product\/254294","targetHints":{"allow":["GET"]}}],"collection":[{"href":"https:\/\/www.claret.cat\/es\/wp-json\/wp\/v2\/product"}],"about":[{"href":"https:\/\/www.claret.cat\/es\/wp-json\/wp\/v2\/types\/product"}],"wp:featuredmedia":[{"embeddable":true,"href":"https:\/\/www.claret.cat\/es\/wp-json\/wp\/v2\/media\/254295"}],"wp:attachment":[{"href":"https:\/\/www.claret.cat\/es\/wp-json\/wp\/v2\/media?parent=254294"}],"wp:term":[{"taxonomy":"product_brand","embeddable":true,"href":"https:\/\/www.claret.cat\/es\/wp-json\/wp\/v2\/product_brand?post=254294"},{"taxonomy":"product_cat","embeddable":true,"href":"https:\/\/www.claret.cat\/es\/wp-json\/wp\/v2\/product_cat?post=254294"},{"taxonomy":"product_tag","embeddable":true,"href":"https:\/\/www.claret.cat\/es\/wp-json\/wp\/v2\/product_tag?post=254294"}],"curies":[{"name":"wp","href":"https:\/\/api.w.org\/{rel}","templated":true}]}}