{"id":254412,"date":"2022-10-21T10:58:06","date_gmt":"2022-10-21T08:58:06","guid":{"rendered":"http:\/\/dev.claret.cat\/producte\/la-dieta-5-2-mas-sabrosa\/"},"modified":"2025-02-04T18:34:51","modified_gmt":"2025-02-04T17:34:51","slug":"la-dieta-52-mas-sabrosa-9788490563335","status":"publish","type":"product","link":"https:\/\/www.claret.cat\/es\/libro\/la-dieta-52-mas-sabrosa-9788490563335\/","title":{"rendered":"LA DIETA 5\/2 M\u00c1S SABROSA"},"content":{"rendered":"<p>*LA DIETA DE MODA EN TODA EUROPA, POR FIN, EN UN LIBRO ATRACTIVO, PR\u00c1CTICO Y ADAPTADO A NUESTRO PA\u00cdS. *El<br \/> m\u00e9todo resumido: 2 d\u00edas a la semana s\u00f3lo 500 calor\u00edas *M\u00e1s de 100 recetas de temporada *\u00a14 semanas de programa!<br \/> *Recetas \u00abS\u00faper 500 calor\u00edas\u00bb que permiten cocinar para todo el d\u00eda<\/p>\n","protected":false},"excerpt":{"rendered":"<p>DEBEUGNY , CHARLOTTE \/ DE MONTALIER , DELPHINE<\/p>\n","protected":false},"featured_media":254413,"template":"","meta":{"_acf_changed":false,"om_disable_all_campaigns":false,"rs_blank_template":"","rs_page_bg_color":"","slide_template_v7":"","inline_featured_image":false,"_monsterinsights_skip_tracking":false,"_monsterinsights_sitenote_active":false,"_monsterinsights_sitenote_note":"","_monsterinsights_sitenote_category":0},"product_brand":[],"product_cat":[90,540],"product_tag":[],"class_list":{"0":"post-254412","1":"product","2":"type-product","3":"status-publish","4":"has-post-thumbnail","6":"product_cat-altres","7":"product_cat-otros","9":"first","10":"instock","11":"taxable","12":"shipping-taxable","13":"purchasable","14":"product-type-simple"},"acf":{"autor":"DEBEUGNY , CHARLOTTE \/ DE MONTALIER , DELPHINE","codart":"849056333","libros-coleccion":"","ediciones":"1","encuadernacion":"R\u00fastica","fecha_de_publicacion":"01\/03\/2015","novedad":"0","paginas":"207","subtitulo":"","orden":"999","portada":"0","idioma":"spa","editorial":[{"ID":8268,"post_author":"3","post_date":"2022-09-30 09:21:37","post_date_gmt":"2022-09-30 07:21:37","post_content":"","post_title":"RBA LIBROS SA.","post_excerpt":"","post_status":"publish","comment_status":"closed","ping_status":"closed","post_password":"","post_name":"rba-libros-sa","to_ping":"","pinged":"","post_modified":"2022-09-30 09:21:37","post_modified_gmt":"2022-09-30 07:21:37","post_content_filtered":"","post_parent":0,"guid":"http:\/\/dev.claret.cat\/editorial\/rba-libros-sa\/","menu_order":0,"post_type":"editorial","post_mime_type":"","comment_count":"0","filter":"raw"}],"autores-libros":[{"ID":421270,"post_author":"3","post_date":"2023-05-16 06:54:37","post_date_gmt":"2023-05-16 04:54:37","post_content":"","post_title":"CHARLOTTE DEBEUGNY","post_excerpt":"","post_status":"publish","comment_status":"closed","ping_status":"closed","post_password":"","post_name":"charlotte-debeugny","to_ping":"","pinged":"","post_modified":"2023-05-16 06:54:37","post_modified_gmt":"2023-05-16 04:54:37","post_content_filtered":"","post_parent":0,"guid":"https:\/\/www.claret.cat\/autor\/charlotte-debeugny\/","menu_order":0,"post_type":"autor","post_mime_type":"","comment_count":"0","filter":"raw"},{"ID":421830,"post_author":"3","post_date":"2023-05-16 07:06:26","post_date_gmt":"2023-05-16 05:06:26","post_content":"","post_title":"DELPHINE DE MONTALIER","post_excerpt":"","post_status":"publish","comment_status":"closed","ping_status":"closed","post_password":"","post_name":"delphine-de-montalier","to_ping":"","pinged":"","post_modified":"2023-05-16 07:06:26","post_modified_gmt":"2023-05-16 05:06:26","post_content_filtered":"","post_parent":0,"guid":"https:\/\/www.claret.cat\/autor\/delphine-de-montalier\/","menu_order":0,"post_type":"autor","post_mime_type":"","comment_count":"0","filter":"raw"}]},"aioseo_notices":[],"_links":{"self":[{"href":"https:\/\/www.claret.cat\/es\/wp-json\/wp\/v2\/product\/254412","targetHints":{"allow":["GET"]}}],"collection":[{"href":"https:\/\/www.claret.cat\/es\/wp-json\/wp\/v2\/product"}],"about":[{"href":"https:\/\/www.claret.cat\/es\/wp-json\/wp\/v2\/types\/product"}],"wp:featuredmedia":[{"embeddable":true,"href":"https:\/\/www.claret.cat\/es\/wp-json\/wp\/v2\/media\/254413"}],"wp:attachment":[{"href":"https:\/\/www.claret.cat\/es\/wp-json\/wp\/v2\/media?parent=254412"}],"wp:term":[{"taxonomy":"product_brand","embeddable":true,"href":"https:\/\/www.claret.cat\/es\/wp-json\/wp\/v2\/product_brand?post=254412"},{"taxonomy":"product_cat","embeddable":true,"href":"https:\/\/www.claret.cat\/es\/wp-json\/wp\/v2\/product_cat?post=254412"},{"taxonomy":"product_tag","embeddable":true,"href":"https:\/\/www.claret.cat\/es\/wp-json\/wp\/v2\/product_tag?post=254412"}],"curies":[{"name":"wp","href":"https:\/\/api.w.org\/{rel}","templated":true}]}}