{"id":254488,"date":"2022-10-21T11:00:06","date_gmt":"2022-10-21T09:00:06","guid":{"rendered":"http:\/\/dev.claret.cat\/producte\/vi-catala\/"},"modified":"2025-02-01T00:49:44","modified_gmt":"2025-01-31T23:49:44","slug":"vi-catala-9788483308257","status":"publish","type":"product","link":"https:\/\/www.claret.cat\/es\/libro\/vi-catala-9788483308257\/","title":{"rendered":"VI CATAL\u00c0"},"content":{"rendered":"<p>D&#8221;en\u00e7\u00e0 que els grecs van plantar els primers ceps de moscatell ara fa 25 segles, Catalunya ha estat sempre una terra de vins i de vinyes. Per\u00f2 aix\u00f2 no significa que s&#8221;hagi arribat f\u00e0cilment a la situaci\u00f3 present, en qu\u00e8 el vi catal\u00e0 s&#8221;est\u00e0 donant a con\u00e8ixer al m\u00f3n i tot fa pensar que t\u00e9 per davant un futur esplendor\u00f3s. En aquest llibre, escrit per tres acreditats professionals del m\u00f3n del vi, s&#8221;exposen les claus hist\u00f2riques que expliquen les vicissituds del sector i els indicis que ofereixen una renovada esperan\u00e7a per al nostre patrimoni vit\u00edcola, i tamb\u00e9 es presenten les principals menes de vi catal\u00e0 i les varietats que les componen.<\/p>\n","protected":false},"excerpt":{"rendered":"<p>ALCOVER MESTRES, JORDI \/ ABELLAN SASTRE, JORDI \/ NARANJO ROSALES, S\u00cdLVIA<\/p>\n","protected":false},"featured_media":254489,"template":"","meta":{"_acf_changed":false,"om_disable_all_campaigns":false,"rs_blank_template":"","rs_page_bg_color":"","slide_template_v7":"","inline_featured_image":false,"_monsterinsights_skip_tracking":false,"_monsterinsights_sitenote_active":false,"_monsterinsights_sitenote_note":"","_monsterinsights_sitenote_category":0},"product_brand":[],"product_cat":[90,540],"product_tag":[],"class_list":{"0":"post-254488","1":"product","2":"type-product","3":"status-publish","4":"has-post-thumbnail","6":"product_cat-altres","7":"product_cat-otros","9":"first","10":"instock","11":"taxable","12":"shipping-taxable","13":"purchasable","14":"product-type-simple"},"acf":{"autor":"ALCOVER MESTRES, JORDI \/ ABELLAN SASTRE, JORDI \/ NARANJO ROSALES, S\u00cdLVIA","codart":"848330825","libros-coleccion":"","ediciones":"1","encuadernacion":"R\u00fastica","fecha_de_publicacion":"01\/03\/2015","novedad":"0","paginas":"170","subtitulo":"UNA REIVINDICACI\u00d3 HIST\u00d2RICA","orden":"999","portada":"0","idioma":"cat","editorial":[{"ID":262572,"post_author":"3","post_date":"2022-10-24 11:26:07","post_date_gmt":"2022-10-24 09:26:07","post_content":"","post_title":"VIENA EDICIONES","post_excerpt":"","post_status":"publish","comment_status":"closed","ping_status":"closed","post_password":"","post_name":"viena-ediciones","to_ping":"","pinged":"","post_modified":"2022-10-24 11:26:07","post_modified_gmt":"2022-10-24 09:26:07","post_content_filtered":"","post_parent":0,"guid":"http:\/\/dev.claret.cat\/editorial\/viena-ediciones\/","menu_order":0,"post_type":"editorial","post_mime_type":"","comment_count":"0","filter":"raw"}],"autores-libros":[{"ID":320233,"post_author":"3","post_date":"2023-01-03 00:07:55","post_date_gmt":"2023-01-02 23:07:55","post_content":"","post_title":"JORDI ALCOVER MESTRES","post_excerpt":"","post_status":"publish","comment_status":"closed","ping_status":"closed","post_password":"","post_name":"jordi-alcover-mestres","to_ping":"","pinged":"","post_modified":"2023-01-03 00:07:55","post_modified_gmt":"2023-01-02 23:07:55","post_content_filtered":"","post_parent":0,"guid":"https:\/\/www.claret.cat\/autor\/jordi-alcover-mestres\/","menu_order":0,"post_type":"autor","post_mime_type":"","comment_count":"0","filter":"raw"},{"ID":424332,"post_author":"3","post_date":"2023-05-16 07:58:17","post_date_gmt":"2023-05-16 05:58:17","post_content":"","post_title":"JORDI ABELLAN SASTRE","post_excerpt":"","post_status":"publish","comment_status":"closed","ping_status":"closed","post_password":"","post_name":"jordi-abellan-sastre","to_ping":"","pinged":"","post_modified":"2023-05-16 07:58:17","post_modified_gmt":"2023-05-16 05:58:17","post_content_filtered":"","post_parent":0,"guid":"https:\/\/www.claret.cat\/autor\/jordi-abellan-sastre\/","menu_order":0,"post_type":"autor","post_mime_type":"","comment_count":"0","filter":"raw"},{"ID":320234,"post_author":"3","post_date":"2023-01-03 00:07:56","post_date_gmt":"2023-01-02 23:07:56","post_content":"","post_title":"S\u00cdLVIA NARANJO ROSALES","post_excerpt":"","post_status":"publish","comment_status":"closed","ping_status":"closed","post_password":"","post_name":"silvia-naranjo-rosales","to_ping":"","pinged":"","post_modified":"2023-01-03 00:07:56","post_modified_gmt":"2023-01-02 23:07:56","post_content_filtered":"","post_parent":0,"guid":"https:\/\/www.claret.cat\/autor\/silvia-naranjo-rosales\/","menu_order":0,"post_type":"autor","post_mime_type":"","comment_count":"0","filter":"raw"}]},"aioseo_notices":[],"_links":{"self":[{"href":"https:\/\/www.claret.cat\/es\/wp-json\/wp\/v2\/product\/254488","targetHints":{"allow":["GET"]}}],"collection":[{"href":"https:\/\/www.claret.cat\/es\/wp-json\/wp\/v2\/product"}],"about":[{"href":"https:\/\/www.claret.cat\/es\/wp-json\/wp\/v2\/types\/product"}],"wp:featuredmedia":[{"embeddable":true,"href":"https:\/\/www.claret.cat\/es\/wp-json\/wp\/v2\/media\/254489"}],"wp:attachment":[{"href":"https:\/\/www.claret.cat\/es\/wp-json\/wp\/v2\/media?parent=254488"}],"wp:term":[{"taxonomy":"product_brand","embeddable":true,"href":"https:\/\/www.claret.cat\/es\/wp-json\/wp\/v2\/product_brand?post=254488"},{"taxonomy":"product_cat","embeddable":true,"href":"https:\/\/www.claret.cat\/es\/wp-json\/wp\/v2\/product_cat?post=254488"},{"taxonomy":"product_tag","embeddable":true,"href":"https:\/\/www.claret.cat\/es\/wp-json\/wp\/v2\/product_tag?post=254488"}],"curies":[{"name":"wp","href":"https:\/\/api.w.org\/{rel}","templated":true}]}}