{"id":254556,"date":"2022-10-21T11:02:09","date_gmt":"2022-10-21T09:02:09","guid":{"rendered":"http:\/\/dev.claret.cat\/producte\/socorrosomos-padres-primerizos\/"},"modified":"2023-01-28T09:15:16","modified_gmt":"2023-01-28T08:15:16","slug":"socorrosomos-padres-primerizos-9788490941096","status":"publish","type":"product","link":"https:\/\/www.claret.cat\/es\/libro\/socorrosomos-padres-primerizos-9788490941096\/","title":{"rendered":"\u00a1SOCORRO!SOMOS PADRES PRIMERIZOS"},"content":{"rendered":"<p>&#8216;\u00a1Socorro, somos padres primerizos!&#8217; Por fin los beb\u00e9s vienen con manual de instrucciones. &#8216;\u00a1Socorro! Somos padres primerizos&#8217; son 99 consejos imprescindibles y divertid\u00edsimos que todos los padres primerizos necesitan tener para sobrevivir a esa \u00e9poca tan llena de interrogantes. Todo un manual con el que los padres primerizos se sentir\u00e1n reconfortantemente identificados y a su vez tendr\u00e1n una gu\u00eda hacia la luz al final del t\u00fanel de pa\u00f1ales, toallitas y cremitas. <\/p>\n<p> Autores: Carlos Bonache<\/p>\n","protected":false},"excerpt":{"rendered":"<p>BONACHE, CARLOS<\/p>\n","protected":false},"featured_media":254557,"template":"","meta":{"_acf_changed":false,"om_disable_all_campaigns":false,"rs_blank_template":"","rs_page_bg_color":"","slide_template_v7":"","inline_featured_image":false,"_monsterinsights_skip_tracking":false,"_monsterinsights_sitenote_active":false,"_monsterinsights_sitenote_note":"","_monsterinsights_sitenote_category":0},"product_brand":[],"product_cat":[108],"product_tag":[],"class_list":{"0":"post-254556","1":"product","2":"type-product","3":"status-publish","4":"has-post-thumbnail","6":"product_cat-comic","8":"first","9":"instock","10":"taxable","11":"shipping-taxable","12":"purchasable","13":"product-type-simple"},"acf":{"autor":"BONACHE, CARLOS","codart":"849094109","libros-coleccion":"SUSHI BOOKS","ediciones":"1","encuadernacion":"Carton\u00e9","fecha_de_publicacion":"01\/03\/2015","novedad":"1","paginas":"196","subtitulo":"99 CONSEJOS IMPRESCINDIBLES","orden":"0","portada":"0","idioma":"spa","editorial":[{"ID":148637,"post_author":"3","post_date":"2022-10-14 11:59:48","post_date_gmt":"2022-10-14 09:59:48","post_content":"","post_title":"PANINI FONDO","post_excerpt":"","post_status":"publish","comment_status":"closed","ping_status":"closed","post_password":"","post_name":"panini-fondo","to_ping":"","pinged":"","post_modified":"2022-10-14 11:59:48","post_modified_gmt":"2022-10-14 09:59:48","post_content_filtered":"","post_parent":0,"guid":"http:\/\/dev.claret.cat\/editorial\/panini-fondo\/","menu_order":0,"post_type":"editorial","post_mime_type":"","comment_count":"0","filter":"raw"}]},"aioseo_notices":[],"_links":{"self":[{"href":"https:\/\/www.claret.cat\/es\/wp-json\/wp\/v2\/product\/254556","targetHints":{"allow":["GET"]}}],"collection":[{"href":"https:\/\/www.claret.cat\/es\/wp-json\/wp\/v2\/product"}],"about":[{"href":"https:\/\/www.claret.cat\/es\/wp-json\/wp\/v2\/types\/product"}],"wp:featuredmedia":[{"embeddable":true,"href":"https:\/\/www.claret.cat\/es\/wp-json\/wp\/v2\/media\/254557"}],"wp:attachment":[{"href":"https:\/\/www.claret.cat\/es\/wp-json\/wp\/v2\/media?parent=254556"}],"wp:term":[{"taxonomy":"product_brand","embeddable":true,"href":"https:\/\/www.claret.cat\/es\/wp-json\/wp\/v2\/product_brand?post=254556"},{"taxonomy":"product_cat","embeddable":true,"href":"https:\/\/www.claret.cat\/es\/wp-json\/wp\/v2\/product_cat?post=254556"},{"taxonomy":"product_tag","embeddable":true,"href":"https:\/\/www.claret.cat\/es\/wp-json\/wp\/v2\/product_tag?post=254556"}],"curies":[{"name":"wp","href":"https:\/\/api.w.org\/{rel}","templated":true}]}}