{"id":254571,"date":"2022-10-21T11:02:30","date_gmt":"2022-10-21T09:02:30","guid":{"rendered":"http:\/\/dev.claret.cat\/producte\/el-hecho-extraordinario-2\/"},"modified":"2023-01-28T17:55:23","modified_gmt":"2023-01-28T16:55:23","slug":"el-hecho-extraordinario-9788490550823","status":"publish","type":"product","link":"https:\/\/www.claret.cat\/es\/libro\/el-hecho-extraordinario-9788490550823\/","title":{"rendered":"EL  HECHO EXTRAORDINARIO"},"content":{"rendered":"<p>Manuel Garc\u00eda Morente, uno de los fil\u00f3sofos espa\u00f1oles m\u00e1s importantes del siglo XX, relata magistralmente, en una carta enviada a su amigo el P. Jos\u00e9 Mar\u00eda Garc\u00eda Lahiguera, \u00abel hecho extraordinario\u00bb de su conversi\u00f3n, ocurrida durante su exilio en Par\u00eds en 1937. Un encuentro con la fe perdida que le llevar\u00e1 a ordenarse sacerdote tres a\u00f1os despu\u00e9s.<\/p>\n","protected":false},"excerpt":{"rendered":"<p>GARC\u00cdA MORENTE, MANUEL<\/p>\n","protected":false},"featured_media":254572,"template":"","meta":{"_acf_changed":false,"om_disable_all_campaigns":false,"rs_blank_template":"","rs_page_bg_color":"","slide_template_v7":"","inline_featured_image":false,"_monsterinsights_skip_tracking":false,"_monsterinsights_sitenote_active":false,"_monsterinsights_sitenote_note":"","_monsterinsights_sitenote_category":0},"product_brand":[],"product_cat":[16],"product_tag":[],"class_list":{"0":"post-254571","1":"product","2":"type-product","3":"status-publish","4":"has-post-thumbnail","6":"product_cat-sense-categoria","8":"first","9":"instock","10":"taxable","11":"shipping-taxable","12":"purchasable","13":"product-type-simple"},"acf":{"autor":"GARC\u00cdA MORENTE, MANUEL","codart":"849055082","libros-coleccion":"","ediciones":"1","encuadernacion":"Carpeta","fecha_de_publicacion":"01\/03\/2015","novedad":"0","paginas":"70","subtitulo":"","orden":"999","portada":"0","idioma":"spa","editorial":[{"ID":148093,"post_author":"3","post_date":"2022-10-14 11:55:35","post_date_gmt":"2022-10-14 09:55:35","post_content":"","post_title":"ENCUENTRO S.A.","post_excerpt":"","post_status":"publish","comment_status":"closed","ping_status":"closed","post_password":"","post_name":"encuentro-s-a","to_ping":"","pinged":"","post_modified":"2022-10-14 11:55:35","post_modified_gmt":"2022-10-14 09:55:35","post_content_filtered":"","post_parent":0,"guid":"http:\/\/dev.claret.cat\/editorial\/encuentro-s-a\/","menu_order":0,"post_type":"editorial","post_mime_type":"","comment_count":"0","filter":"raw"}]},"aioseo_notices":[],"_links":{"self":[{"href":"https:\/\/www.claret.cat\/es\/wp-json\/wp\/v2\/product\/254571","targetHints":{"allow":["GET"]}}],"collection":[{"href":"https:\/\/www.claret.cat\/es\/wp-json\/wp\/v2\/product"}],"about":[{"href":"https:\/\/www.claret.cat\/es\/wp-json\/wp\/v2\/types\/product"}],"wp:featuredmedia":[{"embeddable":true,"href":"https:\/\/www.claret.cat\/es\/wp-json\/wp\/v2\/media\/254572"}],"wp:attachment":[{"href":"https:\/\/www.claret.cat\/es\/wp-json\/wp\/v2\/media?parent=254571"}],"wp:term":[{"taxonomy":"product_brand","embeddable":true,"href":"https:\/\/www.claret.cat\/es\/wp-json\/wp\/v2\/product_brand?post=254571"},{"taxonomy":"product_cat","embeddable":true,"href":"https:\/\/www.claret.cat\/es\/wp-json\/wp\/v2\/product_cat?post=254571"},{"taxonomy":"product_tag","embeddable":true,"href":"https:\/\/www.claret.cat\/es\/wp-json\/wp\/v2\/product_tag?post=254571"}],"curies":[{"name":"wp","href":"https:\/\/api.w.org\/{rel}","templated":true}]}}