{"id":254618,"date":"2022-10-21T11:03:41","date_gmt":"2022-10-21T09:03:41","guid":{"rendered":"http:\/\/dev.claret.cat\/producte\/una-vida-heroica-para-cambiar-el-mundo\/"},"modified":"2026-01-19T13:11:44","modified_gmt":"2026-01-19T12:11:44","slug":"una-vida-heroica-para-cambiar-el-mundo-9788429324303","status":"publish","type":"product","link":"https:\/\/www.claret.cat\/es\/libro\/una-vida-heroica-para-cambiar-el-mundo-9788429324303\/","title":{"rendered":"UNA VIDA HEROICA PARA CAMBIAR EL MUNDO"},"content":{"rendered":"<p>Una ma\u00f1ana te despiertas y te das cuenta de que la vida con la que hab\u00edas so\u00f1ado te ha sido esquiva. Tienes la sensaci\u00f3n de que algo mejor algo m\u00e1s grande est\u00e1 esper\u00e1ndote, pero no eres del todo capaz de hacerte con ello. Sabes que la fama y la fortuna no son la respuesta a tus ansias de una vida plenamente satisfactoria, que la aut\u00e9ntica respuesta consiste en descubrir y vivir el verdadero sentido de la vida: una raz\u00f3n para vivir que es mucho mayor que t\u00fa y que tiene la virtud de transformarlo todo: tu persona, tus relaciones, el mundo&#8230; En Una vida heroicapara cambiar el mundo, Chris Lowney combina su experiencia en el mundo de los negocios y las finanzas con determinadas pr\u00e1cticas perfectamente probadas de la espiritualidad ignaciana, con el fin de ayudarnos a cada uno de nosotros con independencia de la vocaci\u00f3n, la carrera o la situaci\u00f3n de cada cual a descubrir un prop\u00f3sito capaz de llenar nuestra vida y a desarrollar la estrategia apropiada para lograrlo. Mezclando inteligentemente su conocimiento del mundo empresarial y su sabidur\u00eda espiritual, Lowney proporciona los medios necesarios para efectuar una serie de cambios pr\u00e1cticos y duraderos que nos alejen de nuestras vidas compartimentalizadas y nos procuren la satisfacci\u00f3n y la plenitud que cada uno de nosotros desea tan profundamente.<\/p>\n","protected":false},"excerpt":{"rendered":"<p>LOWNEY, CHRIS<\/p>\n","protected":false},"featured_media":1074397,"template":"","meta":{"_acf_changed":false,"om_disable_all_campaigns":false,"rs_blank_template":"","rs_page_bg_color":"","slide_template_v7":"","inline_featured_image":false,"_monsterinsights_skip_tracking":false,"_monsterinsights_sitenote_active":false,"_monsterinsights_sitenote_note":"","_monsterinsights_sitenote_category":0},"product_brand":[],"product_cat":[90,540],"product_tag":[],"class_list":{"0":"post-254618","1":"product","2":"type-product","3":"status-publish","4":"has-post-thumbnail","6":"product_cat-altres","7":"product_cat-otros","9":"first","10":"outofstock","11":"taxable","12":"shipping-taxable","13":"purchasable","14":"product-type-simple"},"acf":{"autor":"LOWNEY, CHRIS","codart":"842932430","libros-coleccion":"","ediciones":"1","encuadernacion":"R\u00fastica","fecha_de_publicacion":"27\/02\/2015","novedad":"0","paginas":"0","subtitulo":"","orden":"999","portada":"0","idioma":"spa","editorial":[{"ID":6351,"post_author":"3","post_date":"2022-07-28 17:50:19","post_date_gmt":"2022-07-28 15:50:19","post_content":"","post_title":"Sal Terrae","post_excerpt":"","post_status":"publish","comment_status":"closed","ping_status":"closed","post_password":"","post_name":"sal-terrae","to_ping":"","pinged":"","post_modified":"2022-07-28 17:50:19","post_modified_gmt":"2022-07-28 15:50:19","post_content_filtered":"","post_parent":0,"guid":"http:\/\/dev.claret.cat\/editorial\/sal-terrae\/","menu_order":0,"post_type":"editorial","post_mime_type":"","comment_count":"0","filter":"raw"}],"autores-libros":[{"ID":152868,"post_author":"3","post_date":"2022-10-14 14:52:14","post_date_gmt":"2022-10-14 12:52:14","post_content":"","post_title":"CHRIS LOWNEY","post_excerpt":"","post_status":"publish","comment_status":"closed","ping_status":"closed","post_password":"","post_name":"chris-lowney","to_ping":"","pinged":"","post_modified":"2022-10-14 14:52:14","post_modified_gmt":"2022-10-14 12:52:14","post_content_filtered":"","post_parent":0,"guid":"http:\/\/dev.claret.cat\/autor\/chris-lowney\/","menu_order":0,"post_type":"autor","post_mime_type":"","comment_count":"0","filter":"raw"}],"booktrailer":"","resenas":""},"aioseo_notices":[],"_links":{"self":[{"href":"https:\/\/www.claret.cat\/es\/wp-json\/wp\/v2\/product\/254618","targetHints":{"allow":["GET"]}}],"collection":[{"href":"https:\/\/www.claret.cat\/es\/wp-json\/wp\/v2\/product"}],"about":[{"href":"https:\/\/www.claret.cat\/es\/wp-json\/wp\/v2\/types\/product"}],"wp:featuredmedia":[{"embeddable":true,"href":"https:\/\/www.claret.cat\/es\/wp-json\/wp\/v2\/media\/1074397"}],"wp:attachment":[{"href":"https:\/\/www.claret.cat\/es\/wp-json\/wp\/v2\/media?parent=254618"}],"wp:term":[{"taxonomy":"product_brand","embeddable":true,"href":"https:\/\/www.claret.cat\/es\/wp-json\/wp\/v2\/product_brand?post=254618"},{"taxonomy":"product_cat","embeddable":true,"href":"https:\/\/www.claret.cat\/es\/wp-json\/wp\/v2\/product_cat?post=254618"},{"taxonomy":"product_tag","embeddable":true,"href":"https:\/\/www.claret.cat\/es\/wp-json\/wp\/v2\/product_tag?post=254618"}],"curies":[{"name":"wp","href":"https:\/\/api.w.org\/{rel}","templated":true}]}}