{"id":254665,"date":"2022-10-21T11:04:57","date_gmt":"2022-10-21T09:04:57","guid":{"rendered":"http:\/\/dev.claret.cat\/producte\/el-secuestro-de-pio-xii\/"},"modified":"2024-05-22T23:30:17","modified_gmt":"2024-05-22T21:30:17","slug":"el-secuestro-de-pio-xii-9788497153164","status":"publish","type":"product","link":"https:\/\/www.claret.cat\/es\/libro\/el-secuestro-de-pio-xii-9788497153164\/","title":{"rendered":"EL SECUESTRO DE PIO XII"},"content":{"rendered":"<p>En agosto de 1942, en una gran estufa de metal, arden unas hojas llenas de apuntes. <br \/>Las ha escrito P\u00edo XII con letra menuda.<br \/>En esos d\u00edas, en los Palacios Vaticanos se hacen desaparecer o se ponen a buen recaudo otros documentos. <br \/>Por Roma circula una voz cada vez m\u00e1s insistente: Adolf Hitler planea invadir la Ciudad del Vaticano y arrestar al Papa. M\u00e1s vale prepararse para lo peor. <br \/>\u00bfC\u00f3mo se ha llegado a esto? <br \/>Y \u00bfqu\u00e9 m\u00e1s deben temer Roma y Europa antes de librarse de la nube negra del nazifascismo? <br \/>Una sugestiva narraci\u00f3n de los hechos dram\u00e1ticos de la Segunda Guerra Mundial a trav\u00e9s de los \u00abojos\u00bb de P\u00edo XII y de su gran antagonista, Adolf Hitler, con un estilo que a\u00fana la s\u00f3lida reconstrucci\u00f3n hist\u00f3rica con el magnetismo del relato. <br \/>EL ARCHIVO SECRETO DEL VATICANO <br \/>M\u00e1s de mil a\u00f1os de historia en 85 km de anaqueles. El Archivo Secreto del Vaticano, al servicio de la Santa Sede desde hace 400 a\u00f1os, es uno de los centros de investigaci\u00f3n hist\u00f3rica m\u00e1s importantes y c\u00e9lebres del mundo. Un cofre de tesoros incomparables: millones de legajos y pergaminos a disposici\u00f3n de estudiosos de cualquier nacionalidad y credo religioso.<\/p>\n","protected":false},"excerpt":{"rendered":"<p>DAL BELLO, MARIO<\/p>\n","protected":false},"featured_media":388183,"template":"","meta":{"_acf_changed":false,"om_disable_all_campaigns":false,"rs_blank_template":"","rs_page_bg_color":"","slide_template_v7":"","inline_featured_image":false,"_monsterinsights_skip_tracking":false,"_monsterinsights_sitenote_active":false,"_monsterinsights_sitenote_note":"","_monsterinsights_sitenote_category":0},"product_brand":[],"product_cat":[90,540],"product_tag":[],"class_list":{"0":"post-254665","1":"product","2":"type-product","3":"status-publish","4":"has-post-thumbnail","6":"product_cat-altres","7":"product_cat-otros","9":"first","10":"instock","11":"taxable","12":"shipping-taxable","13":"purchasable","14":"product-type-simple"},"acf":{"autor":"DAL BELLO, MARIO","codart":"849715316","libros-coleccion":"","ediciones":"1","encuadernacion":"R\u00fastica","fecha_de_publicacion":"19\/02\/2015","novedad":"0","paginas":"208","subtitulo":"LA CONSPIRACI\u00d3N DE HITLER","orden":"999","portada":"0","idioma":"spa","editorial":[{"ID":6157,"post_author":"3","post_date":"2022-07-28 17:46:07","post_date_gmt":"2022-07-28 15:46:07","post_content":"","post_title":"Ciudad Nueva","post_excerpt":"","post_status":"publish","comment_status":"closed","ping_status":"closed","post_password":"","post_name":"ciudad-nueva","to_ping":"","pinged":"","post_modified":"2022-07-28 17:46:07","post_modified_gmt":"2022-07-28 15:46:07","post_content_filtered":"","post_parent":0,"guid":"http:\/\/dev.claret.cat\/editorial\/ciudad-nueva\/","menu_order":0,"post_type":"editorial","post_mime_type":"","comment_count":"0","filter":"raw"}],"autores-libros":[{"ID":163970,"post_author":"3","post_date":"2022-10-14 17:43:19","post_date_gmt":"2022-10-14 15:43:19","post_content":"","post_title":"MARIO DAL BELLO","post_excerpt":"","post_status":"publish","comment_status":"closed","ping_status":"closed","post_password":"","post_name":"mario-dal-bello","to_ping":"","pinged":"","post_modified":"2022-10-14 17:43:19","post_modified_gmt":"2022-10-14 15:43:19","post_content_filtered":"","post_parent":0,"guid":"http:\/\/dev.claret.cat\/autor\/mario-dal-bello\/","menu_order":0,"post_type":"autor","post_mime_type":"","comment_count":"0","filter":"raw"}]},"aioseo_notices":[],"_links":{"self":[{"href":"https:\/\/www.claret.cat\/es\/wp-json\/wp\/v2\/product\/254665","targetHints":{"allow":["GET"]}}],"collection":[{"href":"https:\/\/www.claret.cat\/es\/wp-json\/wp\/v2\/product"}],"about":[{"href":"https:\/\/www.claret.cat\/es\/wp-json\/wp\/v2\/types\/product"}],"wp:featuredmedia":[{"embeddable":true,"href":"https:\/\/www.claret.cat\/es\/wp-json\/wp\/v2\/media\/388183"}],"wp:attachment":[{"href":"https:\/\/www.claret.cat\/es\/wp-json\/wp\/v2\/media?parent=254665"}],"wp:term":[{"taxonomy":"product_brand","embeddable":true,"href":"https:\/\/www.claret.cat\/es\/wp-json\/wp\/v2\/product_brand?post=254665"},{"taxonomy":"product_cat","embeddable":true,"href":"https:\/\/www.claret.cat\/es\/wp-json\/wp\/v2\/product_cat?post=254665"},{"taxonomy":"product_tag","embeddable":true,"href":"https:\/\/www.claret.cat\/es\/wp-json\/wp\/v2\/product_tag?post=254665"}],"curies":[{"name":"wp","href":"https:\/\/api.w.org\/{rel}","templated":true}]}}