{"id":254724,"date":"2022-10-21T11:06:29","date_gmt":"2022-10-21T09:06:29","guid":{"rendered":"http:\/\/dev.claret.cat\/producte\/lodissea-de-sant-jordi\/"},"modified":"2023-01-28T06:35:44","modified_gmt":"2023-01-28T05:35:44","slug":"lodissea-de-sant-jordi-9788466137690","status":"publish","type":"product","link":"https:\/\/www.claret.cat\/es\/libro\/lodissea-de-sant-jordi-9788466137690\/","title":{"rendered":"L&#8217;ODISSEA DE SANT JORDI"},"content":{"rendered":"<p>En Jordi \u00e9s un noiet petit i escardalenc que viu amb una por profunda clavada al ventre. Un dia, fart de les cr\u00edtiques dels ve\u00efns i familiars, decideix deixar-ho tot i emprendre un viatge tot sol. Si veu m\u00f3n i supera les seves pors, potser algun dia podr\u00e0 tornar al seu pa\u00eds i comen\u00e7ar de zero&#8230; L&#8221;amor de la rosa i la saviesa dels llibres seran els grans aliats d&#8221;en Jordi en aquesta odissea personal, que culminar\u00e0 rescatant la princesa i tornant-la a mans del rei, el seu pare.<\/p>\n","protected":false},"excerpt":{"rendered":"<p>QUINTANA, GERARD<\/p>\n","protected":false},"featured_media":254725,"template":"","meta":{"_acf_changed":false,"om_disable_all_campaigns":false,"rs_blank_template":"","rs_page_bg_color":"","slide_template_v7":"","inline_featured_image":false,"_monsterinsights_skip_tracking":false,"_monsterinsights_sitenote_active":false,"_monsterinsights_sitenote_note":"","_monsterinsights_sitenote_category":0},"product_brand":[],"product_cat":[86],"product_tag":[],"class_list":{"0":"post-254724","1":"product","2":"type-product","3":"status-publish","4":"has-post-thumbnail","6":"product_cat-infantil","8":"first","9":"instock","10":"taxable","11":"shipping-taxable","12":"purchasable","13":"product-type-simple"},"acf":{"autor":"QUINTANA, GERARD","codart":"846613769","libros-coleccion":"","ediciones":"1","encuadernacion":"Carton\u00e9","fecha_de_publicacion":"02\/02\/2015","novedad":"0","paginas":"32","subtitulo":"","orden":"999","portada":"0","idioma":"cat","editorial":[{"ID":147680,"post_author":"3","post_date":"2022-10-14 11:52:25","post_date_gmt":"2022-10-14 09:52:25","post_content":"","post_title":"CRUILLA, EDITORIAL","post_excerpt":"","post_status":"publish","comment_status":"closed","ping_status":"closed","post_password":"","post_name":"cruilla-editorial","to_ping":"","pinged":"","post_modified":"2022-10-14 11:52:25","post_modified_gmt":"2022-10-14 09:52:25","post_content_filtered":"","post_parent":0,"guid":"http:\/\/dev.claret.cat\/editorial\/cruilla-editorial\/","menu_order":0,"post_type":"editorial","post_mime_type":"","comment_count":"0","filter":"raw"}],"autores-libros":[{"ID":156799,"post_author":"3","post_date":"2022-10-14 15:23:43","post_date_gmt":"2022-10-14 13:23:43","post_content":"","post_title":"GERARD QUINTANA","post_excerpt":"","post_status":"publish","comment_status":"closed","ping_status":"closed","post_password":"","post_name":"gerard-quintana","to_ping":"","pinged":"","post_modified":"2022-10-14 15:23:43","post_modified_gmt":"2022-10-14 13:23:43","post_content_filtered":"","post_parent":0,"guid":"http:\/\/dev.claret.cat\/autor\/gerard-quintana\/","menu_order":0,"post_type":"autor","post_mime_type":"","comment_count":"0","filter":"raw"}]},"aioseo_notices":[],"_links":{"self":[{"href":"https:\/\/www.claret.cat\/es\/wp-json\/wp\/v2\/product\/254724","targetHints":{"allow":["GET"]}}],"collection":[{"href":"https:\/\/www.claret.cat\/es\/wp-json\/wp\/v2\/product"}],"about":[{"href":"https:\/\/www.claret.cat\/es\/wp-json\/wp\/v2\/types\/product"}],"wp:featuredmedia":[{"embeddable":true,"href":"https:\/\/www.claret.cat\/es\/wp-json\/wp\/v2\/media\/254725"}],"wp:attachment":[{"href":"https:\/\/www.claret.cat\/es\/wp-json\/wp\/v2\/media?parent=254724"}],"wp:term":[{"taxonomy":"product_brand","embeddable":true,"href":"https:\/\/www.claret.cat\/es\/wp-json\/wp\/v2\/product_brand?post=254724"},{"taxonomy":"product_cat","embeddable":true,"href":"https:\/\/www.claret.cat\/es\/wp-json\/wp\/v2\/product_cat?post=254724"},{"taxonomy":"product_tag","embeddable":true,"href":"https:\/\/www.claret.cat\/es\/wp-json\/wp\/v2\/product_tag?post=254724"}],"curies":[{"name":"wp","href":"https:\/\/api.w.org\/{rel}","templated":true}]}}