{"id":254855,"date":"2022-10-21T11:09:27","date_gmt":"2022-10-21T09:09:27","guid":{"rendered":"http:\/\/dev.claret.cat\/producte\/quin-vent\/"},"modified":"2023-01-28T07:24:56","modified_gmt":"2023-01-28T06:24:56","slug":"quin-vent-9788494313042","status":"publish","type":"product","link":"https:\/\/www.claret.cat\/es\/libro\/quin-vent-9788494313042\/","title":{"rendered":"QUIN VENT"},"content":{"rendered":"<p>Un dia de vent, un estel flamant, per a en Blau, el ping\u00fc\u00ed, \u00e9s el vol inaugural. Per\u00f2, l&#8221;estel puja amunt, el vent bufa fort, i en Blau s&#8221;enlaira de cop. Acompanya l&#8221;intr\u00e8pid ping\u00fc\u00ed en aquest viatge inesperat. On el deu portar l&#8221;estel?<\/p>\n<p> Qu\u00e8 faries si et trobes en un lloc estrany, fora de la teva zona de confort i lluny de<br \/> casa teva?<\/p>\n","protected":false},"excerpt":{"rendered":"<p>BIDDULPH, ROB<\/p>\n","protected":false},"featured_media":254856,"template":"","meta":{"_acf_changed":false,"om_disable_all_campaigns":false,"rs_blank_template":"","rs_page_bg_color":"","slide_template_v7":"","inline_featured_image":false,"_monsterinsights_skip_tracking":false,"_monsterinsights_sitenote_active":false,"_monsterinsights_sitenote_note":"","_monsterinsights_sitenote_category":0},"product_brand":[],"product_cat":[86],"product_tag":[],"class_list":{"0":"post-254855","1":"product","2":"type-product","3":"status-publish","4":"has-post-thumbnail","6":"product_cat-infantil","8":"first","9":"instock","10":"taxable","11":"shipping-taxable","12":"purchasable","13":"product-type-simple"},"acf":{"autor":"BIDDULPH, ROB","codart":"849431304","libros-coleccion":"","ediciones":"1","encuadernacion":"Carton\u00e9","fecha_de_publicacion":"01\/02\/2015","novedad":"0","paginas":"48","subtitulo":"","orden":"999","portada":"0","idioma":"cat","editorial":[{"ID":147923,"post_author":"3","post_date":"2022-10-14 11:54:16","post_date_gmt":"2022-10-14 09:54:16","post_content":"","post_title":"EDITORIAL ANDANA","post_excerpt":"","post_status":"publish","comment_status":"closed","ping_status":"closed","post_password":"","post_name":"editorial-andana","to_ping":"","pinged":"","post_modified":"2022-10-14 11:54:16","post_modified_gmt":"2022-10-14 09:54:16","post_content_filtered":"","post_parent":0,"guid":"http:\/\/dev.claret.cat\/editorial\/editorial-andana\/","menu_order":0,"post_type":"editorial","post_mime_type":"","comment_count":"0","filter":"raw"}],"autores-libros":[{"ID":168159,"post_author":"3","post_date":"2022-10-14 18:17:00","post_date_gmt":"2022-10-14 16:17:00","post_content":"","post_title":"ROB BIDDULPH","post_excerpt":"","post_status":"publish","comment_status":"closed","ping_status":"closed","post_password":"","post_name":"rob-biddulph","to_ping":"","pinged":"","post_modified":"2022-10-14 18:17:00","post_modified_gmt":"2022-10-14 16:17:00","post_content_filtered":"","post_parent":0,"guid":"http:\/\/dev.claret.cat\/autor\/rob-biddulph\/","menu_order":0,"post_type":"autor","post_mime_type":"","comment_count":"0","filter":"raw"}]},"aioseo_notices":[],"_links":{"self":[{"href":"https:\/\/www.claret.cat\/es\/wp-json\/wp\/v2\/product\/254855","targetHints":{"allow":["GET"]}}],"collection":[{"href":"https:\/\/www.claret.cat\/es\/wp-json\/wp\/v2\/product"}],"about":[{"href":"https:\/\/www.claret.cat\/es\/wp-json\/wp\/v2\/types\/product"}],"wp:featuredmedia":[{"embeddable":true,"href":"https:\/\/www.claret.cat\/es\/wp-json\/wp\/v2\/media\/254856"}],"wp:attachment":[{"href":"https:\/\/www.claret.cat\/es\/wp-json\/wp\/v2\/media?parent=254855"}],"wp:term":[{"taxonomy":"product_brand","embeddable":true,"href":"https:\/\/www.claret.cat\/es\/wp-json\/wp\/v2\/product_brand?post=254855"},{"taxonomy":"product_cat","embeddable":true,"href":"https:\/\/www.claret.cat\/es\/wp-json\/wp\/v2\/product_cat?post=254855"},{"taxonomy":"product_tag","embeddable":true,"href":"https:\/\/www.claret.cat\/es\/wp-json\/wp\/v2\/product_tag?post=254855"}],"curies":[{"name":"wp","href":"https:\/\/api.w.org\/{rel}","templated":true}]}}