{"id":254880,"date":"2022-10-21T11:10:01","date_gmt":"2022-10-21T09:10:01","guid":{"rendered":"http:\/\/dev.claret.cat\/producte\/la-resistencia-intima\/"},"modified":"2026-02-04T18:41:44","modified_gmt":"2026-02-04T17:41:44","slug":"la-resistencia-intima-9788477275657","status":"publish","type":"product","link":"https:\/\/www.claret.cat\/es\/libro\/la-resistencia-intima-9788477275657\/","title":{"rendered":"LA RESIST\u00c8NCIA \u00cdNTIMA"},"content":{"rendered":"<p>La resist\u00e8ncia \u00edntima \u00e9s una reflexi\u00f3 atenta i profunda sobre la condici\u00f3 humana. L&#8221;autor ens mostra com la vertadera cura d&#8221;un mateix ofereix escalfor als que s\u00f3n a la vora, protegint-los i fent-los de guia en el cam\u00ed. \u00abHem de considerar resist\u00e8ncia \u00edntima com el nom d&#8221;una experi\u00e8ncia, pr\u00f2pia de la comarca de la proximitat; comarca que no \u00e9s visita d&#8221;un dia, sin\u00f3 estan\u00e7a habitual. Avui, romandre en aquesta comarca no \u00e9s planer. La proximitat no es mesura en metres, ni en cent\u00edmetres. El seu oposat no \u00e9s la llunyania, ans m\u00e9s aviat la monocromia ubiqua del m\u00f3n tecnificat. Hem vist com la quotidianitat i el gest de la casa s\u00f3n modalitats important\u00edssimes de l&#8221;experi\u00e8ncia de la proximitat\u00bb.<\/p>\n","protected":false},"excerpt":{"rendered":"<p>ESQUIROL CALAF, JOSEP MARIA<\/p>\n","protected":false},"featured_media":294729,"template":"","meta":{"_acf_changed":false,"om_disable_all_campaigns":false,"rs_blank_template":"","rs_page_bg_color":"","slide_template_v7":"","inline_featured_image":false,"_monsterinsights_skip_tracking":false,"_monsterinsights_sitenote_active":false,"_monsterinsights_sitenote_note":"","_monsterinsights_sitenote_category":0},"product_brand":[],"product_cat":[83,349,394,236],"product_tag":[],"class_list":{"0":"post-254880","1":"product","2":"type-product","3":"status-publish","4":"has-post-thumbnail","6":"product_cat-filosofia","7":"product_cat-filosofia-2_humanidades","8":"product_cat-vida-cotidiana","9":"product_cat-vida-quotidiana","11":"first","12":"instock","13":"taxable","14":"shipping-taxable","15":"purchasable","16":"product-type-simple"},"acf":{"autor":"ESQUIROL CALAF, JOSEP MARIA","codart":"847727565","libros-coleccion":"","ediciones":"3","encuadernacion":"R\u00fastica","fecha_de_publicacion":"01\/02\/2015","novedad":"0","paginas":"172","subtitulo":"ASSAIG D?UNA FILOSOFIA DE LA PROXIMITAT","orden":"999","portada":"0","idioma":"cat","autores-libros":[{"ID":160749,"post_author":"3","post_date":"2022-10-14 15:55:35","post_date_gmt":"2022-10-14 13:55:35","post_content":"","post_title":"JOSEP MARIA ESQUIROL CALAF","post_excerpt":"","post_status":"publish","comment_status":"closed","ping_status":"closed","post_password":"","post_name":"josep-maria-esquirol-calaf","to_ping":"","pinged":"","post_modified":"2022-10-14 15:55:35","post_modified_gmt":"2022-10-14 13:55:35","post_content_filtered":"","post_parent":0,"guid":"http:\/\/dev.claret.cat\/autor\/josep-maria-esquirol-calaf\/","menu_order":0,"post_type":"autor","post_mime_type":"","comment_count":"0","filter":"raw"}],"editorial":[{"ID":262425,"post_author":"3","post_date":"2022-10-24 11:24:12","post_date_gmt":"2022-10-24 09:24:12","post_content":"","post_title":"QUADERNS CREMA, EDICIONS DELS","post_excerpt":"","post_status":"publish","comment_status":"closed","ping_status":"closed","post_password":"","post_name":"quaderns-crema-edicions-dels","to_ping":"","pinged":"","post_modified":"2022-10-24 11:24:12","post_modified_gmt":"2022-10-24 09:24:12","post_content_filtered":"","post_parent":0,"guid":"http:\/\/dev.claret.cat\/editorial\/quaderns-crema-edicions-dels\/","menu_order":0,"post_type":"editorial","post_mime_type":"","comment_count":"0","filter":"raw"}],"booktrailer":"","resenas":""},"aioseo_notices":[],"_links":{"self":[{"href":"https:\/\/www.claret.cat\/es\/wp-json\/wp\/v2\/product\/254880","targetHints":{"allow":["GET"]}}],"collection":[{"href":"https:\/\/www.claret.cat\/es\/wp-json\/wp\/v2\/product"}],"about":[{"href":"https:\/\/www.claret.cat\/es\/wp-json\/wp\/v2\/types\/product"}],"wp:featuredmedia":[{"embeddable":true,"href":"https:\/\/www.claret.cat\/es\/wp-json\/wp\/v2\/media\/294729"}],"wp:attachment":[{"href":"https:\/\/www.claret.cat\/es\/wp-json\/wp\/v2\/media?parent=254880"}],"wp:term":[{"taxonomy":"product_brand","embeddable":true,"href":"https:\/\/www.claret.cat\/es\/wp-json\/wp\/v2\/product_brand?post=254880"},{"taxonomy":"product_cat","embeddable":true,"href":"https:\/\/www.claret.cat\/es\/wp-json\/wp\/v2\/product_cat?post=254880"},{"taxonomy":"product_tag","embeddable":true,"href":"https:\/\/www.claret.cat\/es\/wp-json\/wp\/v2\/product_tag?post=254880"}],"curies":[{"name":"wp","href":"https:\/\/api.w.org\/{rel}","templated":true}]}}