{"id":254937,"date":"2022-10-21T11:11:19","date_gmt":"2022-10-21T09:11:19","guid":{"rendered":"http:\/\/dev.claret.cat\/producte\/mis-primeras-palabras-3\/"},"modified":"2023-01-28T12:26:23","modified_gmt":"2023-01-28T11:26:23","slug":"mis-primeras-palabras-9781409594772","status":"publish","type":"product","link":"https:\/\/www.claret.cat\/es\/libro\/mis-primeras-palabras-9781409594772\/","title":{"rendered":"MIS PRIMERAS PALABRAS"},"content":{"rendered":"<p>Los peque\u00f1os en fase preescolar que aprendan espa\u00f1ol como primera o segunda lengua adorar\u00e1n este libro sonoro que les ense\u00f1a a pronunciar m\u00e1s de 120 palabras.<\/p>\n","protected":false},"excerpt":{"rendered":"<p>TAPLIN SAM\/ BONN<\/p>\n","protected":false},"featured_media":272810,"template":"","meta":{"_acf_changed":false,"om_disable_all_campaigns":false,"rs_blank_template":"","rs_page_bg_color":"","slide_template_v7":"","inline_featured_image":false,"_monsterinsights_skip_tracking":false,"_monsterinsights_sitenote_active":false,"_monsterinsights_sitenote_note":"","_monsterinsights_sitenote_category":0},"product_brand":[],"product_cat":[90,540],"product_tag":[],"class_list":{"0":"post-254937","1":"product","2":"type-product","3":"status-publish","4":"has-post-thumbnail","6":"product_cat-altres","7":"product_cat-otros","9":"first","10":"instock","11":"taxable","12":"shipping-taxable","13":"purchasable","14":"product-type-simple"},"acf":{"autor":"TAPLIN SAM\/ BONN","codart":"140959477","libros-coleccion":"","ediciones":"1","encuadernacion":"Carton\u00e9","fecha_de_publicacion":"01\/02\/2015","novedad":"0","paginas":"10","subtitulo":"ESCUCHO Y APRENDO","orden":"999","portada":"0","idioma":"spa","editorial":[{"ID":8272,"post_author":"3","post_date":"2022-09-30 09:21:39","post_date_gmt":"2022-09-30 07:21:39","post_content":"","post_title":"USBORNE PUBLISHING LTD.","post_excerpt":"","post_status":"publish","comment_status":"closed","ping_status":"closed","post_password":"","post_name":"usborne-publishing-ltd","to_ping":"","pinged":"","post_modified":"2022-09-30 09:21:39","post_modified_gmt":"2022-09-30 07:21:39","post_content_filtered":"","post_parent":0,"guid":"http:\/\/dev.claret.cat\/editorial\/usborne-publishing-ltd\/","menu_order":0,"post_type":"editorial","post_mime_type":"","comment_count":"0","filter":"raw"}],"autores-libros":[{"ID":170139,"post_author":"3","post_date":"2022-10-14 22:32:53","post_date_gmt":"2022-10-14 20:32:53","post_content":"","post_title":"TAPLIN SAM","post_excerpt":"","post_status":"publish","comment_status":"closed","ping_status":"closed","post_password":"","post_name":"taplin-sam","to_ping":"","pinged":"","post_modified":"2022-10-14 22:32:53","post_modified_gmt":"2022-10-14 20:32:53","post_content_filtered":"","post_parent":0,"guid":"http:\/\/dev.claret.cat\/autor\/taplin-sam\/","menu_order":0,"post_type":"autor","post_mime_type":"","comment_count":"0","filter":"raw"},{"ID":272809,"post_author":"3","post_date":"2022-12-09 04:38:22","post_date_gmt":"2022-12-09 03:38:22","post_content":"","post_title":"BONN","post_excerpt":"","post_status":"publish","comment_status":"closed","ping_status":"closed","post_password":"","post_name":"bonn","to_ping":"","pinged":"","post_modified":"2022-12-09 04:38:22","post_modified_gmt":"2022-12-09 03:38:22","post_content_filtered":"","post_parent":0,"guid":"http:\/\/dev.claret.cat\/autor\/bonn\/","menu_order":0,"post_type":"autor","post_mime_type":"","comment_count":"0","filter":"raw"}]},"aioseo_notices":[],"_links":{"self":[{"href":"https:\/\/www.claret.cat\/es\/wp-json\/wp\/v2\/product\/254937","targetHints":{"allow":["GET"]}}],"collection":[{"href":"https:\/\/www.claret.cat\/es\/wp-json\/wp\/v2\/product"}],"about":[{"href":"https:\/\/www.claret.cat\/es\/wp-json\/wp\/v2\/types\/product"}],"wp:featuredmedia":[{"embeddable":true,"href":"https:\/\/www.claret.cat\/es\/wp-json\/wp\/v2\/media\/272810"}],"wp:attachment":[{"href":"https:\/\/www.claret.cat\/es\/wp-json\/wp\/v2\/media?parent=254937"}],"wp:term":[{"taxonomy":"product_brand","embeddable":true,"href":"https:\/\/www.claret.cat\/es\/wp-json\/wp\/v2\/product_brand?post=254937"},{"taxonomy":"product_cat","embeddable":true,"href":"https:\/\/www.claret.cat\/es\/wp-json\/wp\/v2\/product_cat?post=254937"},{"taxonomy":"product_tag","embeddable":true,"href":"https:\/\/www.claret.cat\/es\/wp-json\/wp\/v2\/product_tag?post=254937"}],"curies":[{"name":"wp","href":"https:\/\/api.w.org\/{rel}","templated":true}]}}