{"id":254994,"date":"2022-10-21T11:12:39","date_gmt":"2022-10-21T09:12:39","guid":{"rendered":"http:\/\/dev.claret.cat\/producte\/la-semana-santa-2\/"},"modified":"2026-03-23T12:50:42","modified_gmt":"2026-03-23T11:50:42","slug":"la-semana-santa-9788424654665","status":"publish","type":"product","link":"https:\/\/www.claret.cat\/es\/libro\/la-semana-santa-9788424654665\/","title":{"rendered":"LA SEMANA SANTA"},"content":{"rendered":"<p>Curro y Macarena vivir\u00e1n una tradici\u00f3n maravillosa: la Semana Santa. Ya est\u00e1n preparados para ser nazarenos, para participar en la cofrad\u00eda y no perderse detalle de nada. \u00a1Qu\u00e9 de nervios! \u00a1Ya se acerca el Domingo de Ramos!<\/p>\n","protected":false},"excerpt":{"rendered":"<p>NU\u00d1O, FRAN<\/p>\n","protected":false},"featured_media":1091694,"template":"","meta":{"_acf_changed":false,"om_disable_all_campaigns":false,"rs_blank_template":"","rs_page_bg_color":"","slide_template_v7":"","inline_featured_image":false,"_monsterinsights_skip_tracking":false,"_monsterinsights_sitenote_active":false,"_monsterinsights_sitenote_note":"","_monsterinsights_sitenote_category":0},"product_brand":[],"product_cat":[90,540],"product_tag":[],"class_list":{"0":"post-254994","1":"product","2":"type-product","3":"status-publish","4":"has-post-thumbnail","6":"product_cat-altres","7":"product_cat-otros","9":"first","10":"outofstock","11":"taxable","12":"shipping-taxable","13":"purchasable","14":"product-type-simple"},"acf":{"autor":"NU\u00d1O, FRAN","codart":"842465466","libros-coleccion":"","ediciones":"1","encuadernacion":"R\u00fastica","fecha_de_publicacion":"01\/02\/2015","novedad":"0","paginas":"24","subtitulo":"","orden":"999","portada":"0","idioma":"spa","editorial":[{"ID":148361,"post_author":"3","post_date":"2022-10-14 11:57:38","post_date_gmt":"2022-10-14 09:57:38","post_content":"","post_title":"LA GALERA, S.A. EDITORIAL","post_excerpt":"","post_status":"publish","comment_status":"closed","ping_status":"closed","post_password":"","post_name":"la-galera-s-a-editorial","to_ping":"","pinged":"","post_modified":"2022-10-14 11:57:38","post_modified_gmt":"2022-10-14 09:57:38","post_content_filtered":"","post_parent":0,"guid":"http:\/\/dev.claret.cat\/editorial\/la-galera-s-a-editorial\/","menu_order":0,"post_type":"editorial","post_mime_type":"","comment_count":"0","filter":"raw"}],"autores-libros":[{"ID":156045,"post_author":"3","post_date":"2022-10-14 15:17:41","post_date_gmt":"2022-10-14 13:17:41","post_content":"","post_title":"FRAN NU\u00d1O","post_excerpt":"","post_status":"publish","comment_status":"closed","ping_status":"closed","post_password":"","post_name":"fran-nuno","to_ping":"","pinged":"","post_modified":"2022-10-14 15:17:41","post_modified_gmt":"2022-10-14 13:17:41","post_content_filtered":"","post_parent":0,"guid":"http:\/\/dev.claret.cat\/autor\/fran-nuno\/","menu_order":0,"post_type":"autor","post_mime_type":"","comment_count":"0","filter":"raw"}],"booktrailer":"","resenas":""},"aioseo_notices":[],"_links":{"self":[{"href":"https:\/\/www.claret.cat\/es\/wp-json\/wp\/v2\/product\/254994","targetHints":{"allow":["GET"]}}],"collection":[{"href":"https:\/\/www.claret.cat\/es\/wp-json\/wp\/v2\/product"}],"about":[{"href":"https:\/\/www.claret.cat\/es\/wp-json\/wp\/v2\/types\/product"}],"wp:featuredmedia":[{"embeddable":true,"href":"https:\/\/www.claret.cat\/es\/wp-json\/wp\/v2\/media\/1091694"}],"wp:attachment":[{"href":"https:\/\/www.claret.cat\/es\/wp-json\/wp\/v2\/media?parent=254994"}],"wp:term":[{"taxonomy":"product_brand","embeddable":true,"href":"https:\/\/www.claret.cat\/es\/wp-json\/wp\/v2\/product_brand?post=254994"},{"taxonomy":"product_cat","embeddable":true,"href":"https:\/\/www.claret.cat\/es\/wp-json\/wp\/v2\/product_cat?post=254994"},{"taxonomy":"product_tag","embeddable":true,"href":"https:\/\/www.claret.cat\/es\/wp-json\/wp\/v2\/product_tag?post=254994"}],"curies":[{"name":"wp","href":"https:\/\/api.w.org\/{rel}","templated":true}]}}