{"id":255415,"date":"2022-10-21T11:22:54","date_gmt":"2022-10-21T09:22:54","guid":{"rendered":"http:\/\/dev.claret.cat\/producte\/scrapbooking-ideas-creativas-para-decorar-su-casa\/"},"modified":"2023-01-28T22:47:38","modified_gmt":"2023-01-28T21:47:38","slug":"scrapbooking-ideas-creativas-para-decorar-su-casa-9788416279364","status":"publish","type":"product","link":"https:\/\/www.claret.cat\/es\/libro\/scrapbooking-ideas-creativas-para-decorar-su-casa-9788416279364\/","title":{"rendered":"SCRAPBOOKING. IDEAS CREATIVAS PARA DECORAR SU CASA"},"content":{"rendered":"<p>\u00bfSue\u00f1a con un hogar alegre, creativo, original y colorido? En este libro, que es un verdadero tesoro de ideas para decorar su casa como siempre dese\u00f3, encontrar\u00e1 ideas interesantes para hacer una decoraci\u00f3n fabulosa y pautas de incalculable valor para la personalizaci\u00f3n de espacios, paredes y habitaciones de su hogar con gusto y un toque de creatividad. Instrucciones claras y sencillas acompa\u00f1adas de fotograf\u00edas detalladas paso a paso, le guiar\u00e1n a trav\u00e9s de cada paso necesario para completar sus proyectos.<\/p>\n","protected":false},"excerpt":{"rendered":"<p>AAVV<\/p>\n","protected":false},"featured_media":255416,"template":"","meta":{"_acf_changed":false,"om_disable_all_campaigns":false,"rs_blank_template":"","rs_page_bg_color":"","slide_template_v7":"","inline_featured_image":false,"_monsterinsights_skip_tracking":false,"_monsterinsights_sitenote_active":false,"_monsterinsights_sitenote_note":"","_monsterinsights_sitenote_category":0},"product_brand":[],"product_cat":[16],"product_tag":[],"class_list":{"0":"post-255415","1":"product","2":"type-product","3":"status-publish","4":"has-post-thumbnail","6":"product_cat-sense-categoria","8":"first","9":"instock","10":"taxable","11":"shipping-taxable","12":"purchasable","13":"product-type-simple"},"acf":{"autor":"AAVV","codart":"841627936","libros-coleccion":"","ediciones":"1","encuadernacion":"Carton\u00e9","fecha_de_publicacion":"01\/01\/2015","novedad":"0","paginas":"65","subtitulo":"IDEAS CREATIVAS PARA DECORAR SU CASA","orden":"999","portada":"0","idioma":"spa","editorial":[{"ID":147888,"post_author":"3","post_date":"2022-10-14 11:54:00","post_date_gmt":"2022-10-14 09:54:00","post_content":"","post_title":"Edicions Llibreria Universit\u00e0ria de Barc","post_excerpt":"","post_status":"publish","comment_status":"closed","ping_status":"closed","post_password":"","post_name":"edicions-llibreria-universitaria-de-barc","to_ping":"","pinged":"","post_modified":"2022-10-14 11:54:00","post_modified_gmt":"2022-10-14 09:54:00","post_content_filtered":"","post_parent":0,"guid":"http:\/\/dev.claret.cat\/editorial\/edicions-llibreria-universitaria-de-barc\/","menu_order":0,"post_type":"editorial","post_mime_type":"","comment_count":"0","filter":"raw"}],"autores-libros":[{"ID":8279,"post_author":"3","post_date":"2022-09-30 09:47:23","post_date_gmt":"2022-09-30 07:47:23","post_content":"","post_title":"AAVV","post_excerpt":"","post_status":"publish","comment_status":"closed","ping_status":"closed","post_password":"","post_name":"aavv","to_ping":"","pinged":"","post_modified":"2022-09-30 09:47:23","post_modified_gmt":"2022-09-30 07:47:23","post_content_filtered":"","post_parent":0,"guid":"http:\/\/dev.claret.cat\/autor\/aavv\/","menu_order":0,"post_type":"autor","post_mime_type":"","comment_count":"0","filter":"raw"}]},"aioseo_notices":[],"_links":{"self":[{"href":"https:\/\/www.claret.cat\/es\/wp-json\/wp\/v2\/product\/255415","targetHints":{"allow":["GET"]}}],"collection":[{"href":"https:\/\/www.claret.cat\/es\/wp-json\/wp\/v2\/product"}],"about":[{"href":"https:\/\/www.claret.cat\/es\/wp-json\/wp\/v2\/types\/product"}],"wp:featuredmedia":[{"embeddable":true,"href":"https:\/\/www.claret.cat\/es\/wp-json\/wp\/v2\/media\/255416"}],"wp:attachment":[{"href":"https:\/\/www.claret.cat\/es\/wp-json\/wp\/v2\/media?parent=255415"}],"wp:term":[{"taxonomy":"product_brand","embeddable":true,"href":"https:\/\/www.claret.cat\/es\/wp-json\/wp\/v2\/product_brand?post=255415"},{"taxonomy":"product_cat","embeddable":true,"href":"https:\/\/www.claret.cat\/es\/wp-json\/wp\/v2\/product_cat?post=255415"},{"taxonomy":"product_tag","embeddable":true,"href":"https:\/\/www.claret.cat\/es\/wp-json\/wp\/v2\/product_tag?post=255415"}],"curies":[{"name":"wp","href":"https:\/\/api.w.org\/{rel}","templated":true}]}}