{"id":255457,"date":"2022-10-21T11:23:51","date_gmt":"2022-10-21T09:23:51","guid":{"rendered":"http:\/\/dev.claret.cat\/producte\/agatha-mistery-17-operacion-amazonas\/"},"modified":"2026-01-20T16:50:46","modified_gmt":"2026-01-20T15:50:46","slug":"agatha-mistery-17-operacion-amazonas-9788424653545","status":"publish","type":"product","link":"https:\/\/www.claret.cat\/es\/libro\/agatha-mistery-17-operacion-amazonas-9788424653545\/","title":{"rendered":"AGATHA MISTERY 17. OPERACI\u00d3N AMAZONAS"},"content":{"rendered":"<p>Brasil, Selva amaz\u00f3nica: los primos Mistery siguen la pista del criminal que ha incendiado un laboratorio cient\u00edfico despu\u00e9s de haber robado una muestra de hongos que podr\u00edan resolver el problema de la contaminaci\u00f3n mundial. Los cient\u00edficos est\u00e1n seguros de conocer la identidad del culpable  Agatha, sin embargo, cree que el asunto no es tan sencillo.<\/p>\n","protected":false},"excerpt":{"rendered":"<p>STEVENSON, SIR STEVE<\/p>\n","protected":false},"featured_media":1075196,"template":"","meta":{"_acf_changed":false,"om_disable_all_campaigns":false,"rs_blank_template":"","rs_page_bg_color":"","slide_template_v7":"","inline_featured_image":false,"_monsterinsights_skip_tracking":false,"_monsterinsights_sitenote_active":false,"_monsterinsights_sitenote_note":"","_monsterinsights_sitenote_category":0},"product_brand":[],"product_cat":[86,352],"product_tag":[],"class_list":{"0":"post-255457","1":"product","2":"type-product","3":"status-publish","4":"has-post-thumbnail","6":"product_cat-infantil","7":"product_cat-infantil-3_infantil-juvenil-spa","9":"first","10":"outofstock","11":"taxable","12":"shipping-taxable","13":"purchasable","14":"product-type-simple"},"acf":{"autor":"STEVENSON, SIR STEVE","codart":"842465354","libros-coleccion":"","ediciones":"1","encuadernacion":"Carton\u00e9","fecha_de_publicacion":"01\/01\/2015","novedad":"0","paginas":"144","subtitulo":"AGATHA MISTERY, 17","orden":"999","portada":"0","idioma":"spa","autores-libros":[{"ID":169594,"post_author":"3","post_date":"2022-10-14 22:28:29","post_date_gmt":"2022-10-14 20:28:29","post_content":"","post_title":"SIR STEVE STEVENSON","post_excerpt":"","post_status":"publish","comment_status":"closed","ping_status":"closed","post_password":"","post_name":"sir-steve-stevenson","to_ping":"","pinged":"","post_modified":"2022-10-14 22:28:29","post_modified_gmt":"2022-10-14 20:28:29","post_content_filtered":"","post_parent":0,"guid":"http:\/\/dev.claret.cat\/autor\/sir-steve-stevenson\/","menu_order":0,"post_type":"autor","post_mime_type":"","comment_count":"0","filter":"raw"}],"editorial":[{"ID":262224,"post_author":"3","post_date":"2022-10-24 11:21:33","post_date_gmt":"2022-10-24 09:21:33","post_content":"","post_title":"La Galera, SAU","post_excerpt":"","post_status":"publish","comment_status":"closed","ping_status":"closed","post_password":"","post_name":"la-galera-sau","to_ping":"","pinged":"","post_modified":"2022-10-24 11:21:33","post_modified_gmt":"2022-10-24 09:21:33","post_content_filtered":"","post_parent":0,"guid":"http:\/\/dev.claret.cat\/editorial\/la-galera-sau\/","menu_order":0,"post_type":"editorial","post_mime_type":"","comment_count":"0","filter":"raw"}],"booktrailer":"","resenas":""},"aioseo_notices":[],"_links":{"self":[{"href":"https:\/\/www.claret.cat\/es\/wp-json\/wp\/v2\/product\/255457","targetHints":{"allow":["GET"]}}],"collection":[{"href":"https:\/\/www.claret.cat\/es\/wp-json\/wp\/v2\/product"}],"about":[{"href":"https:\/\/www.claret.cat\/es\/wp-json\/wp\/v2\/types\/product"}],"wp:featuredmedia":[{"embeddable":true,"href":"https:\/\/www.claret.cat\/es\/wp-json\/wp\/v2\/media\/1075196"}],"wp:attachment":[{"href":"https:\/\/www.claret.cat\/es\/wp-json\/wp\/v2\/media?parent=255457"}],"wp:term":[{"taxonomy":"product_brand","embeddable":true,"href":"https:\/\/www.claret.cat\/es\/wp-json\/wp\/v2\/product_brand?post=255457"},{"taxonomy":"product_cat","embeddable":true,"href":"https:\/\/www.claret.cat\/es\/wp-json\/wp\/v2\/product_cat?post=255457"},{"taxonomy":"product_tag","embeddable":true,"href":"https:\/\/www.claret.cat\/es\/wp-json\/wp\/v2\/product_tag?post=255457"}],"curies":[{"name":"wp","href":"https:\/\/api.w.org\/{rel}","templated":true}]}}