{"id":255460,"date":"2022-10-21T11:23:55","date_gmt":"2022-10-21T09:23:55","guid":{"rendered":"http:\/\/dev.claret.cat\/producte\/agatha-mistery-18-complot-en-lisboa\/"},"modified":"2026-01-20T16:51:06","modified_gmt":"2026-01-20T15:51:06","slug":"agatha-mistery-18-complot-en-lisboa-9788424653569","status":"publish","type":"product","link":"https:\/\/www.claret.cat\/es\/libro\/agatha-mistery-18-complot-en-lisboa-9788424653569\/","title":{"rendered":"AGATHA MISTERY 18. COMPLOT EN LISBOA"},"content":{"rendered":"<p>Larry Mistery tiene que ir a Portugal para investigar un caso abierto: un asesinato cometido hace diez a\u00f1os que la polic\u00eda no resolvi\u00f3. \u00bfQui\u00e9n envenen\u00f3 el caf\u00e9 del famoso ceramista Lureiro y rob\u00f3 el testamento destinado a sus tres j\u00f3venes aprendices? Al investigar este caso tan ins\u00f3lito, Agatha descubrir\u00e1 que nada es como parece&#8230;<\/p>\n","protected":false},"excerpt":{"rendered":"<p>STEVENSON, SIR STEVE<\/p>\n","protected":false},"featured_media":1075198,"template":"","meta":{"_acf_changed":false,"om_disable_all_campaigns":false,"rs_blank_template":"","rs_page_bg_color":"","slide_template_v7":"","inline_featured_image":false,"_monsterinsights_skip_tracking":false,"_monsterinsights_sitenote_active":false,"_monsterinsights_sitenote_note":"","_monsterinsights_sitenote_category":0},"product_brand":[],"product_cat":[86,352],"product_tag":[],"class_list":{"0":"post-255460","1":"product","2":"type-product","3":"status-publish","4":"has-post-thumbnail","6":"product_cat-infantil","7":"product_cat-infantil-3_infantil-juvenil-spa","9":"first","10":"outofstock","11":"taxable","12":"shipping-taxable","13":"purchasable","14":"product-type-simple"},"acf":{"autor":"STEVENSON, SIR STEVE","codart":"842465356","libros-coleccion":"","ediciones":"1","encuadernacion":"Carton\u00e9","fecha_de_publicacion":"01\/01\/2015","novedad":"0","paginas":"144","subtitulo":"AGATHA MISTERY, 18","orden":"999","portada":"0","idioma":"cat","autores-libros":[{"ID":169594,"post_author":"3","post_date":"2022-10-14 22:28:29","post_date_gmt":"2022-10-14 20:28:29","post_content":"","post_title":"SIR STEVE STEVENSON","post_excerpt":"","post_status":"publish","comment_status":"closed","ping_status":"closed","post_password":"","post_name":"sir-steve-stevenson","to_ping":"","pinged":"","post_modified":"2022-10-14 22:28:29","post_modified_gmt":"2022-10-14 20:28:29","post_content_filtered":"","post_parent":0,"guid":"http:\/\/dev.claret.cat\/autor\/sir-steve-stevenson\/","menu_order":0,"post_type":"autor","post_mime_type":"","comment_count":"0","filter":"raw"}],"editorial":[{"ID":262224,"post_author":"3","post_date":"2022-10-24 11:21:33","post_date_gmt":"2022-10-24 09:21:33","post_content":"","post_title":"La Galera, SAU","post_excerpt":"","post_status":"publish","comment_status":"closed","ping_status":"closed","post_password":"","post_name":"la-galera-sau","to_ping":"","pinged":"","post_modified":"2022-10-24 11:21:33","post_modified_gmt":"2022-10-24 09:21:33","post_content_filtered":"","post_parent":0,"guid":"http:\/\/dev.claret.cat\/editorial\/la-galera-sau\/","menu_order":0,"post_type":"editorial","post_mime_type":"","comment_count":"0","filter":"raw"}],"booktrailer":"","resenas":""},"aioseo_notices":[],"_links":{"self":[{"href":"https:\/\/www.claret.cat\/es\/wp-json\/wp\/v2\/product\/255460","targetHints":{"allow":["GET"]}}],"collection":[{"href":"https:\/\/www.claret.cat\/es\/wp-json\/wp\/v2\/product"}],"about":[{"href":"https:\/\/www.claret.cat\/es\/wp-json\/wp\/v2\/types\/product"}],"wp:featuredmedia":[{"embeddable":true,"href":"https:\/\/www.claret.cat\/es\/wp-json\/wp\/v2\/media\/1075198"}],"wp:attachment":[{"href":"https:\/\/www.claret.cat\/es\/wp-json\/wp\/v2\/media?parent=255460"}],"wp:term":[{"taxonomy":"product_brand","embeddable":true,"href":"https:\/\/www.claret.cat\/es\/wp-json\/wp\/v2\/product_brand?post=255460"},{"taxonomy":"product_cat","embeddable":true,"href":"https:\/\/www.claret.cat\/es\/wp-json\/wp\/v2\/product_cat?post=255460"},{"taxonomy":"product_tag","embeddable":true,"href":"https:\/\/www.claret.cat\/es\/wp-json\/wp\/v2\/product_tag?post=255460"}],"curies":[{"name":"wp","href":"https:\/\/api.w.org\/{rel}","templated":true}]}}