{"id":25550,"date":"2022-10-02T10:32:01","date_gmt":"2022-10-02T08:32:01","guid":{"rendered":"http:\/\/dev.claret.cat\/producte\/instant-karma\/"},"modified":"2023-01-28T14:17:47","modified_gmt":"2023-01-28T13:17:47","slug":"instant-karma-9788483657898","status":"publish","type":"product","link":"https:\/\/www.claret.cat\/es\/libro\/instant-karma-9788483657898\/","title":{"rendered":"INSTANT KARMA"},"content":{"rendered":"<p>\u00bfSe puede amar lo diferente?Una novela enternecedora, m\u00e1gica, un amor puro que te conquistar\u00e1.\u00bfAlguna vez te has sentido solo a pesar de estar rodeado de gente? \u00bfTan  diferente como un gato en un mundo de perros?Rin se siente as\u00ed todo el tiempo. Como si viviera en un mundo al que no  pertenece, como si los dem\u00e1s hablaran en un idioma que \u00e9l no es capaz de  comprender y como si fingir fuera la \u00fanica manera de encajar. Por eso, a  veces, sin moverse del sitio, viaja a su peque\u00f1o planeta donde todo es  circular, tan diminuto como el asteroide B612 e igual de rec\u00f3ndito. All\u00ed todo es como deber\u00eda ser, no necesita a nadie m\u00e1s.Cuando Via irrumpe en su planeta llevada por el karma, arrasando con  toda l\u00f3gica y estabilidad, Rin piensa que se trata de un hurac\u00e1n de  categor\u00eda cinco. Pero lo que Rin no sabe es que de las peores cat\u00e1strofes pueden surgir los mejores milagros. Y es que a veces  no es necesario ser etiquetado de diferente para serlo.Dos piezas destinadas a no encajar, de puzles distintos, acabar\u00e1n  formando una imagen nueva donde la \u00fanica regla es que no hay reglas.Instant karma es un libro tierno que toma como referente El Principito para hablar de lo que realmente importa,  aquello que es invisible a los ojos, y que explora la diferencia como punto de partida para descubrir el amor.<\/p>\n","protected":false},"excerpt":{"rendered":"<p>DAVIES,WENDY<\/p>\n","protected":false},"featured_media":76060,"template":"","meta":{"_acf_changed":false,"om_disable_all_campaigns":false,"rs_blank_template":"","rs_page_bg_color":"","slide_template_v7":"","inline_featured_image":false,"_monsterinsights_skip_tracking":false,"_monsterinsights_sitenote_active":false,"_monsterinsights_sitenote_note":"","_monsterinsights_sitenote_category":0},"product_brand":[],"product_cat":[16],"product_tag":[],"class_list":{"0":"post-25550","1":"product","2":"type-product","3":"status-publish","4":"has-post-thumbnail","6":"product_cat-sense-categoria","8":"first","9":"instock","10":"taxable","11":"shipping-taxable","12":"purchasable","13":"product-type-simple"},"acf":{"autor":"DAVIES,WENDY","codart":"848365789","libros-coleccion":"","ediciones":"1","encuadernacion":"R\u00fastica","fecha_de_publicacion":"09\/02\/2016","novedad":"0","paginas":"502","subtitulo":"","orden":"999","portada":"0","idioma":"spa","editorial":[{"ID":148844,"post_author":"3","post_date":"2022-10-14 12:01:26","post_date_gmt":"2022-10-14 10:01:26","post_content":"","post_title":"SUMA DE LETRAS","post_excerpt":"","post_status":"publish","comment_status":"closed","ping_status":"closed","post_password":"","post_name":"suma-de-letras","to_ping":"","pinged":"","post_modified":"2022-10-14 12:01:26","post_modified_gmt":"2022-10-14 10:01:26","post_content_filtered":"","post_parent":0,"guid":"http:\/\/dev.claret.cat\/editorial\/suma-de-letras\/","menu_order":0,"post_type":"editorial","post_mime_type":"","comment_count":"0","filter":"raw"}],"autores-libros":[{"ID":171255,"post_author":"3","post_date":"2022-10-14 22:41:55","post_date_gmt":"2022-10-14 20:41:55","post_content":"","post_title":"WENDY DAVIES","post_excerpt":"","post_status":"publish","comment_status":"closed","ping_status":"closed","post_password":"","post_name":"wendy-davies","to_ping":"","pinged":"","post_modified":"2022-10-14 22:41:55","post_modified_gmt":"2022-10-14 20:41:55","post_content_filtered":"","post_parent":0,"guid":"http:\/\/dev.claret.cat\/autor\/wendy-davies\/","menu_order":0,"post_type":"autor","post_mime_type":"","comment_count":"0","filter":"raw"}]},"aioseo_notices":[],"_links":{"self":[{"href":"https:\/\/www.claret.cat\/es\/wp-json\/wp\/v2\/product\/25550","targetHints":{"allow":["GET"]}}],"collection":[{"href":"https:\/\/www.claret.cat\/es\/wp-json\/wp\/v2\/product"}],"about":[{"href":"https:\/\/www.claret.cat\/es\/wp-json\/wp\/v2\/types\/product"}],"wp:featuredmedia":[{"embeddable":true,"href":"https:\/\/www.claret.cat\/es\/wp-json\/wp\/v2\/media\/76060"}],"wp:attachment":[{"href":"https:\/\/www.claret.cat\/es\/wp-json\/wp\/v2\/media?parent=25550"}],"wp:term":[{"taxonomy":"product_brand","embeddable":true,"href":"https:\/\/www.claret.cat\/es\/wp-json\/wp\/v2\/product_brand?post=25550"},{"taxonomy":"product_cat","embeddable":true,"href":"https:\/\/www.claret.cat\/es\/wp-json\/wp\/v2\/product_cat?post=25550"},{"taxonomy":"product_tag","embeddable":true,"href":"https:\/\/www.claret.cat\/es\/wp-json\/wp\/v2\/product_tag?post=25550"}],"curies":[{"name":"wp","href":"https:\/\/api.w.org\/{rel}","templated":true}]}}