{"id":255524,"date":"2022-10-21T11:25:18","date_gmt":"2022-10-21T09:25:18","guid":{"rendered":"http:\/\/dev.claret.cat\/producte\/mallorca-3\/"},"modified":"2023-01-28T12:00:32","modified_gmt":"2023-01-28T11:00:32","slug":"mallorca-9788408135371","status":"publish","type":"product","link":"https:\/\/www.claret.cat\/es\/libro\/mallorca-9788408135371\/","title":{"rendered":"MALLORCA"},"content":{"rendered":"<p>Como una estrella de cine ya asentada en la fama, Mallorca ha alcanzado su plenitud aunando una deslumbrante belleza natural con el gusto por las cosas buenas de la vida. Y todo sin perder ni un \u00e1pice de su glamour.Incluye:Cap\u00edtulos especiales sobre rutas en coche y senderismo, actividades al aire libre, opciones con ni\u00f1os, paisajes y naturaleza, etc.Y adem\u00e1s: fotos sugerentes, mapas claros, herramientas para planificar el viaje e informaci\u00f3n en profundidad.<\/p>\n","protected":false},"excerpt":{"rendered":"<p>CHRISTIANI, KERRY<\/p>\n","protected":false},"featured_media":255525,"template":"","meta":{"_acf_changed":false,"om_disable_all_campaigns":false,"rs_blank_template":"","rs_page_bg_color":"","slide_template_v7":"","inline_featured_image":false,"_monsterinsights_skip_tracking":false,"_monsterinsights_sitenote_active":false,"_monsterinsights_sitenote_note":"","_monsterinsights_sitenote_category":0},"product_brand":[],"product_cat":[107],"product_tag":[],"class_list":{"0":"post-255524","1":"product","2":"type-product","3":"status-publish","4":"has-post-thumbnail","6":"product_cat-guies-de-viatge","8":"first","9":"instock","10":"taxable","11":"shipping-taxable","12":"purchasable","13":"product-type-simple"},"acf":{"autor":"CHRISTIANI, KERRY","codart":"840813537","libros-coleccion":"","ediciones":"1","encuadernacion":"R\u00fastica","fecha_de_publicacion":"01\/01\/2015","novedad":"0","paginas":"230","subtitulo":"","orden":"999","portada":"0","idioma":"spa","editorial":[{"ID":8244,"post_author":"3","post_date":"2022-09-30 09:21:26","post_date_gmt":"2022-09-30 07:21:26","post_content":"","post_title":"GEOPLANETA EDITORIAL","post_excerpt":"","post_status":"publish","comment_status":"closed","ping_status":"closed","post_password":"","post_name":"geoplaneta-editorial","to_ping":"","pinged":"","post_modified":"2022-09-30 09:21:26","post_modified_gmt":"2022-09-30 07:21:26","post_content_filtered":"","post_parent":0,"guid":"http:\/\/dev.claret.cat\/editorial\/geoplaneta-editorial\/","menu_order":0,"post_type":"editorial","post_mime_type":"","comment_count":"0","filter":"raw"}],"autores-libros":[{"ID":161644,"post_author":"3","post_date":"2022-10-14 17:19:53","post_date_gmt":"2022-10-14 15:19:53","post_content":"","post_title":"KERRY CHRISTIANI","post_excerpt":"","post_status":"publish","comment_status":"closed","ping_status":"closed","post_password":"","post_name":"kerry-christiani","to_ping":"","pinged":"","post_modified":"2022-10-14 17:19:53","post_modified_gmt":"2022-10-14 15:19:53","post_content_filtered":"","post_parent":0,"guid":"http:\/\/dev.claret.cat\/autor\/kerry-christiani\/","menu_order":0,"post_type":"autor","post_mime_type":"","comment_count":"0","filter":"raw"}]},"aioseo_notices":[],"_links":{"self":[{"href":"https:\/\/www.claret.cat\/es\/wp-json\/wp\/v2\/product\/255524","targetHints":{"allow":["GET"]}}],"collection":[{"href":"https:\/\/www.claret.cat\/es\/wp-json\/wp\/v2\/product"}],"about":[{"href":"https:\/\/www.claret.cat\/es\/wp-json\/wp\/v2\/types\/product"}],"wp:featuredmedia":[{"embeddable":true,"href":"https:\/\/www.claret.cat\/es\/wp-json\/wp\/v2\/media\/255525"}],"wp:attachment":[{"href":"https:\/\/www.claret.cat\/es\/wp-json\/wp\/v2\/media?parent=255524"}],"wp:term":[{"taxonomy":"product_brand","embeddable":true,"href":"https:\/\/www.claret.cat\/es\/wp-json\/wp\/v2\/product_brand?post=255524"},{"taxonomy":"product_cat","embeddable":true,"href":"https:\/\/www.claret.cat\/es\/wp-json\/wp\/v2\/product_cat?post=255524"},{"taxonomy":"product_tag","embeddable":true,"href":"https:\/\/www.claret.cat\/es\/wp-json\/wp\/v2\/product_tag?post=255524"}],"curies":[{"name":"wp","href":"https:\/\/api.w.org\/{rel}","templated":true}]}}