{"id":255527,"date":"2022-10-21T11:25:22","date_gmt":"2022-10-21T09:25:22","guid":{"rendered":"http:\/\/dev.claret.cat\/producte\/marruecos-5\/"},"modified":"2025-11-04T14:36:13","modified_gmt":"2025-11-04T13:36:13","slug":"marruecos-9788408135401","status":"publish","type":"product","link":"https:\/\/www.claret.cat\/es\/libro\/marruecos-9788408135401\/","title":{"rendered":"MARRUECOS"},"content":{"rendered":"<p>Marruecos, el pa\u00eds vecino, es uno de los destinos m\u00e1s diversos y sorprendentes de \u00c1frica: una maravilla que engloba altas monta\u00f1as, un desierto inmenso y una costa escarpada, adem\u00e1s, por supuesto, de laber\u00ednticos callejones y zocos en las medinas de sus ciudades.Incluye:Detallada informaci\u00f3n sobre la medina de Marrakech y paseos guiados por las principales ciudades.Cap\u00edtulo especial sobre senderismo, esqu\u00ed y snowboard.<\/p>\n","protected":false},"excerpt":{"rendered":"<p>CLAMMER, PAUL \/ RANGER, HELEN \/ BAINBRIDGE, JAMES \/ HARDY, PAULA<\/p>\n","protected":false},"featured_media":1063655,"template":"","meta":{"_acf_changed":false,"om_disable_all_campaigns":false,"rs_blank_template":"","rs_page_bg_color":"","slide_template_v7":"","inline_featured_image":false,"_monsterinsights_skip_tracking":false,"_monsterinsights_sitenote_active":false,"_monsterinsights_sitenote_note":"","_monsterinsights_sitenote_category":0},"product_brand":[],"product_cat":[557,107],"product_tag":[],"class_list":{"0":"post-255527","1":"product","2":"type-product","3":"status-publish","4":"has-post-thumbnail","6":"product_cat-guias-de-viaje","7":"product_cat-guies-de-viatge","9":"first","10":"outofstock","11":"taxable","12":"shipping-taxable","13":"purchasable","14":"product-type-simple"},"acf":{"autor":"CLAMMER, PAUL \/ RANGER, HELEN \/ BAINBRIDGE, JAMES \/ HARDY, PAULA","codart":"840813540","libros-coleccion":"","ediciones":"1","encuadernacion":"R\u00fastica","fecha_de_publicacion":"01\/01\/2015","novedad":"0","paginas":"502","subtitulo":"","orden":"999","portada":"0","idioma":"spa","editorial":[{"ID":8244,"post_author":"3","post_date":"2022-09-30 09:21:26","post_date_gmt":"2022-09-30 07:21:26","post_content":"","post_title":"GEOPLANETA EDITORIAL","post_excerpt":"","post_status":"publish","comment_status":"closed","ping_status":"closed","post_password":"","post_name":"geoplaneta-editorial","to_ping":"","pinged":"","post_modified":"2022-09-30 09:21:26","post_modified_gmt":"2022-09-30 07:21:26","post_content_filtered":"","post_parent":0,"guid":"http:\/\/dev.claret.cat\/editorial\/geoplaneta-editorial\/","menu_order":0,"post_type":"editorial","post_mime_type":"","comment_count":"0","filter":"raw"}],"autores-libros":[{"ID":166779,"post_author":"3","post_date":"2022-10-14 18:05:59","post_date_gmt":"2022-10-14 16:05:59","post_content":"","post_title":"PAULA HARDY","post_excerpt":"","post_status":"publish","comment_status":"closed","ping_status":"closed","post_password":"","post_name":"paula-hardy","to_ping":"","pinged":"","post_modified":"2022-10-14 18:05:59","post_modified_gmt":"2022-10-14 16:05:59","post_content_filtered":"","post_parent":0,"guid":"http:\/\/dev.claret.cat\/autor\/paula-hardy\/","menu_order":0,"post_type":"autor","post_mime_type":"","comment_count":"0","filter":"raw"},{"ID":166723,"post_author":"3","post_date":"2022-10-14 18:05:32","post_date_gmt":"2022-10-14 16:05:32","post_content":"","post_title":"PAUL CLAMMER","post_excerpt":"","post_status":"publish","comment_status":"closed","ping_status":"closed","post_password":"","post_name":"paul-clammer","to_ping":"","pinged":"","post_modified":"2022-10-14 18:05:32","post_modified_gmt":"2022-10-14 16:05:32","post_content_filtered":"","post_parent":0,"guid":"http:\/\/dev.claret.cat\/autor\/paul-clammer\/","menu_order":0,"post_type":"autor","post_mime_type":"","comment_count":"0","filter":"raw"},{"ID":423288,"post_author":"3","post_date":"2023-05-16 07:36:58","post_date_gmt":"2023-05-16 05:36:58","post_content":"","post_title":"HELEN RANGER","post_excerpt":"","post_status":"publish","comment_status":"closed","ping_status":"closed","post_password":"","post_name":"helen-ranger","to_ping":"","pinged":"","post_modified":"2023-05-16 07:36:58","post_modified_gmt":"2023-05-16 05:36:58","post_content_filtered":"","post_parent":0,"guid":"https:\/\/www.claret.cat\/autor\/helen-ranger\/","menu_order":0,"post_type":"autor","post_mime_type":"","comment_count":"0","filter":"raw"},{"ID":423717,"post_author":"3","post_date":"2023-05-16 07:45:46","post_date_gmt":"2023-05-16 05:45:46","post_content":"","post_title":"JAMES BAINBRIDGE","post_excerpt":"","post_status":"publish","comment_status":"closed","ping_status":"closed","post_password":"","post_name":"james-bainbridge","to_ping":"","pinged":"","post_modified":"2023-05-16 07:45:46","post_modified_gmt":"2023-05-16 05:45:46","post_content_filtered":"","post_parent":0,"guid":"https:\/\/www.claret.cat\/autor\/james-bainbridge\/","menu_order":0,"post_type":"autor","post_mime_type":"","comment_count":"0","filter":"raw"}],"booktrailer":"","resenas":""},"aioseo_notices":[],"_links":{"self":[{"href":"https:\/\/www.claret.cat\/es\/wp-json\/wp\/v2\/product\/255527","targetHints":{"allow":["GET"]}}],"collection":[{"href":"https:\/\/www.claret.cat\/es\/wp-json\/wp\/v2\/product"}],"about":[{"href":"https:\/\/www.claret.cat\/es\/wp-json\/wp\/v2\/types\/product"}],"wp:featuredmedia":[{"embeddable":true,"href":"https:\/\/www.claret.cat\/es\/wp-json\/wp\/v2\/media\/1063655"}],"wp:attachment":[{"href":"https:\/\/www.claret.cat\/es\/wp-json\/wp\/v2\/media?parent=255527"}],"wp:term":[{"taxonomy":"product_brand","embeddable":true,"href":"https:\/\/www.claret.cat\/es\/wp-json\/wp\/v2\/product_brand?post=255527"},{"taxonomy":"product_cat","embeddable":true,"href":"https:\/\/www.claret.cat\/es\/wp-json\/wp\/v2\/product_cat?post=255527"},{"taxonomy":"product_tag","embeddable":true,"href":"https:\/\/www.claret.cat\/es\/wp-json\/wp\/v2\/product_tag?post=255527"}],"curies":[{"name":"wp","href":"https:\/\/api.w.org\/{rel}","templated":true}]}}