{"id":255626,"date":"2022-10-21T11:27:34","date_gmt":"2022-10-21T09:27:34","guid":{"rendered":"http:\/\/dev.claret.cat\/producte\/medianoche-en-marble-arch\/"},"modified":"2023-01-28T15:01:52","modified_gmt":"2023-01-28T14:01:52","slug":"medianoche-en-marble-arch-9788466654982","status":"publish","type":"product","link":"https:\/\/www.claret.cat\/es\/libro\/medianoche-en-marble-arch-9788466654982\/","title":{"rendered":"MEDIANOCHE EN MARBLE ARCH"},"content":{"rendered":"<p>Anne Perry vuelve a exponer el lado oscuro de la sociedad victoriana.<br \/> \u00abUn libro rebosante de intriga\u00bb \u00a0The Huffington Post.<br \/> En esta nueva aventura de Charlotte y Thomas Pitt, Anne Perry nos sumerge en la rutilante sociedad victoriana para mostrarnos un mundo en el que demasiado a menudo las mujeres cargan con la culpa de las violentas agresiones que padecen y en el que los hombres poderosos consiguen lo que quieren, dejando que otros paguen por ello.<br \/> La horrenda violaci\u00f3n y supuesto suicidio de Catherine Quixwood, esposa de un acaudalado banquero, queda fuera de la jurisdicci\u00f3n de Thomas Pitt, el nuevo jefe de la Special Branch. Sin embargo, los ofensivos rumores acerca de la v\u00edctima hacen que Pitt decida investigar por su cuenta.<br \/> Pese a contar con la ayuda de su c\u00e1ndida esposa Charlotte y de su antiguo superior, Victor Narraway, Pitt se siente desorientado. \u00bfPor qu\u00e9 la altruista y culta Catherine no acompa\u00f1\u00f3 a su marido a una gran fiesta la noche de su deceso? \u00bfPor qu\u00e9 dio permiso a los criados para que se retiraran hasta el d\u00eda siguiente y dej\u00f3 la puerta principal sin cerrar? \u00bfCu\u00e1l hab\u00eda sido su relaci\u00f3n con el joven en cuya compa\u00f1\u00eda fue vista en conciertos y exposiciones?<br \/> El camino hacia la verdad lo lleva por derroteros sumamente perturbadores, desde las altas, y altivas, esferas de la pol\u00edtica y las finanzas hasta la felicidad de su propio hogar, donde su hija adolescente, Jemima, se est\u00e1 haciendo adulta en el seno de una cultura plagada de peligros.\u00a0<br \/> \u00a0<br \/> \u00abArrolladora y provocadora&hellip; Perry ha perfeccionado su delicadeza narrativa.\u00bb\u00a0The New York Times Book Review<br \/> \u00abVigorosa y vehemente&hellip; Perry capta la Inglaterra victoriana con estilo, y el argumento es fascinante.\u00bb\u00a0Wichita Falls Times Record News<br \/> \u00abPerry es una maestra sacando a relucir las injusticias de la \u00e9poca victoriana.\u00bb\u00a0Booklist<\/p>\n","protected":false},"excerpt":{"rendered":"<p>PERRY, ANNE<\/p>\n","protected":false},"featured_media":255627,"template":"","meta":{"_acf_changed":false,"om_disable_all_campaigns":false,"rs_blank_template":"","rs_page_bg_color":"","slide_template_v7":"","inline_featured_image":false,"_monsterinsights_skip_tracking":false,"_monsterinsights_sitenote_active":false,"_monsterinsights_sitenote_note":"","_monsterinsights_sitenote_category":0},"product_brand":[],"product_cat":[16],"product_tag":[],"class_list":{"0":"post-255626","1":"product","2":"type-product","3":"status-publish","4":"has-post-thumbnail","6":"product_cat-sense-categoria","8":"first","9":"instock","10":"taxable","11":"shipping-taxable","12":"purchasable","13":"product-type-simple"},"acf":{"autor":"PERRY, ANNE","codart":"846665498","libros-coleccion":"FORA DE COL.LECCI\u00d3","ediciones":"1","encuadernacion":"R\u00fastica","fecha_de_publicacion":"01\/01\/2015","novedad":"0","paginas":"407","subtitulo":"","orden":"999","portada":"0","idioma":"spa","editorial":[{"ID":147506,"post_author":"3","post_date":"2022-10-14 11:51:06","post_date_gmt":"2022-10-14 09:51:06","post_content":"","post_title":"B EDICIONES","post_excerpt":"","post_status":"publish","comment_status":"closed","ping_status":"closed","post_password":"","post_name":"b-ediciones","to_ping":"","pinged":"","post_modified":"2022-10-14 11:51:06","post_modified_gmt":"2022-10-14 09:51:06","post_content_filtered":"","post_parent":0,"guid":"http:\/\/dev.claret.cat\/editorial\/b-ediciones\/","menu_order":0,"post_type":"editorial","post_mime_type":"","comment_count":"0","filter":"raw"}],"autores-libros":[{"ID":150707,"post_author":"3","post_date":"2022-10-14 14:35:06","post_date_gmt":"2022-10-14 12:35:06","post_content":"","post_title":"ANNE PERRY","post_excerpt":"","post_status":"publish","comment_status":"closed","ping_status":"closed","post_password":"","post_name":"anne-perry","to_ping":"","pinged":"","post_modified":"2022-10-14 14:35:06","post_modified_gmt":"2022-10-14 12:35:06","post_content_filtered":"","post_parent":0,"guid":"http:\/\/dev.claret.cat\/autor\/anne-perry\/","menu_order":0,"post_type":"autor","post_mime_type":"","comment_count":"0","filter":"raw"}]},"aioseo_notices":[],"_links":{"self":[{"href":"https:\/\/www.claret.cat\/es\/wp-json\/wp\/v2\/product\/255626","targetHints":{"allow":["GET"]}}],"collection":[{"href":"https:\/\/www.claret.cat\/es\/wp-json\/wp\/v2\/product"}],"about":[{"href":"https:\/\/www.claret.cat\/es\/wp-json\/wp\/v2\/types\/product"}],"wp:featuredmedia":[{"embeddable":true,"href":"https:\/\/www.claret.cat\/es\/wp-json\/wp\/v2\/media\/255627"}],"wp:attachment":[{"href":"https:\/\/www.claret.cat\/es\/wp-json\/wp\/v2\/media?parent=255626"}],"wp:term":[{"taxonomy":"product_brand","embeddable":true,"href":"https:\/\/www.claret.cat\/es\/wp-json\/wp\/v2\/product_brand?post=255626"},{"taxonomy":"product_cat","embeddable":true,"href":"https:\/\/www.claret.cat\/es\/wp-json\/wp\/v2\/product_cat?post=255626"},{"taxonomy":"product_tag","embeddable":true,"href":"https:\/\/www.claret.cat\/es\/wp-json\/wp\/v2\/product_tag?post=255626"}],"curies":[{"name":"wp","href":"https:\/\/api.w.org\/{rel}","templated":true}]}}