{"id":255687,"date":"2022-10-21T11:29:33","date_gmt":"2022-10-21T09:29:33","guid":{"rendered":"http:\/\/dev.claret.cat\/producte\/chap-chap\/"},"modified":"2023-01-28T07:43:35","modified_gmt":"2023-01-28T06:43:35","slug":"chap-chap-9788416290277","status":"publish","type":"product","link":"https:\/\/www.claret.cat\/es\/libro\/chap-chap-9788416290277\/","title":{"rendered":"CHAP CHAP"},"content":{"rendered":"<p>Lean en este libro c\u00f3mo Kiko Amat: acude a una cita con la actriz Juliette Lewis, atropella a un viejo con su coche (pero no se lo carga), acude boquiabierto a un concierto de Julio Iglesias, desea ser escalador, esp\u00eda a los pijos de Calella, cuenta con repugnante detalle la vasectom\u00eda a la que se someti\u00f3, entrevista a Miguel Bos\u00e9, habla de nazis gays y de beatniks, confiesa sus juveniles actos de vandalismo p\u00fablico, acusa y defiende a The Style Council (de un modo algo bipolar), relata por qu\u00e9 beber es fascinante, acude a un concierto de Vic Godard y se emborracha como un cerdo, se infiltra en Queralbs para intentar atisbar a Jordi Pujol (y casi le linchan), nos ense\u00f1a los tatuajes asquerosos que cubren su piel (sin que nadie se lo haya pedido), rememora su vida en la cadena de montaje de la SEAT.<\/p>\n<p> Mientras lo est\u00e9n leyendo, \u00e9l seguir\u00e1 tan pancho en su chaise longue sorbiendo botellines de cerveza y pensando en nuevas aventuras. \u00a1Chap Chap!<\/p>\n","protected":false},"excerpt":{"rendered":"<p>AMAT, KIKO<\/p>\n","protected":false},"featured_media":255688,"template":"","meta":{"_acf_changed":false,"om_disable_all_campaigns":false,"rs_blank_template":"","rs_page_bg_color":"","slide_template_v7":"","inline_featured_image":false,"_monsterinsights_skip_tracking":false,"_monsterinsights_sitenote_active":false,"_monsterinsights_sitenote_note":"","_monsterinsights_sitenote_category":0},"product_brand":[],"product_cat":[99],"product_tag":[],"class_list":{"0":"post-255687","1":"product","2":"type-product","3":"status-publish","4":"has-post-thumbnail","6":"product_cat-biografies","8":"first","9":"instock","10":"taxable","11":"shipping-taxable","12":"purchasable","13":"product-type-simple"},"acf":{"autor":"AMAT, KIKO","codart":"841629027","libros-coleccion":"","ediciones":"1","encuadernacion":"R\u00fastica","fecha_de_publicacion":"01\/01\/2015","novedad":"0","paginas":"0","subtitulo":"UNA ANTOLOG\u00cdA CONFESIONAL","orden":"999","portada":"0","idioma":"spa","editorial":[{"ID":6146,"post_author":"3","post_date":"2022-07-28 17:45:52","post_date_gmt":"2022-07-28 15:45:52","post_content":"","post_title":"Blackie Books","post_excerpt":"","post_status":"publish","comment_status":"closed","ping_status":"closed","post_password":"","post_name":"blackie-books","to_ping":"","pinged":"","post_modified":"2022-07-28 17:45:52","post_modified_gmt":"2022-07-28 15:45:52","post_content_filtered":"","post_parent":0,"guid":"http:\/\/dev.claret.cat\/editorial\/blackie-books\/","menu_order":0,"post_type":"editorial","post_mime_type":"","comment_count":"0","filter":"raw"}],"autores-libros":[{"ID":161669,"post_author":"3","post_date":"2022-10-14 17:20:05","post_date_gmt":"2022-10-14 15:20:05","post_content":"","post_title":"KIKO AMAT","post_excerpt":"","post_status":"publish","comment_status":"closed","ping_status":"closed","post_password":"","post_name":"kiko-amat","to_ping":"","pinged":"","post_modified":"2022-10-14 17:20:05","post_modified_gmt":"2022-10-14 15:20:05","post_content_filtered":"","post_parent":0,"guid":"http:\/\/dev.claret.cat\/autor\/kiko-amat\/","menu_order":0,"post_type":"autor","post_mime_type":"","comment_count":"0","filter":"raw"}]},"aioseo_notices":[],"_links":{"self":[{"href":"https:\/\/www.claret.cat\/es\/wp-json\/wp\/v2\/product\/255687","targetHints":{"allow":["GET"]}}],"collection":[{"href":"https:\/\/www.claret.cat\/es\/wp-json\/wp\/v2\/product"}],"about":[{"href":"https:\/\/www.claret.cat\/es\/wp-json\/wp\/v2\/types\/product"}],"wp:featuredmedia":[{"embeddable":true,"href":"https:\/\/www.claret.cat\/es\/wp-json\/wp\/v2\/media\/255688"}],"wp:attachment":[{"href":"https:\/\/www.claret.cat\/es\/wp-json\/wp\/v2\/media?parent=255687"}],"wp:term":[{"taxonomy":"product_brand","embeddable":true,"href":"https:\/\/www.claret.cat\/es\/wp-json\/wp\/v2\/product_brand?post=255687"},{"taxonomy":"product_cat","embeddable":true,"href":"https:\/\/www.claret.cat\/es\/wp-json\/wp\/v2\/product_cat?post=255687"},{"taxonomy":"product_tag","embeddable":true,"href":"https:\/\/www.claret.cat\/es\/wp-json\/wp\/v2\/product_tag?post=255687"}],"curies":[{"name":"wp","href":"https:\/\/api.w.org\/{rel}","templated":true}]}}