{"id":255732,"date":"2022-10-21T11:30:37","date_gmt":"2022-10-21T09:30:37","guid":{"rendered":"http:\/\/dev.claret.cat\/producte\/se-el-que-estas-pensant\/"},"modified":"2024-01-31T17:49:53","modified_gmt":"2024-01-31T16:49:53","slug":"se-el-que-estas-pensant-9788499309729","status":"publish","type":"product","link":"https:\/\/www.claret.cat\/es\/libro\/se-el-que-estas-pensant-9788499309729\/","title":{"rendered":"S\u00c9 EL QUE EST\u00c0S PENSANT"},"content":{"rendered":"<p>Reps una carta que et convida a pensar un n\u00famero de l&#8221;u al mil. Quan, seguint les instruccions que figuren a la carta, obres el petit sobre que l&#8221;acompanya, t&#8221;adones que el n\u00famero que hi ha escrit \u00e9s exactament el que havies pensat.L&#8221;home que ha rebut la carta demana ajut a David Gurney, un policia que despr\u00e9s de vint-i-cinc anys de servei s&#8221;ha retirat al nord de l&#8221;Estat de Nova York. Tots dos intentaran trobar el remitent amb urg\u00e8ncia i es veuran embolicats en un joc sinistre, perqu\u00e8 el que en un principi semblava poc m\u00e9s que un xantatge s&#8221;acaba convertint en un cas d&#8221;assassinat que, a m\u00e9s, guarda relaci\u00f3 amb altres d&#8221;ocorreguts en el passat. Gurney haur\u00e0 de descobrir si el criminal \u00e9s capa\u00e7 de llegir la ment de les seves v\u00edctimes i de quina manera. Nom\u00e9s aix\u00ed podr\u00e0 tra\u00e7ar un pla per atrapar el criminal.<\/p>\n","protected":false},"excerpt":{"rendered":"<p>VERDON, JOHN<\/p>\n","protected":false},"featured_media":255733,"template":"","meta":{"_acf_changed":false,"om_disable_all_campaigns":false,"rs_blank_template":"","rs_page_bg_color":"","slide_template_v7":"","inline_featured_image":false,"_monsterinsights_skip_tracking":false,"_monsterinsights_sitenote_active":false,"_monsterinsights_sitenote_note":"","_monsterinsights_sitenote_category":0},"product_brand":[],"product_cat":[353,87],"product_tag":[],"class_list":{"0":"post-255732","1":"product","2":"type-product","3":"status-publish","4":"has-post-thumbnail","6":"product_cat-literatura-2_humanidades","7":"product_cat-literatura","9":"first","10":"instock","11":"taxable","12":"shipping-taxable","13":"purchasable","14":"product-type-simple"},"acf":{"autor":"VERDON, JOHN","codart":"849930972","libros-coleccion":"","ediciones":"1","encuadernacion":"R\u00fastica","fecha_de_publicacion":"01\/01\/2015","novedad":"0","paginas":"414","subtitulo":"","orden":"999","portada":"0","idioma":"cat","editorial":[{"ID":6281,"post_author":"3","post_date":"2022-07-28 17:48:50","post_date_gmt":"2022-07-28 15:48:50","post_content":"","post_title":"LABUTXACA","post_excerpt":"","post_status":"publish","comment_status":"closed","ping_status":"closed","post_password":"","post_name":"labutxaca","to_ping":"","pinged":"","post_modified":"2022-07-28 17:48:50","post_modified_gmt":"2022-07-28 15:48:50","post_content_filtered":"","post_parent":0,"guid":"http:\/\/dev.claret.cat\/editorial\/labutxaca\/","menu_order":0,"post_type":"editorial","post_mime_type":"","comment_count":"0","filter":"raw"}],"autores-libros":[{"ID":159707,"post_author":"3","post_date":"2022-10-14 15:47:04","post_date_gmt":"2022-10-14 13:47:04","post_content":"","post_title":"JOHN VERDON","post_excerpt":"","post_status":"publish","comment_status":"closed","ping_status":"closed","post_password":"","post_name":"john-verdon","to_ping":"","pinged":"","post_modified":"2022-10-14 15:47:04","post_modified_gmt":"2022-10-14 13:47:04","post_content_filtered":"","post_parent":0,"guid":"http:\/\/dev.claret.cat\/autor\/john-verdon\/","menu_order":0,"post_type":"autor","post_mime_type":"","comment_count":"0","filter":"raw"}]},"aioseo_notices":[],"_links":{"self":[{"href":"https:\/\/www.claret.cat\/es\/wp-json\/wp\/v2\/product\/255732","targetHints":{"allow":["GET"]}}],"collection":[{"href":"https:\/\/www.claret.cat\/es\/wp-json\/wp\/v2\/product"}],"about":[{"href":"https:\/\/www.claret.cat\/es\/wp-json\/wp\/v2\/types\/product"}],"wp:featuredmedia":[{"embeddable":true,"href":"https:\/\/www.claret.cat\/es\/wp-json\/wp\/v2\/media\/255733"}],"wp:attachment":[{"href":"https:\/\/www.claret.cat\/es\/wp-json\/wp\/v2\/media?parent=255732"}],"wp:term":[{"taxonomy":"product_brand","embeddable":true,"href":"https:\/\/www.claret.cat\/es\/wp-json\/wp\/v2\/product_brand?post=255732"},{"taxonomy":"product_cat","embeddable":true,"href":"https:\/\/www.claret.cat\/es\/wp-json\/wp\/v2\/product_cat?post=255732"},{"taxonomy":"product_tag","embeddable":true,"href":"https:\/\/www.claret.cat\/es\/wp-json\/wp\/v2\/product_tag?post=255732"}],"curies":[{"name":"wp","href":"https:\/\/api.w.org\/{rel}","templated":true}]}}