{"id":255848,"date":"2022-10-21T11:33:23","date_gmt":"2022-10-21T09:33:23","guid":{"rendered":"http:\/\/dev.claret.cat\/producte\/el-diccionari-del-diable\/"},"modified":"2023-10-13T19:55:20","modified_gmt":"2023-10-13T17:55:20","slug":"el-diccionari-del-diable-9788416139286","status":"publish","type":"product","link":"https:\/\/www.claret.cat\/es\/libro\/el-diccionari-del-diable-9788416139286\/","title":{"rendered":"EL DICCIONARI DEL DIABLE"},"content":{"rendered":"<p>C\u00ednic, \u00e0cid, irreverent, c\u00e0ustic, brillant, inflamador, hilarant, revelador, inimitable, corrosiu&#8230; Ambrose Bierce va escriure El diccionari del diable al llarg d&#8221;uns quaranta anys. De la A a la Z, amb definicions directes i precises, Bierce va dinamitant els fonaments de la societat (el govern, l&#8221;esgl\u00e9sia, l&#8221;ex\u00e8rcit, les convencions&#8230;) i de les persones (la fam\u00edlia, la religi\u00f3, l&#8221;amor, la ra\u00f3&#8230;). <br \/> Res ni ning\u00fa no se salva: la mirada penetrant de Bierce \u00e9s implacable amb tots els defectes i totes les febleses humanes. I fins i tot, amb el que sovint considerar\u00edem l\u00f2gic, establert, raonable o tradicional. <br \/> En aquesta antologia pensada per als lectors actuals, la intel\u00b7lig\u00e8ncia anal\u00edtica i l&#8221;humor negre d&#8221;Ambrose Bierce brillen en cada paraula definida per il\u00b7luminar el costat fosc de la humanitat.<\/p>\n","protected":false},"excerpt":{"rendered":"<p>BIERCE, AMBROSE<\/p>\n","protected":false},"featured_media":882445,"template":"","meta":{"_acf_changed":false,"om_disable_all_campaigns":false,"rs_blank_template":"","rs_page_bg_color":"","slide_template_v7":"","inline_featured_image":false,"_monsterinsights_skip_tracking":false,"_monsterinsights_sitenote_active":false,"_monsterinsights_sitenote_note":"","_monsterinsights_sitenote_category":0},"product_brand":[],"product_cat":[90,540],"product_tag":[],"class_list":{"0":"post-255848","1":"product","2":"type-product","3":"status-publish","4":"has-post-thumbnail","6":"product_cat-altres","7":"product_cat-otros","9":"first","10":"instock","11":"taxable","12":"shipping-taxable","13":"purchasable","14":"product-type-simple"},"acf":{"autor":"BIERCE, AMBROSE","codart":"841613928","libros-coleccion":"","ediciones":"1","encuadernacion":"R\u00fastica","fecha_de_publicacion":"01\/01\/2015","novedad":"0","paginas":"156","subtitulo":"","orden":"999","portada":"0","idioma":"cat","editorial":[{"ID":6122,"post_author":"3","post_date":"2022-07-28 17:45:22","post_date_gmt":"2022-07-28 15:45:22","post_content":"","post_title":"ANGLE EDITORIAL","post_excerpt":"","post_status":"publish","comment_status":"closed","ping_status":"closed","post_password":"","post_name":"angle-editorial","to_ping":"","pinged":"","post_modified":"2022-07-28 17:45:22","post_modified_gmt":"2022-07-28 15:45:22","post_content_filtered":"","post_parent":0,"guid":"http:\/\/dev.claret.cat\/editorial\/angle-editorial\/","menu_order":0,"post_type":"editorial","post_mime_type":"","comment_count":"0","filter":"raw"}],"autores-libros":[{"ID":149994,"post_author":"3","post_date":"2022-10-14 14:29:22","post_date_gmt":"2022-10-14 12:29:22","post_content":"","post_title":"AMBROSE BIERCE","post_excerpt":"","post_status":"publish","comment_status":"closed","ping_status":"closed","post_password":"","post_name":"ambrose-bierce","to_ping":"","pinged":"","post_modified":"2022-10-14 14:29:22","post_modified_gmt":"2022-10-14 12:29:22","post_content_filtered":"","post_parent":0,"guid":"http:\/\/dev.claret.cat\/autor\/ambrose-bierce\/","menu_order":0,"post_type":"autor","post_mime_type":"","comment_count":"0","filter":"raw"}]},"aioseo_notices":[],"_links":{"self":[{"href":"https:\/\/www.claret.cat\/es\/wp-json\/wp\/v2\/product\/255848","targetHints":{"allow":["GET"]}}],"collection":[{"href":"https:\/\/www.claret.cat\/es\/wp-json\/wp\/v2\/product"}],"about":[{"href":"https:\/\/www.claret.cat\/es\/wp-json\/wp\/v2\/types\/product"}],"wp:featuredmedia":[{"embeddable":true,"href":"https:\/\/www.claret.cat\/es\/wp-json\/wp\/v2\/media\/882445"}],"wp:attachment":[{"href":"https:\/\/www.claret.cat\/es\/wp-json\/wp\/v2\/media?parent=255848"}],"wp:term":[{"taxonomy":"product_brand","embeddable":true,"href":"https:\/\/www.claret.cat\/es\/wp-json\/wp\/v2\/product_brand?post=255848"},{"taxonomy":"product_cat","embeddable":true,"href":"https:\/\/www.claret.cat\/es\/wp-json\/wp\/v2\/product_cat?post=255848"},{"taxonomy":"product_tag","embeddable":true,"href":"https:\/\/www.claret.cat\/es\/wp-json\/wp\/v2\/product_tag?post=255848"}],"curies":[{"name":"wp","href":"https:\/\/api.w.org\/{rel}","templated":true}]}}