{"id":255963,"date":"2022-10-21T11:36:17","date_gmt":"2022-10-21T09:36:17","guid":{"rendered":"http:\/\/dev.claret.cat\/producte\/els-franciscans-a-catalunya\/"},"modified":"2024-02-26T11:55:06","modified_gmt":"2024-02-26T10:55:06","slug":"els-franciscans-a-catalunya-9788499755571","status":"publish","type":"product","link":"https:\/\/www.claret.cat\/es\/libro\/els-franciscans-a-catalunya-9788499755571\/","title":{"rendered":"ELS FRANCISCANS A CATALUNYA"},"content":{"rendered":"<p>Els franciscans a Catalunya intenta ser un llibre semblant a una recepta dels antics frares: molts ingredients i preparaci\u00f3 senzilla, elaborada sobretot amb amor. Des del 1214, ara fa vuit cents anys, les nostres terres s&#8221;han franciscanitzat i el franciscanisme s&#8221;ha catalanitzat amb figures com Ramon Llull o Francesc Eiximenis. L&#8221;an\u00e0lisi del pas de sant Francesc introdueix el segon cap\u00edtol, on es dibuixa una breu hist\u00f2ria general. La pobresa franciscana catalana, en el seus vuit segles d&#8221;exist\u00e8ncia, s&#8221;ha caracteritzat per la bellesa de les coses simples de cada dia, com es veu en l&#8221;art dels convents i en l&#8221;acci\u00f3 dels frares de la tercera i quarta part del llibre. La fraternitat universal i l&#8221;agermanament amb la creaci\u00f3 nom\u00e9s poden ser aut\u00e8ntics si s&#8221;arrelen en una terra, per aix\u00f2, es recullen frarades, receptes de cuina i documents en un cinqu\u00e8 cap\u00edtol. El llibre acaba amb una bibliografia general.<\/p>\n","protected":false},"excerpt":{"rendered":"<p>BOADAS LLAVAT, AGUST\u00cd<\/p>\n","protected":false},"featured_media":255964,"template":"","meta":{"_acf_changed":false,"om_disable_all_campaigns":false,"rs_blank_template":"","rs_page_bg_color":"","slide_template_v7":"","inline_featured_image":false,"_monsterinsights_skip_tracking":false,"_monsterinsights_sitenote_active":false,"_monsterinsights_sitenote_note":"","_monsterinsights_sitenote_category":0},"product_brand":[],"product_cat":[543,93,542,92],"product_tag":[],"class_list":{"0":"post-255963","1":"product","2":"type-product","3":"status-publish","4":"has-post-thumbnail","6":"product_cat-eclesiologia-es","7":"product_cat-eclesiologia","8":"product_cat-vida-religiosa-1_espiritualidad-spa","9":"product_cat-vida-religiosa","11":"first","12":"instock","13":"taxable","14":"shipping-taxable","15":"purchasable","16":"product-type-simple"},"acf":{"autor":"BOADAS LLAVAT, AGUST\u00cd","codart":"849975557","libros-coleccion":"FORA DE COL.LECCI\u00d3","ediciones":"1","encuadernacion":"Carton\u00e9","fecha_de_publicacion":"01\/12\/2014","novedad":"0","paginas":"604","subtitulo":"HIST\u00d2RIA, CONVENTS I FRARADES","orden":"999","portada":"0","idioma":"cat","editorial":[{"ID":6321,"post_author":"3","post_date":"2022-07-28 17:49:41","post_date_gmt":"2022-07-28 15:49:41","post_content":"","post_title":"PAG\u00c8S","post_excerpt":"","post_status":"publish","comment_status":"closed","ping_status":"closed","post_password":"","post_name":"pages","to_ping":"","pinged":"","post_modified":"2022-07-28 17:49:41","post_modified_gmt":"2022-07-28 15:49:41","post_content_filtered":"","post_parent":0,"guid":"http:\/\/dev.claret.cat\/editorial\/pages\/","menu_order":0,"post_type":"editorial","post_mime_type":"","comment_count":"0","filter":"raw"}],"autores-libros":[{"ID":5207,"post_author":"3","post_date":"2022-07-28 17:17:04","post_date_gmt":"2022-07-28 15:17:04","post_content":"<span class=\"fontstyle0\">Agust\u00ed Boadas Llavat (Barcelona, 1963) \u00e9s francisc\u00e0. Doctorat en filosofia per la Universitat de Barcelona, els seus estudis s\u2019han complementat amb els teol\u00f2gics a la Facultat de Teologia de Catalunya i els d\u2019organista al Conservatori Superior de M\u00fasica de Barcelona. Durant els darrers trenta anys ha impartit classes com a professor a la Universitat Oberta de Catalunya, a la Universitat Ramon Llull i, darrerament, a l\u2019Ateneu Pontifici Antoni Gaud\u00ed. Cal destacar la seva activitat com a arxiver i bibliotecari provincial dels franciscans de Catalunya fins al 2015 i secretari general de l\u2019Associaci\u00f3 Hisp\u00e0nica d\u2019Estudis Franciscans. Col\u00b7labora des del 1989 amb la Cust\u00f2dia de Terra Santa a trav\u00e9s de la seu de Barcelona. \u00c9s autor de: <\/span><em><span class=\"fontstyle2\">Els franciscans a Catalunya <\/span><\/em><span class=\"fontstyle0\">(Pag\u00e8s Editors, Lleida, 2014). Actualment, treballa al col\u00b7legi Sant Francesc i \u00e9s rector de la parr\u00f2quia hom\u00f2nima de Sabadell.<\/span>","post_title":"AGUST\u00cd BOADAS LLAVAT","post_excerpt":"","post_status":"publish","comment_status":"closed","ping_status":"closed","post_password":"","post_name":"agusti-boadas-llavat","to_ping":"","pinged":"","post_modified":"2024-02-05 11:54:03","post_modified_gmt":"2024-02-05 10:54:03","post_content_filtered":"","post_parent":0,"guid":"http:\/\/dev.claret.cat\/autor\/agusti-boadas-llavat\/","menu_order":0,"post_type":"autor","post_mime_type":"","comment_count":"0","filter":"raw"}]},"aioseo_notices":[],"_links":{"self":[{"href":"https:\/\/www.claret.cat\/es\/wp-json\/wp\/v2\/product\/255963","targetHints":{"allow":["GET"]}}],"collection":[{"href":"https:\/\/www.claret.cat\/es\/wp-json\/wp\/v2\/product"}],"about":[{"href":"https:\/\/www.claret.cat\/es\/wp-json\/wp\/v2\/types\/product"}],"wp:featuredmedia":[{"embeddable":true,"href":"https:\/\/www.claret.cat\/es\/wp-json\/wp\/v2\/media\/255964"}],"wp:attachment":[{"href":"https:\/\/www.claret.cat\/es\/wp-json\/wp\/v2\/media?parent=255963"}],"wp:term":[{"taxonomy":"product_brand","embeddable":true,"href":"https:\/\/www.claret.cat\/es\/wp-json\/wp\/v2\/product_brand?post=255963"},{"taxonomy":"product_cat","embeddable":true,"href":"https:\/\/www.claret.cat\/es\/wp-json\/wp\/v2\/product_cat?post=255963"},{"taxonomy":"product_tag","embeddable":true,"href":"https:\/\/www.claret.cat\/es\/wp-json\/wp\/v2\/product_tag?post=255963"}],"curies":[{"name":"wp","href":"https:\/\/api.w.org\/{rel}","templated":true}]}}