{"id":255984,"date":"2022-10-21T11:36:46","date_gmt":"2022-10-21T09:36:46","guid":{"rendered":"http:\/\/dev.claret.cat\/producte\/harry-potter-y-la-camara-secreta-2\/"},"modified":"2023-01-28T21:47:56","modified_gmt":"2023-01-28T20:47:56","slug":"harry-potter-y-la-camara-secreta-9788498386325","status":"publish","type":"product","link":"https:\/\/www.claret.cat\/es\/libro\/harry-potter-y-la-camara-secreta-9788498386325\/","title":{"rendered":"HARRY POTTER Y LA C\u00c1MARA SECRETA"},"content":{"rendered":"<p>Mientras Harry espera impaciente en casa de sus insoportables t\u00edos el inicio del segundo curso del Colegio Hogwarts de Magia y Hechicer\u00eda, un elfo aparece en su habitaci\u00f3n y le advierte de que una amenaza mortal se cierne sobre la escuela. Harry no se lo piensa dos veces y, acompa\u00f1ado de Ron, se dirige a Hogwarts en un coche volador. All\u00ed, Harry oye extra\u00f1os susurros en los pasillos desiertos y, de pronto&#8230; los ataques comienzan. La siniestra predicci\u00f3n del elfo parece hacerse realidad.<\/p>\n","protected":false},"excerpt":{"rendered":"<p>ROWLING, J. K.<\/p>\n","protected":false},"featured_media":255985,"template":"","meta":{"_acf_changed":false,"om_disable_all_campaigns":false,"rs_blank_template":"","rs_page_bg_color":"","slide_template_v7":"","inline_featured_image":false,"_monsterinsights_skip_tracking":false,"_monsterinsights_sitenote_active":false,"_monsterinsights_sitenote_note":"","_monsterinsights_sitenote_category":0},"product_brand":[],"product_cat":[86],"product_tag":[],"class_list":{"0":"post-255984","1":"product","2":"type-product","3":"status-publish","4":"has-post-thumbnail","6":"product_cat-infantil","8":"first","9":"instock","10":"taxable","11":"shipping-taxable","12":"purchasable","13":"product-type-simple"},"acf":{"autor":"ROWLING, J. K.","codart":"849838632","libros-coleccion":"","ediciones":"1","encuadernacion":"R\u00fastica","fecha_de_publicacion":"01\/12\/2014","novedad":"0","paginas":"292","subtitulo":"HARRY POTTER","orden":"999","portada":"0","idioma":"spa","editorial":[{"ID":148772,"post_author":"3","post_date":"2022-10-14 12:00:51","post_date_gmt":"2022-10-14 10:00:51","post_content":"","post_title":"SALAMANDRA, S.A., EDICIONES","post_excerpt":"","post_status":"publish","comment_status":"closed","ping_status":"closed","post_password":"","post_name":"salamandra-s-a-ediciones","to_ping":"","pinged":"","post_modified":"2022-10-14 12:00:51","post_modified_gmt":"2022-10-14 10:00:51","post_content_filtered":"","post_parent":0,"guid":"http:\/\/dev.claret.cat\/editorial\/salamandra-s-a-ediciones\/","menu_order":0,"post_type":"editorial","post_mime_type":"","comment_count":"0","filter":"raw"}],"autores-libros":[{"ID":158219,"post_author":"3","post_date":"2022-10-14 15:35:06","post_date_gmt":"2022-10-14 13:35:06","post_content":"","post_title":"J. K. ROWLING","post_excerpt":"","post_status":"publish","comment_status":"closed","ping_status":"closed","post_password":"","post_name":"j-k-rowling-3","to_ping":"","pinged":"","post_modified":"2022-10-14 15:35:06","post_modified_gmt":"2022-10-14 13:35:06","post_content_filtered":"","post_parent":0,"guid":"http:\/\/dev.claret.cat\/autor\/j-k-rowling-3\/","menu_order":0,"post_type":"autor","post_mime_type":"","comment_count":"0","filter":"raw"}]},"aioseo_notices":[],"_links":{"self":[{"href":"https:\/\/www.claret.cat\/es\/wp-json\/wp\/v2\/product\/255984","targetHints":{"allow":["GET"]}}],"collection":[{"href":"https:\/\/www.claret.cat\/es\/wp-json\/wp\/v2\/product"}],"about":[{"href":"https:\/\/www.claret.cat\/es\/wp-json\/wp\/v2\/types\/product"}],"wp:featuredmedia":[{"embeddable":true,"href":"https:\/\/www.claret.cat\/es\/wp-json\/wp\/v2\/media\/255985"}],"wp:attachment":[{"href":"https:\/\/www.claret.cat\/es\/wp-json\/wp\/v2\/media?parent=255984"}],"wp:term":[{"taxonomy":"product_brand","embeddable":true,"href":"https:\/\/www.claret.cat\/es\/wp-json\/wp\/v2\/product_brand?post=255984"},{"taxonomy":"product_cat","embeddable":true,"href":"https:\/\/www.claret.cat\/es\/wp-json\/wp\/v2\/product_cat?post=255984"},{"taxonomy":"product_tag","embeddable":true,"href":"https:\/\/www.claret.cat\/es\/wp-json\/wp\/v2\/product_tag?post=255984"}],"curies":[{"name":"wp","href":"https:\/\/api.w.org\/{rel}","templated":true}]}}