{"id":256000,"date":"2022-10-21T11:37:10","date_gmt":"2022-10-21T09:37:10","guid":{"rendered":"http:\/\/dev.claret.cat\/producte\/alegria-con-gambo\/"},"modified":"2024-01-10T12:35:27","modified_gmt":"2024-01-10T11:35:27","slug":"alegria-con-gambo-9788461733668","status":"publish","type":"product","link":"https:\/\/www.claret.cat\/es\/libro\/alegria-con-gambo-9788461733668\/","title":{"rendered":"ALEGR\u00cdA CON GAMBO"},"content":{"rendered":"","protected":false},"excerpt":{"rendered":"<p>ALEGR\u00cdA COLL, I\u00d1AKI<\/p>\n","protected":false},"featured_media":370390,"template":"","meta":{"_acf_changed":false,"om_disable_all_campaigns":false,"rs_blank_template":"","rs_page_bg_color":"","slide_template_v7":"","inline_featured_image":false,"_monsterinsights_skip_tracking":false,"_monsterinsights_sitenote_active":false,"_monsterinsights_sitenote_note":"","_monsterinsights_sitenote_category":0},"product_brand":[],"product_cat":[90,540],"product_tag":[],"class_list":{"0":"post-256000","1":"product","2":"type-product","3":"status-publish","4":"has-post-thumbnail","6":"product_cat-altres","7":"product_cat-otros","9":"first","10":"instock","11":"taxable","12":"shipping-taxable","13":"purchasable","14":"product-type-simple"},"acf":{"autor":"ALEGR\u00cdA COLL, I\u00d1AKI","codart":"846173366","libros-coleccion":"FORA DE COL.LECCI\u00d3","ediciones":"1","encuadernacion":"R\u00fastica","fecha_de_publicacion":"01\/12\/2014","novedad":"0","paginas":"100","subtitulo":"","orden":"999","portada":"0","idioma":"spa","editorial":[{"ID":6134,"post_author":"3","post_date":"2022-07-28 17:45:37","post_date_gmt":"2022-07-28 15:45:37","post_content":"","post_title":"AUTOR - EDITOR","post_excerpt":"","post_status":"publish","comment_status":"closed","ping_status":"closed","post_password":"","post_name":"autor-editor","to_ping":"","pinged":"","post_modified":"2022-07-28 17:45:37","post_modified_gmt":"2022-07-28 15:45:37","post_content_filtered":"","post_parent":0,"guid":"http:\/\/dev.claret.cat\/editorial\/autor-editor\/","menu_order":0,"post_type":"editorial","post_mime_type":"","comment_count":"0","filter":"raw"}],"autores-libros":[{"ID":157947,"post_author":"3","post_date":"2022-10-14 15:32:55","post_date_gmt":"2022-10-14 13:32:55","post_content":"","post_title":"I\u00d1AKI ALEGR\u00cdA COLL","post_excerpt":"","post_status":"publish","comment_status":"closed","ping_status":"closed","post_password":"","post_name":"inaki-alegria-coll","to_ping":"","pinged":"","post_modified":"2022-10-14 15:32:55","post_modified_gmt":"2022-10-14 13:32:55","post_content_filtered":"","post_parent":0,"guid":"http:\/\/dev.claret.cat\/autor\/inaki-alegria-coll\/","menu_order":0,"post_type":"autor","post_mime_type":"","comment_count":"0","filter":"raw"}]},"aioseo_notices":[],"_links":{"self":[{"href":"https:\/\/www.claret.cat\/es\/wp-json\/wp\/v2\/product\/256000","targetHints":{"allow":["GET"]}}],"collection":[{"href":"https:\/\/www.claret.cat\/es\/wp-json\/wp\/v2\/product"}],"about":[{"href":"https:\/\/www.claret.cat\/es\/wp-json\/wp\/v2\/types\/product"}],"wp:featuredmedia":[{"embeddable":true,"href":"https:\/\/www.claret.cat\/es\/wp-json\/wp\/v2\/media\/370390"}],"wp:attachment":[{"href":"https:\/\/www.claret.cat\/es\/wp-json\/wp\/v2\/media?parent=256000"}],"wp:term":[{"taxonomy":"product_brand","embeddable":true,"href":"https:\/\/www.claret.cat\/es\/wp-json\/wp\/v2\/product_brand?post=256000"},{"taxonomy":"product_cat","embeddable":true,"href":"https:\/\/www.claret.cat\/es\/wp-json\/wp\/v2\/product_cat?post=256000"},{"taxonomy":"product_tag","embeddable":true,"href":"https:\/\/www.claret.cat\/es\/wp-json\/wp\/v2\/product_tag?post=256000"}],"curies":[{"name":"wp","href":"https:\/\/api.w.org\/{rel}","templated":true}]}}