{"id":256035,"date":"2022-10-21T11:37:59","date_gmt":"2022-10-21T09:37:59","guid":{"rendered":"http:\/\/dev.claret.cat\/producte\/construye-tu-barco-pirata\/"},"modified":"2023-01-28T11:24:20","modified_gmt":"2023-01-28T10:24:20","slug":"construye-tu-barco-pirata-9788497547512","status":"publish","type":"product","link":"https:\/\/www.claret.cat\/es\/libro\/construye-tu-barco-pirata-9788497547512\/","title":{"rendered":"CONSTRUYE TU BARCO PIRATA"},"content":{"rendered":"<p>Gracias a esta caja vivir\u00e1s una gran aventura de la mano de tus nuevos amigos, los piratas m\u00e1s malvados, divertidos y andrajoso de la historia, y podr\u00e1s montar y pintar tu propio barco pirata de madera. Lee: En este libro encontrar\u00e1s toda la informaci\u00f3n sobre la historia de la pirater\u00eda, los piratas m\u00e1s temibles, sus banderas, sus barcos y un mont\u00f3n de divertidas curiosidades. Construye: Extrae las piezas y sigue las sencillas instrucciones paso a paso para obtener un precioso barco de madera. Pinta: Con las pinturas y el pincel incluidos en esta caja, podr\u00e1s dar color a tu barco para personalizarlo a tu gusto.<\/p>\n","protected":false},"excerpt":{"rendered":"<p>AA. VV.<\/p>\n","protected":false},"featured_media":256036,"template":"","meta":{"_acf_changed":false,"om_disable_all_campaigns":false,"rs_blank_template":"","rs_page_bg_color":"","slide_template_v7":"","inline_featured_image":false,"_monsterinsights_skip_tracking":false,"_monsterinsights_sitenote_active":false,"_monsterinsights_sitenote_note":"","_monsterinsights_sitenote_category":0},"product_brand":[],"product_cat":[16],"product_tag":[],"class_list":{"0":"post-256035","1":"product","2":"type-product","3":"status-publish","4":"has-post-thumbnail","6":"product_cat-sense-categoria","8":"first","9":"instock","10":"taxable","11":"shipping-taxable","12":"purchasable","13":"product-type-simple"},"acf":{"autor":"AA. VV.","codart":"849754751","libros-coleccion":"FORA DE COL.LECCI\u00d3","ediciones":"1","encuadernacion":"Carpeta","fecha_de_publicacion":"24\/11\/2014","novedad":"0","paginas":"28","subtitulo":"","orden":"999","portada":"0","idioma":"spa","autores-libros":[{"ID":5197,"post_author":"3","post_date":"2022-07-28 17:16:51","post_date_gmt":"2022-07-28 15:16:51","post_content":"","post_title":"AA. VV.","post_excerpt":"","post_status":"publish","comment_status":"closed","ping_status":"closed","post_password":"","post_name":"aa-vv","to_ping":"","pinged":"","post_modified":"2022-07-28 17:16:51","post_modified_gmt":"2022-07-28 15:16:51","post_content_filtered":"","post_parent":0,"guid":"http:\/\/dev.claret.cat\/autor\/aa-vv\/","menu_order":0,"post_type":"autor","post_mime_type":"","comment_count":"0","filter":"raw"}]},"aioseo_notices":[],"_links":{"self":[{"href":"https:\/\/www.claret.cat\/es\/wp-json\/wp\/v2\/product\/256035","targetHints":{"allow":["GET"]}}],"collection":[{"href":"https:\/\/www.claret.cat\/es\/wp-json\/wp\/v2\/product"}],"about":[{"href":"https:\/\/www.claret.cat\/es\/wp-json\/wp\/v2\/types\/product"}],"wp:featuredmedia":[{"embeddable":true,"href":"https:\/\/www.claret.cat\/es\/wp-json\/wp\/v2\/media\/256036"}],"wp:attachment":[{"href":"https:\/\/www.claret.cat\/es\/wp-json\/wp\/v2\/media?parent=256035"}],"wp:term":[{"taxonomy":"product_brand","embeddable":true,"href":"https:\/\/www.claret.cat\/es\/wp-json\/wp\/v2\/product_brand?post=256035"},{"taxonomy":"product_cat","embeddable":true,"href":"https:\/\/www.claret.cat\/es\/wp-json\/wp\/v2\/product_cat?post=256035"},{"taxonomy":"product_tag","embeddable":true,"href":"https:\/\/www.claret.cat\/es\/wp-json\/wp\/v2\/product_tag?post=256035"}],"curies":[{"name":"wp","href":"https:\/\/api.w.org\/{rel}","templated":true}]}}