{"id":25604,"date":"2022-10-02T10:32:39","date_gmt":"2022-10-02T08:32:39","guid":{"rendered":"http:\/\/dev.claret.cat\/producte\/neurociencias-y-espiritu-abiertos-a-una-vida-eterna\/"},"modified":"2026-03-23T16:41:28","modified_gmt":"2026-03-23T15:41:28","slug":"neurociencias-y-espiritu-abiertos-a-una-vida-eterna-9788499452647","status":"publish","type":"product","link":"https:\/\/www.claret.cat\/es\/libro\/neurociencias-y-espiritu-abiertos-a-una-vida-eterna-9788499452647\/","title":{"rendered":"NEUROCIENCIAS Y ESP\u00cdRITU: \u00bfABIERTOS A UNA VIDA ETERNA?"},"content":{"rendered":"<p>Ante los resultados de las neurociencias, nos podemos preguntar cu\u00e1les son los valores y cu\u00e1les los l\u00edmites del estudio sobre el funcionamiento del cerebro. \u00bfLos procesos electroqu\u00edmicos que existen entre las neuronas pueden explicar la realidad constitutiva del \u201cyo\u201d personal, de la propia conciencia, de la creatividad intelectual y art\u00edstica de los seres humanos? \u00bfDeber\u00edamos llegar a la conclusi\u00f3n de que la persona humana es simplemente una m\u00e1quina f\u00edsica? \u00bfEl libre albedr\u00edo es una ilusi\u00f3n y la explicaci\u00f3n neurocient\u00edfica exime de la responsabilidad de la culpa? \u00bfNo tenemos la capacidad de decidir libremente sobre lo que es razonable o err\u00f3neo, sobre lo que es bueno o malo? Tras valorar los progresos de las \u00faltimas investigaciones, se deben precisar claramente los l\u00edmites que se deducen de los resultados de las neurociencias y mostrar las dimensiones humanas que no tienen explicaci\u00f3n f\u00edsica y, por tanto, quedan abiertas al \u201ccosmos\u201d espiritual.<\/p>\n","protected":false},"excerpt":{"rendered":"<p>TRAGAN, PIUS-RAM\u00d3N<\/p>\n","protected":false},"featured_media":1092007,"template":"","meta":{"_acf_changed":false,"om_disable_all_campaigns":false,"rs_blank_template":"","rs_page_bg_color":"","slide_template_v7":"","inline_featured_image":false,"_monsterinsights_skip_tracking":false,"_monsterinsights_sitenote_active":false,"_monsterinsights_sitenote_note":"","_monsterinsights_sitenote_category":0},"product_brand":[],"product_cat":[90,540],"product_tag":[],"class_list":{"0":"post-25604","1":"product","2":"type-product","3":"status-publish","4":"has-post-thumbnail","6":"product_cat-altres","7":"product_cat-otros","9":"first","10":"instock","11":"taxable","12":"shipping-taxable","13":"purchasable","14":"product-type-simple"},"acf":{"autor":"TRAGAN, PIUS-RAM\u00d3N","codart":"849945264","libros-coleccion":"","ediciones":"1","encuadernacion":"R\u00fastica","fecha_de_publicacion":"09\/02\/2012","novedad":"0","paginas":"259","subtitulo":"ACTAS DE LAS X JORNADAS UNIVERSITARIAS DE CULTURA HUMAN\u00cdSTICA EN MONTSERRAT","orden":"999","portada":"0","idioma":"spa","editorial":[{"ID":6390,"post_author":"3","post_date":"2022-07-28 17:51:08","post_date_gmt":"2022-07-28 15:51:08","post_content":"","post_title":"VERBO DIVINO","post_excerpt":"","post_status":"publish","comment_status":"closed","ping_status":"closed","post_password":"","post_name":"verbo-divino","to_ping":"","pinged":"","post_modified":"2022-07-28 17:51:08","post_modified_gmt":"2022-07-28 15:51:08","post_content_filtered":"","post_parent":0,"guid":"http:\/\/dev.claret.cat\/editorial\/verbo-divino\/","menu_order":0,"post_type":"editorial","post_mime_type":"","comment_count":"0","filter":"raw"}],"autores-libros":[{"ID":167362,"post_author":"3","post_date":"2022-10-14 18:10:36","post_date_gmt":"2022-10-14 16:10:36","post_content":"","post_title":"PIUS-RAMON TRAGAN","post_excerpt":"","post_status":"publish","comment_status":"closed","ping_status":"closed","post_password":"","post_name":"pius-ramon-tragan","to_ping":"","pinged":"","post_modified":"2022-10-14 18:10:36","post_modified_gmt":"2022-10-14 16:10:36","post_content_filtered":"","post_parent":0,"guid":"http:\/\/dev.claret.cat\/autor\/pius-ramon-tragan\/","menu_order":0,"post_type":"autor","post_mime_type":"","comment_count":"0","filter":"raw"}],"booktrailer":"","resenas":""},"aioseo_notices":[],"_links":{"self":[{"href":"https:\/\/www.claret.cat\/es\/wp-json\/wp\/v2\/product\/25604","targetHints":{"allow":["GET"]}}],"collection":[{"href":"https:\/\/www.claret.cat\/es\/wp-json\/wp\/v2\/product"}],"about":[{"href":"https:\/\/www.claret.cat\/es\/wp-json\/wp\/v2\/types\/product"}],"wp:featuredmedia":[{"embeddable":true,"href":"https:\/\/www.claret.cat\/es\/wp-json\/wp\/v2\/media\/1092007"}],"wp:attachment":[{"href":"https:\/\/www.claret.cat\/es\/wp-json\/wp\/v2\/media?parent=25604"}],"wp:term":[{"taxonomy":"product_brand","embeddable":true,"href":"https:\/\/www.claret.cat\/es\/wp-json\/wp\/v2\/product_brand?post=25604"},{"taxonomy":"product_cat","embeddable":true,"href":"https:\/\/www.claret.cat\/es\/wp-json\/wp\/v2\/product_cat?post=25604"},{"taxonomy":"product_tag","embeddable":true,"href":"https:\/\/www.claret.cat\/es\/wp-json\/wp\/v2\/product_tag?post=25604"}],"curies":[{"name":"wp","href":"https:\/\/api.w.org\/{rel}","templated":true}]}}