{"id":256198,"date":"2022-10-21T11:41:41","date_gmt":"2022-10-21T09:41:41","guid":{"rendered":"http:\/\/dev.claret.cat\/producte\/feliz-30-cumpleanos\/"},"modified":"2023-01-28T17:39:04","modified_gmt":"2023-01-28T16:39:04","slug":"feliz-30-cumpleanos-9788490680209","status":"publish","type":"product","link":"https:\/\/www.claret.cat\/es\/libro\/feliz-30-cumpleanos-9788490680209\/","title":{"rendered":"\u00a1FELIZ 30 CUMPLEA\u00d1OS!"},"content":{"rendered":"<p>&#8221;Rock  n  Roll, Baby! Con 30 por fin realmente crecido (sin duda), pero aun incre\u00edblemente joven. Todo est\u00e1 todav\u00eda por delante de ti, \u00a1ahora comienza la vida real! Disfrute al m\u00e1ximo&#8230;&#8221;<\/p>\n","protected":false},"excerpt":{"rendered":"<p>GROH<\/p>\n","protected":false},"featured_media":256199,"template":"","meta":{"_acf_changed":false,"om_disable_all_campaigns":false,"rs_blank_template":"","rs_page_bg_color":"","slide_template_v7":"","inline_featured_image":false,"_monsterinsights_skip_tracking":false,"_monsterinsights_sitenote_active":false,"_monsterinsights_sitenote_note":"","_monsterinsights_sitenote_category":0},"product_brand":[],"product_cat":[16],"product_tag":[],"class_list":{"0":"post-256198","1":"product","2":"type-product","3":"status-publish","4":"has-post-thumbnail","6":"product_cat-sense-categoria","8":"first","9":"instock","10":"taxable","11":"shipping-taxable","12":"purchasable","13":"product-type-simple"},"acf":{"autor":"GROH","codart":"849068020","libros-coleccion":"","ediciones":"1","encuadernacion":"Carton\u00e9","fecha_de_publicacion":"01\/11\/2014","novedad":"0","paginas":"40","subtitulo":"AHORA VIENE LO MEJOR...","orden":"999","portada":"0","idioma":"spa"},"aioseo_notices":[],"_links":{"self":[{"href":"https:\/\/www.claret.cat\/es\/wp-json\/wp\/v2\/product\/256198","targetHints":{"allow":["GET"]}}],"collection":[{"href":"https:\/\/www.claret.cat\/es\/wp-json\/wp\/v2\/product"}],"about":[{"href":"https:\/\/www.claret.cat\/es\/wp-json\/wp\/v2\/types\/product"}],"wp:featuredmedia":[{"embeddable":true,"href":"https:\/\/www.claret.cat\/es\/wp-json\/wp\/v2\/media\/256199"}],"wp:attachment":[{"href":"https:\/\/www.claret.cat\/es\/wp-json\/wp\/v2\/media?parent=256198"}],"wp:term":[{"taxonomy":"product_brand","embeddable":true,"href":"https:\/\/www.claret.cat\/es\/wp-json\/wp\/v2\/product_brand?post=256198"},{"taxonomy":"product_cat","embeddable":true,"href":"https:\/\/www.claret.cat\/es\/wp-json\/wp\/v2\/product_cat?post=256198"},{"taxonomy":"product_tag","embeddable":true,"href":"https:\/\/www.claret.cat\/es\/wp-json\/wp\/v2\/product_tag?post=256198"}],"curies":[{"name":"wp","href":"https:\/\/api.w.org\/{rel}","templated":true}]}}