{"id":25624,"date":"2022-10-02T10:32:52","date_gmt":"2022-10-02T08:32:52","guid":{"rendered":"http:\/\/dev.claret.cat\/producte\/la-tora-escritos-sobre-el-pentateuco\/"},"modified":"2024-05-22T15:14:24","modified_gmt":"2024-05-22T13:14:24","slug":"la-tora-escritos-sobre-el-pentateuco-9788499452821","status":"publish","type":"product","link":"https:\/\/www.claret.cat\/es\/libro\/la-tora-escritos-sobre-el-pentateuco-9788499452821\/","title":{"rendered":"LA TOR\u00c1. ESCRITOS SOBRE EL PENTATEUCO"},"content":{"rendered":"","protected":false},"excerpt":{"rendered":"<p>GARC\u00cdA L\u00d3PEZ, F\u00c9LIX<\/p>\n","protected":false},"featured_media":0,"template":"","meta":{"_acf_changed":false,"om_disable_all_campaigns":false,"rs_blank_template":"","rs_page_bg_color":"","slide_template_v7":"","inline_featured_image":false,"_monsterinsights_skip_tracking":false,"_monsterinsights_sitenote_active":false,"_monsterinsights_sitenote_note":"","_monsterinsights_sitenote_category":0},"product_brand":[],"product_cat":[90,540],"product_tag":[],"class_list":{"0":"post-25624","1":"product","2":"type-product","3":"status-publish","5":"product_cat-altres","6":"product_cat-otros","8":"first","9":"instock","10":"taxable","11":"shipping-taxable","12":"purchasable","13":"product-type-simple"},"acf":{"autor":"GARC\u00cdA L\u00d3PEZ, F\u00c9LIX","codart":"849945282","libros-coleccion":"","ediciones":"1","encuadernacion":"R\u00fastica","fecha_de_publicacion":"26\/09\/2012","novedad":"0","paginas":"400","subtitulo":"","orden":"999","portada":"0","idioma":"spa","editorial":[{"ID":6390,"post_author":"3","post_date":"2022-07-28 17:51:08","post_date_gmt":"2022-07-28 15:51:08","post_content":"","post_title":"VERBO DIVINO","post_excerpt":"","post_status":"publish","comment_status":"closed","ping_status":"closed","post_password":"","post_name":"verbo-divino","to_ping":"","pinged":"","post_modified":"2022-07-28 17:51:08","post_modified_gmt":"2022-07-28 15:51:08","post_content_filtered":"","post_parent":0,"guid":"http:\/\/dev.claret.cat\/editorial\/verbo-divino\/","menu_order":0,"post_type":"editorial","post_mime_type":"","comment_count":"0","filter":"raw"}],"autores-libros":[{"ID":155729,"post_author":"3","post_date":"2022-10-14 15:15:10","post_date_gmt":"2022-10-14 13:15:10","post_content":"","post_title":"F\u00c9LIX GARC\u00cdA L\u00d3PEZ","post_excerpt":"","post_status":"publish","comment_status":"closed","ping_status":"closed","post_password":"","post_name":"felix-garcia-lopez","to_ping":"","pinged":"","post_modified":"2022-10-14 15:15:10","post_modified_gmt":"2022-10-14 13:15:10","post_content_filtered":"","post_parent":0,"guid":"http:\/\/dev.claret.cat\/autor\/felix-garcia-lopez\/","menu_order":0,"post_type":"autor","post_mime_type":"","comment_count":"0","filter":"raw"}]},"aioseo_notices":[],"_links":{"self":[{"href":"https:\/\/www.claret.cat\/es\/wp-json\/wp\/v2\/product\/25624","targetHints":{"allow":["GET"]}}],"collection":[{"href":"https:\/\/www.claret.cat\/es\/wp-json\/wp\/v2\/product"}],"about":[{"href":"https:\/\/www.claret.cat\/es\/wp-json\/wp\/v2\/types\/product"}],"wp:attachment":[{"href":"https:\/\/www.claret.cat\/es\/wp-json\/wp\/v2\/media?parent=25624"}],"wp:term":[{"taxonomy":"product_brand","embeddable":true,"href":"https:\/\/www.claret.cat\/es\/wp-json\/wp\/v2\/product_brand?post=25624"},{"taxonomy":"product_cat","embeddable":true,"href":"https:\/\/www.claret.cat\/es\/wp-json\/wp\/v2\/product_cat?post=25624"},{"taxonomy":"product_tag","embeddable":true,"href":"https:\/\/www.claret.cat\/es\/wp-json\/wp\/v2\/product_tag?post=25624"}],"curies":[{"name":"wp","href":"https:\/\/api.w.org\/{rel}","templated":true}]}}