{"id":256272,"date":"2022-10-21T11:43:22","date_gmt":"2022-10-21T09:43:22","guid":{"rendered":"http:\/\/dev.claret.cat\/producte\/el-naixement-de-jesus\/"},"modified":"2025-01-31T19:07:29","modified_gmt":"2025-01-31T18:07:29","slug":"el-naixement-de-jesus-9788424651770","status":"publish","type":"product","link":"https:\/\/www.claret.cat\/es\/libro\/el-naixement-de-jesus-9788424651770\/","title":{"rendered":"EL NAIXEMENT DE JES\u00daS"},"content":{"rendered":"<p>Josep i Maria busquen un lloc on passar la nit. A m\u00e9s, Maria est\u00e0 a punt de donar a llum. Ning\u00fa no els d\u00f3na refugi, tots els hostals s\u00f3n plens&#8230; nom\u00e9s hi ha lloc en un petit pessebre, a Betlem. Al cel, un estel assenyala el lloc. Est\u00e0 a punt de n\u00e9ixer Jes\u00fas, el fill de D\u00e9u.<\/p>\n","protected":false},"excerpt":{"rendered":"<p>SANS MESTRE, CRISTINA<\/p>\n","protected":false},"featured_media":256273,"template":"","meta":{"_acf_changed":false,"om_disable_all_campaigns":false,"rs_blank_template":"","rs_page_bg_color":"","slide_template_v7":"","inline_featured_image":false,"_monsterinsights_skip_tracking":false,"_monsterinsights_sitenote_active":false,"_monsterinsights_sitenote_note":"","_monsterinsights_sitenote_category":0},"product_brand":[],"product_cat":[90,540],"product_tag":[],"class_list":{"0":"post-256272","1":"product","2":"type-product","3":"status-publish","4":"has-post-thumbnail","6":"product_cat-altres","7":"product_cat-otros","9":"first","10":"instock","11":"taxable","12":"shipping-taxable","13":"purchasable","14":"product-type-simple"},"acf":{"autor":"SANS MESTRE, CRISTINA","codart":"842465177","libros-coleccion":"","ediciones":"1","encuadernacion":"R\u00fastica","fecha_de_publicacion":"01\/11\/2014","novedad":"0","paginas":"24","subtitulo":"","orden":"999","portada":"0","idioma":"spa","editorial":[{"ID":148189,"post_author":"3","post_date":"2022-10-14 11:56:19","post_date_gmt":"2022-10-14 09:56:19","post_content":"","post_title":"GALERA, EDITORIAL","post_excerpt":"","post_status":"publish","comment_status":"closed","ping_status":"closed","post_password":"","post_name":"galera-editorial","to_ping":"","pinged":"","post_modified":"2022-10-14 11:56:19","post_modified_gmt":"2022-10-14 09:56:19","post_content_filtered":"","post_parent":0,"guid":"http:\/\/dev.claret.cat\/editorial\/galera-editorial\/","menu_order":0,"post_type":"editorial","post_mime_type":"","comment_count":"0","filter":"raw"}],"autores-libros":[{"ID":421550,"post_author":"3","post_date":"2023-05-16 07:00:32","post_date_gmt":"2023-05-16 05:00:32","post_content":"","post_title":"CRISTINA SANS MESTRE","post_excerpt":"","post_status":"publish","comment_status":"closed","ping_status":"closed","post_password":"","post_name":"cristina-sans-mestre","to_ping":"","pinged":"","post_modified":"2023-05-16 07:00:32","post_modified_gmt":"2023-05-16 05:00:32","post_content_filtered":"","post_parent":0,"guid":"https:\/\/www.claret.cat\/autor\/cristina-sans-mestre\/","menu_order":0,"post_type":"autor","post_mime_type":"","comment_count":"0","filter":"raw"}]},"aioseo_notices":[],"_links":{"self":[{"href":"https:\/\/www.claret.cat\/es\/wp-json\/wp\/v2\/product\/256272","targetHints":{"allow":["GET"]}}],"collection":[{"href":"https:\/\/www.claret.cat\/es\/wp-json\/wp\/v2\/product"}],"about":[{"href":"https:\/\/www.claret.cat\/es\/wp-json\/wp\/v2\/types\/product"}],"wp:featuredmedia":[{"embeddable":true,"href":"https:\/\/www.claret.cat\/es\/wp-json\/wp\/v2\/media\/256273"}],"wp:attachment":[{"href":"https:\/\/www.claret.cat\/es\/wp-json\/wp\/v2\/media?parent=256272"}],"wp:term":[{"taxonomy":"product_brand","embeddable":true,"href":"https:\/\/www.claret.cat\/es\/wp-json\/wp\/v2\/product_brand?post=256272"},{"taxonomy":"product_cat","embeddable":true,"href":"https:\/\/www.claret.cat\/es\/wp-json\/wp\/v2\/product_cat?post=256272"},{"taxonomy":"product_tag","embeddable":true,"href":"https:\/\/www.claret.cat\/es\/wp-json\/wp\/v2\/product_tag?post=256272"}],"curies":[{"name":"wp","href":"https:\/\/api.w.org\/{rel}","templated":true}]}}