{"id":256287,"date":"2022-10-21T11:43:42","date_gmt":"2022-10-21T09:43:42","guid":{"rendered":"http:\/\/dev.claret.cat\/producte\/terres-de-lleida-i-serralades-prepirinenques\/"},"modified":"2023-01-28T01:24:48","modified_gmt":"2023-01-28T00:24:48","slug":"terres-de-lleida-i-serralades-prepirinenques-9788490342824","status":"publish","type":"product","link":"https:\/\/www.claret.cat\/es\/libro\/terres-de-lleida-i-serralades-prepirinenques-9788490342824\/","title":{"rendered":"TERRES DE LLEIDA I SERRALADES PREPIRINENQUES"},"content":{"rendered":"<p>En aquesta guia hi trobareu tot el necessari per con\u00e8ixer les Terres de Lleida. Sis comarques conformen un extens territori on, entre camps de fruiters, vinyes i oliveres, s&#8221;amaguen pobles presidits per castells que en altres temps marcaren la frontera entre cristians i sarra\u00efns. Espais naturals recuperats com l&#8221;estany d&#8221;Ivars-Vila-sana conviden a la passejada i l&#8221;observaci\u00f3 d&#8221;aus, igual que els aiguabarreigs del Segre amb el Cinca, amb la Noguera Ribagor\u00e7ana i amb la Noguera Pallaresa. Balaguer, Cervera, les Borges Blanques, Mollerussa, Solsona i T\u00e0rrega, capitals de comarca, ofereixen un recuperat patrimoni monumental amb centres d&#8221;interpretaci\u00f3 que aglutinen des de pintures rupestres fins a ind\u00fastries tradicionals, passant per espais d&#8221;art contemporani. Lleida, presidida pel Tur\u00f3 de la Seu Vella i banyada pel Segre, ha sofert una important transformaci\u00f3 en els darrers anys que l&#8221;ha convertit en una ciutat molt atractiva.<\/p>\n","protected":false},"excerpt":{"rendered":"<p>BASTART I CASS\u00c9, JORDI<\/p>\n","protected":false},"featured_media":319771,"template":"","meta":{"_acf_changed":false,"om_disable_all_campaigns":false,"rs_blank_template":"","rs_page_bg_color":"","slide_template_v7":"","inline_featured_image":false,"_monsterinsights_skip_tracking":false,"_monsterinsights_sitenote_active":false,"_monsterinsights_sitenote_note":"","_monsterinsights_sitenote_category":0},"product_brand":[],"product_cat":[557,107],"product_tag":[],"class_list":{"0":"post-256287","1":"product","2":"type-product","3":"status-publish","4":"has-post-thumbnail","6":"product_cat-guias-de-viaje","7":"product_cat-guies-de-viatge","9":"first","10":"instock","11":"taxable","12":"shipping-taxable","13":"purchasable","14":"product-type-simple"},"acf":{"autor":"BASTART I CASS\u00c9, JORDI","codart":"849034282","libros-coleccion":"","ediciones":"1","encuadernacion":"R\u00fastica","fecha_de_publicacion":"01\/11\/2014","novedad":"0","paginas":"168","subtitulo":"GUIA TUR\u00cdSTICA","orden":"999","portada":"0","idioma":"cat","editorial":[{"ID":6171,"post_author":"3","post_date":"2022-07-28 17:46:25","post_date_gmt":"2022-07-28 15:46:25","post_content":"","post_title":"COSSETANIA EDICIONS","post_excerpt":"","post_status":"publish","comment_status":"closed","ping_status":"closed","post_password":"","post_name":"cossetania-edicions","to_ping":"","pinged":"","post_modified":"2022-07-28 17:46:25","post_modified_gmt":"2022-07-28 15:46:25","post_content_filtered":"","post_parent":0,"guid":"http:\/\/dev.claret.cat\/editorial\/cossetania-edicions\/","menu_order":0,"post_type":"editorial","post_mime_type":"","comment_count":"0","filter":"raw"}],"autores-libros":[{"ID":159827,"post_author":"3","post_date":"2022-10-14 15:48:03","post_date_gmt":"2022-10-14 13:48:03","post_content":"","post_title":"JORDI BASTART I CASS\u00c9","post_excerpt":"","post_status":"publish","comment_status":"closed","ping_status":"closed","post_password":"","post_name":"jordi-bastart-i-casse","to_ping":"","pinged":"","post_modified":"2022-10-14 15:48:03","post_modified_gmt":"2022-10-14 13:48:03","post_content_filtered":"","post_parent":0,"guid":"http:\/\/dev.claret.cat\/autor\/jordi-bastart-i-casse\/","menu_order":0,"post_type":"autor","post_mime_type":"","comment_count":"0","filter":"raw"}]},"aioseo_notices":[],"_links":{"self":[{"href":"https:\/\/www.claret.cat\/es\/wp-json\/wp\/v2\/product\/256287","targetHints":{"allow":["GET"]}}],"collection":[{"href":"https:\/\/www.claret.cat\/es\/wp-json\/wp\/v2\/product"}],"about":[{"href":"https:\/\/www.claret.cat\/es\/wp-json\/wp\/v2\/types\/product"}],"wp:featuredmedia":[{"embeddable":true,"href":"https:\/\/www.claret.cat\/es\/wp-json\/wp\/v2\/media\/319771"}],"wp:attachment":[{"href":"https:\/\/www.claret.cat\/es\/wp-json\/wp\/v2\/media?parent=256287"}],"wp:term":[{"taxonomy":"product_brand","embeddable":true,"href":"https:\/\/www.claret.cat\/es\/wp-json\/wp\/v2\/product_brand?post=256287"},{"taxonomy":"product_cat","embeddable":true,"href":"https:\/\/www.claret.cat\/es\/wp-json\/wp\/v2\/product_cat?post=256287"},{"taxonomy":"product_tag","embeddable":true,"href":"https:\/\/www.claret.cat\/es\/wp-json\/wp\/v2\/product_tag?post=256287"}],"curies":[{"name":"wp","href":"https:\/\/api.w.org\/{rel}","templated":true}]}}