{"id":256318,"date":"2022-10-21T11:44:25","date_gmt":"2022-10-21T09:44:25","guid":{"rendered":"http:\/\/dev.claret.cat\/producte\/nuestro-mundo\/"},"modified":"2024-12-20T11:50:12","modified_gmt":"2024-12-20T10:50:12","slug":"nuestro-mundo-9781409592846","status":"publish","type":"product","link":"https:\/\/www.claret.cat\/es\/libro\/nuestro-mundo-9781409592846\/","title":{"rendered":"NUESTRO MUNDO"},"content":{"rendered":"<p>Descubre el mundo con este libro fascinante. En tu recorrido, llegar\u00e1s al centro de la Tierra, conocer\u00e1s a los habitantes de selvs tropicales, descubrir\u00e1s c\u00f3mo funciona el ciclo del agua y muchas otras cosas interesantes.<\/p>\n","protected":false},"excerpt":{"rendered":"<p>BONE EMILY<\/p>\n","protected":false},"featured_media":256319,"template":"","meta":{"_acf_changed":false,"om_disable_all_campaigns":false,"rs_blank_template":"","rs_page_bg_color":"","slide_template_v7":"","inline_featured_image":false,"_monsterinsights_skip_tracking":false,"_monsterinsights_sitenote_active":false,"_monsterinsights_sitenote_note":"","_monsterinsights_sitenote_category":0},"product_brand":[],"product_cat":[135,365],"product_tag":[],"class_list":{"0":"post-256318","1":"product","2":"type-product","3":"status-publish","4":"has-post-thumbnail","6":"product_cat-entreteniment","7":"product_cat-entretenimientos","9":"first","10":"instock","11":"taxable","12":"shipping-taxable","13":"purchasable","14":"product-type-simple"},"acf":{"autor":"BONE EMILY","codart":"140959284","libros-coleccion":"","ediciones":"1","encuadernacion":"Carton\u00e9","fecha_de_publicacion":"01\/11\/2014","novedad":"0","paginas":"20","subtitulo":"\u00adMIRA DEBAJO!","orden":"999","portada":"0","idioma":"spa","editorial":[{"ID":8272,"post_author":"3","post_date":"2022-09-30 09:21:39","post_date_gmt":"2022-09-30 07:21:39","post_content":"","post_title":"USBORNE PUBLISHING LTD.","post_excerpt":"","post_status":"publish","comment_status":"closed","ping_status":"closed","post_password":"","post_name":"usborne-publishing-ltd","to_ping":"","pinged":"","post_modified":"2022-09-30 09:21:39","post_modified_gmt":"2022-09-30 07:21:39","post_content_filtered":"","post_parent":0,"guid":"http:\/\/dev.claret.cat\/editorial\/usborne-publishing-ltd\/","menu_order":0,"post_type":"editorial","post_mime_type":"","comment_count":"0","filter":"raw"}],"autores-libros":[{"ID":151805,"post_author":"3","post_date":"2022-10-14 14:43:46","post_date_gmt":"2022-10-14 12:43:46","post_content":"","post_title":"BONE EMILY","post_excerpt":"","post_status":"publish","comment_status":"closed","ping_status":"closed","post_password":"","post_name":"bone-emily","to_ping":"","pinged":"","post_modified":"2022-10-14 14:43:46","post_modified_gmt":"2022-10-14 12:43:46","post_content_filtered":"","post_parent":0,"guid":"http:\/\/dev.claret.cat\/autor\/bone-emily\/","menu_order":0,"post_type":"autor","post_mime_type":"","comment_count":"0","filter":"raw"}]},"aioseo_notices":[],"_links":{"self":[{"href":"https:\/\/www.claret.cat\/es\/wp-json\/wp\/v2\/product\/256318","targetHints":{"allow":["GET"]}}],"collection":[{"href":"https:\/\/www.claret.cat\/es\/wp-json\/wp\/v2\/product"}],"about":[{"href":"https:\/\/www.claret.cat\/es\/wp-json\/wp\/v2\/types\/product"}],"wp:featuredmedia":[{"embeddable":true,"href":"https:\/\/www.claret.cat\/es\/wp-json\/wp\/v2\/media\/256319"}],"wp:attachment":[{"href":"https:\/\/www.claret.cat\/es\/wp-json\/wp\/v2\/media?parent=256318"}],"wp:term":[{"taxonomy":"product_brand","embeddable":true,"href":"https:\/\/www.claret.cat\/es\/wp-json\/wp\/v2\/product_brand?post=256318"},{"taxonomy":"product_cat","embeddable":true,"href":"https:\/\/www.claret.cat\/es\/wp-json\/wp\/v2\/product_cat?post=256318"},{"taxonomy":"product_tag","embeddable":true,"href":"https:\/\/www.claret.cat\/es\/wp-json\/wp\/v2\/product_tag?post=256318"}],"curies":[{"name":"wp","href":"https:\/\/api.w.org\/{rel}","templated":true}]}}