{"id":256342,"date":"2022-10-21T11:45:00","date_gmt":"2022-10-21T09:45:00","guid":{"rendered":"http:\/\/dev.claret.cat\/producte\/la-magia-de-la-navidad\/"},"modified":"2023-01-28T18:12:43","modified_gmt":"2023-01-28T17:12:43","slug":"la-magia-de-la-navidad-9781409594734","status":"publish","type":"product","link":"https:\/\/www.claret.cat\/es\/libro\/la-magia-de-la-navidad-9781409594734\/","title":{"rendered":"LA MAGIA DE LA NAVIDAD"},"content":{"rendered":"<p>Un divertido libro lleno de escenas que los ni\u00f1os deber\u00e1n poblar con las pegatinas de las p\u00e1ginas centrales. El texto sencillo complementa a la perfecci\u00f3n las bonitas ilustraciones y sirve de gu\u00eda para colocar las pegatinas<\/p>\n","protected":false},"excerpt":{"rendered":"<p>WATT FIONA<\/p>\n","protected":false},"featured_media":256343,"template":"","meta":{"_acf_changed":false,"om_disable_all_campaigns":false,"rs_blank_template":"","rs_page_bg_color":"","slide_template_v7":"","inline_featured_image":false,"_monsterinsights_skip_tracking":false,"_monsterinsights_sitenote_active":false,"_monsterinsights_sitenote_note":"","_monsterinsights_sitenote_category":0},"product_brand":[],"product_cat":[131],"product_tag":[],"class_list":{"0":"post-256342","1":"product","2":"type-product","3":"status-publish","4":"has-post-thumbnail","6":"product_cat-contes-per-infants-0-6-anys","8":"first","9":"instock","10":"taxable","11":"shipping-taxable","12":"purchasable","13":"product-type-simple"},"acf":{"autor":"WATT FIONA","codart":"140959473","libros-coleccion":"","ediciones":"1","encuadernacion":"Carpeta","fecha_de_publicacion":"01\/11\/2014","novedad":"0","paginas":"30","subtitulo":"LIBRO DE PEGATINAS","orden":"999","portada":"0","idioma":"spa","editorial":[{"ID":8272,"post_author":"3","post_date":"2022-09-30 09:21:39","post_date_gmt":"2022-09-30 07:21:39","post_content":"","post_title":"USBORNE PUBLISHING LTD.","post_excerpt":"","post_status":"publish","comment_status":"closed","ping_status":"closed","post_password":"","post_name":"usborne-publishing-ltd","to_ping":"","pinged":"","post_modified":"2022-09-30 09:21:39","post_modified_gmt":"2022-09-30 07:21:39","post_content_filtered":"","post_parent":0,"guid":"http:\/\/dev.claret.cat\/editorial\/usborne-publishing-ltd\/","menu_order":0,"post_type":"editorial","post_mime_type":"","comment_count":"0","filter":"raw"}],"autores-libros":[{"ID":171243,"post_author":"3","post_date":"2022-10-14 22:41:49","post_date_gmt":"2022-10-14 20:41:49","post_content":"","post_title":"WATT FIONA","post_excerpt":"","post_status":"publish","comment_status":"closed","ping_status":"closed","post_password":"","post_name":"watt-fiona","to_ping":"","pinged":"","post_modified":"2022-10-14 22:41:49","post_modified_gmt":"2022-10-14 20:41:49","post_content_filtered":"","post_parent":0,"guid":"http:\/\/dev.claret.cat\/autor\/watt-fiona\/","menu_order":0,"post_type":"autor","post_mime_type":"","comment_count":"0","filter":"raw"}]},"aioseo_notices":[],"_links":{"self":[{"href":"https:\/\/www.claret.cat\/es\/wp-json\/wp\/v2\/product\/256342","targetHints":{"allow":["GET"]}}],"collection":[{"href":"https:\/\/www.claret.cat\/es\/wp-json\/wp\/v2\/product"}],"about":[{"href":"https:\/\/www.claret.cat\/es\/wp-json\/wp\/v2\/types\/product"}],"wp:featuredmedia":[{"embeddable":true,"href":"https:\/\/www.claret.cat\/es\/wp-json\/wp\/v2\/media\/256343"}],"wp:attachment":[{"href":"https:\/\/www.claret.cat\/es\/wp-json\/wp\/v2\/media?parent=256342"}],"wp:term":[{"taxonomy":"product_brand","embeddable":true,"href":"https:\/\/www.claret.cat\/es\/wp-json\/wp\/v2\/product_brand?post=256342"},{"taxonomy":"product_cat","embeddable":true,"href":"https:\/\/www.claret.cat\/es\/wp-json\/wp\/v2\/product_cat?post=256342"},{"taxonomy":"product_tag","embeddable":true,"href":"https:\/\/www.claret.cat\/es\/wp-json\/wp\/v2\/product_tag?post=256342"}],"curies":[{"name":"wp","href":"https:\/\/api.w.org\/{rel}","templated":true}]}}