{"id":256364,"date":"2022-10-21T11:45:31","date_gmt":"2022-10-21T09:45:31","guid":{"rendered":"http:\/\/dev.claret.cat\/producte\/ana-la-de-alamos-ventosos\/"},"modified":"2023-01-28T10:23:38","modified_gmt":"2023-01-28T09:23:38","slug":"ana-la-de-alamos-ventosos-9788415943242","status":"publish","type":"product","link":"https:\/\/www.claret.cat\/es\/libro\/ana-la-de-alamos-ventosos-9788415943242\/","title":{"rendered":"ANA, LA DE \u00c1LAMOS VENTOSOS"},"content":{"rendered":"<p>Ana deja atr\u00e1s el Redmond College para comenzar con un nuevo empleo y un nuevo cap\u00edtulo de su vida lejos de su amada Tejas Verdes. Mientras Gilbert estudia medicina, ella trabajar\u00e1 como directora de un colegio en Summerside, donde se enfrentar\u00e1 con un nuevo reto, los Pringle, \u00abla Familia Real\u00bb de la ciudad, que muy pronto le har\u00e1n ver que ella no es la persona que esperaban como directora de la escuela. <br \/> Durante su estancia se hospedar\u00e1 en \u00c1lamos Ventosos junto con dos ancianas viudas, la t\u00eda Kate y Chatty, el ama de llaves Rebecca Dew, y su gato, Dusty Miller. Ana deber\u00e1 aprender a relacionarse con los exc\u00e9ntricos habitantes del pueblo para ganarse su simpat\u00eda y encontrar nuevos amigos. Tras muchas peripecias, entre ellas varias bodas, Ana regresar\u00e1 a Avonlea para preparar su propio casamiento con su amado Gilbert. <\/p>\n<p> Ana la de \u00c1lamos Ventosos, cuarto volumen de la colecci\u00f3n de Ana Shirley, contin\u00faa, esta vez en una recreaci\u00f3n del g\u00e9nero epistolar, la narraci\u00f3n de las aventuras de Ana, el extraordinario y tierno personaje creado por Lucy Maud Montgomery, en un retrato de juventud tan c\u00e1lido y apasionado como ingenioso y divertido. Por sus valores sinceros y su b\u00fasqueda de la armon\u00eda, la obra de L. M. Montgomery ha alcanzado la estatura de un cl\u00e1sico de la literatura juvenil.<\/p>\n","protected":false},"excerpt":{"rendered":"<p>MONTGOMERY, LUCY MAUD<\/p>\n","protected":false},"featured_media":277189,"template":"","meta":{"_acf_changed":false,"om_disable_all_campaigns":false,"rs_blank_template":"","rs_page_bg_color":"","slide_template_v7":"","inline_featured_image":false,"_monsterinsights_skip_tracking":false,"_monsterinsights_sitenote_active":false,"_monsterinsights_sitenote_note":"","_monsterinsights_sitenote_category":0},"product_brand":[],"product_cat":[90,540],"product_tag":[],"class_list":{"0":"post-256364","1":"product","2":"type-product","3":"status-publish","4":"has-post-thumbnail","6":"product_cat-altres","7":"product_cat-otros","9":"first","10":"instock","11":"taxable","12":"shipping-taxable","13":"purchasable","14":"product-type-simple"},"acf":{"autor":"MONTGOMERY, LUCY MAUD","codart":"841594324","libros-coleccion":"","ediciones":"1","encuadernacion":"R\u00fastica","fecha_de_publicacion":"01\/11\/2014","novedad":"0","paginas":"352","subtitulo":"","orden":"999","portada":"0","idioma":"spa","autores-libros":[{"ID":162631,"post_author":"3","post_date":"2022-10-14 17:32:33","post_date_gmt":"2022-10-14 15:32:33","post_content":"","post_title":"LUCY MAUD MONTGOMERY","post_excerpt":"","post_status":"publish","comment_status":"closed","ping_status":"closed","post_password":"","post_name":"lucy-maud-montgomery","to_ping":"","pinged":"","post_modified":"2022-10-14 17:32:33","post_modified_gmt":"2022-10-14 15:32:33","post_content_filtered":"","post_parent":0,"guid":"http:\/\/dev.claret.cat\/autor\/lucy-maud-montgomery\/","menu_order":0,"post_type":"autor","post_mime_type":"","comment_count":"0","filter":"raw"}],"editorial":[{"ID":262523,"post_author":"3","post_date":"2022-10-24 11:25:29","post_date_gmt":"2022-10-24 09:25:29","post_content":"","post_title":"TOROMITICO","post_excerpt":"","post_status":"publish","comment_status":"closed","ping_status":"closed","post_password":"","post_name":"toromitico","to_ping":"","pinged":"","post_modified":"2022-10-24 11:25:29","post_modified_gmt":"2022-10-24 09:25:29","post_content_filtered":"","post_parent":0,"guid":"http:\/\/dev.claret.cat\/editorial\/toromitico\/","menu_order":0,"post_type":"editorial","post_mime_type":"","comment_count":"0","filter":"raw"}]},"aioseo_notices":[],"_links":{"self":[{"href":"https:\/\/www.claret.cat\/es\/wp-json\/wp\/v2\/product\/256364","targetHints":{"allow":["GET"]}}],"collection":[{"href":"https:\/\/www.claret.cat\/es\/wp-json\/wp\/v2\/product"}],"about":[{"href":"https:\/\/www.claret.cat\/es\/wp-json\/wp\/v2\/types\/product"}],"wp:featuredmedia":[{"embeddable":true,"href":"https:\/\/www.claret.cat\/es\/wp-json\/wp\/v2\/media\/277189"}],"wp:attachment":[{"href":"https:\/\/www.claret.cat\/es\/wp-json\/wp\/v2\/media?parent=256364"}],"wp:term":[{"taxonomy":"product_brand","embeddable":true,"href":"https:\/\/www.claret.cat\/es\/wp-json\/wp\/v2\/product_brand?post=256364"},{"taxonomy":"product_cat","embeddable":true,"href":"https:\/\/www.claret.cat\/es\/wp-json\/wp\/v2\/product_cat?post=256364"},{"taxonomy":"product_tag","embeddable":true,"href":"https:\/\/www.claret.cat\/es\/wp-json\/wp\/v2\/product_tag?post=256364"}],"curies":[{"name":"wp","href":"https:\/\/api.w.org\/{rel}","templated":true}]}}